{"id":2453,"date":"2017-11-13T17:26:48","date_gmt":"2017-11-13T14:26:48","guid":{"rendered":"http:\/\/www.cimuka.com\/bildircin-yetistiriciligi"},"modified":"2023-04-27T14:38:43","modified_gmt":"2023-04-27T11:38:43","slug":"quail-breeding","status":"publish","type":"page","link":"https:\/\/www.cimuka.com\/en\/quail-breeding","title":{"rendered":"Quail Breeding"},"content":{"rendered":"<p><span class=\"Firma\"><a href=\"http:\/\/www.cimuka.com\/wp-content\/uploads\/2017\/11\/bildircin-yetistiriciligi-icsayfa.jpg\"><img loading=\"lazy\" decoding=\"async\" class=\"alignleft size-medium wp-image-644\" src=\"http:\/\/www.cimuka.com\/wp-content\/uploads\/2017\/11\/bildircin-yetistiriciligi-icsayfa-300x300.jpg\" alt=\"\" width=\"300\" height=\"300\" srcset=\"https:\/\/www.cimuka.com\/wp-content\/uploads\/2017\/11\/bildircin-yetistiriciligi-icsayfa-300x300.jpg 300w, https:\/\/www.cimuka.com\/wp-content\/uploads\/2017\/11\/bildircin-yetistiriciligi-icsayfa-500x500.jpg 500w, https:\/\/www.cimuka.com\/wp-content\/uploads\/2017\/11\/bildircin-yetistiriciligi-icsayfa-150x150.jpg 150w, https:\/\/www.cimuka.com\/wp-content\/uploads\/2017\/11\/bildircin-yetistiriciligi-icsayfa-146x146.jpg 146w, https:\/\/www.cimuka.com\/wp-content\/uploads\/2017\/11\/bildircin-yetistiriciligi-icsayfa-50x50.jpg 50w, https:\/\/www.cimuka.com\/wp-content\/uploads\/2017\/11\/bildircin-yetistiriciligi-icsayfa-75x75.jpg 75w, https:\/\/www.cimuka.com\/wp-content\/uploads\/2017\/11\/bildircin-yetistiriciligi-icsayfa-85x85.jpg 85w, https:\/\/www.cimuka.com\/wp-content\/uploads\/2017\/11\/bildircin-yetistiriciligi-icsayfa-80x80.jpg 80w, https:\/\/www.cimuka.com\/wp-content\/uploads\/2017\/11\/bildircin-yetistiriciligi-icsayfa.jpg 600w\" sizes=\"auto, (max-width:767px) 300px, 300px\" \/><\/a><strong>C\u0130MUKA<\/strong><\/span> is an expert and industry leader company with thousands of meat and egg production farms it has established to date. Everything you will need in quail production with our experience in quail hatching and farming since 1981 and our understanding of quality products and services&#8230;<\/p>\n<p>We offer you turnkey hatcheries for different production capacities, starting from hatchery planning and breeding training.<br \/>\nWith our post-delivery production consultancy service, we are always with you in health, care, feeding and hatching issues.<\/p>\n<p>We offer the most suitable incubation solution to;<\/p>\n<p>&#8211; <strong>hobby and small-scale quail farmers with Prodi<sup>TM\u00a0<\/sup>Series &#8211; Incubator<\/strong> models with a quail egg capacity between 54 &#8211; 1980<br \/>\n&#8211; and <strong>Commercial Series &#8211; Incubator<\/strong> models with a capacity of 1.664 &#8211; 26.208 quail eggs for <strong>medium and large scale<\/strong> quail enterprises.<\/p>\n<p>With the Hatchery Equipment we produce, we meet all the hatchery needs of our customers.<\/p>\n<p><span class=\"Firma\">Cimuka<\/span> produces <strong>Comfortplast<sup>TM\u00a0<\/sup>Cages Systems\u00a0<\/strong> for quail meat and egg enterprises and hobby farmers. Different models of cages are available for quail breeding, depending on their purpose.<\/p>\n<p><strong>\u2022 Quail Chick Raising Cage &#8211; Main Machine &#8211; CB25<br \/>\n\u2022 Quail Breeding Cages &#8211; GL25<br \/>\n\u2022 Quail Breeder and Egg Cages &#8211; BYK<\/strong><\/p>\n<p>Our models respond to different capacities.<\/p>\n<p>Our <strong>i-pluck<sup>TM<\/sup>\u00a0cut-off products<\/strong>, which we offer to commercial enterprises for quail meat production, in order to reduce labor and ensure a healthy and regular meat production;<\/p>\n<p><strong>\u2022 Quail Slaughter Apparatus<br \/>\n\u2022 Quail Feather Soaking Boilers<br \/>\n\u2022 Quail Plucking Machines<\/strong><\/p>\n<p>Our customers can also benefit from our consultancy services on hatchery and breeding related to quail breeding free of charge.<\/p>\n","protected":false},"excerpt":{"rendered":"<p>C\u0130MUKA is an expert and industry leader company with thousands of meat and egg production farms it has established to date. Everything you will need in<span class=\"excerpt-hellip\"> [\u2026]<\/span><\/p>\n","protected":false},"author":1,"featured_media":0,"parent":0,"menu_order":0,"comment_status":"closed","ping_status":"closed","template":"","meta":{"rs_blank_template":"","rs_page_bg_color":"","slide_template_v7":"","footnotes":""},"class_list":["post-2453","page","type-page","status-publish","hentry"],"yoast_head":"<!-- This site is optimized with the Yoast SEO plugin v27.5 - https:\/\/yoast.com\/product\/yoast-seo-wordpress\/ -->\n<title>Quail Breeding - Cimuka Kulu\u00e7ka Makinas\u0131 Garantili Kulu\u00e7ka<\/title>\n<meta name=\"robots\" content=\"index, follow, max-snippet:-1, max-image-preview:large, max-video-preview:-1\" \/>\n<link rel=\"canonical\" href=\"https:\/\/www.cimuka.com\/en\/quail-breeding\" \/>\n<meta property=\"og:locale\" content=\"en_US\" \/>\n<meta property=\"og:type\" content=\"article\" \/>\n<meta property=\"og:title\" content=\"Quail Breeding - Cimuka Kulu\u00e7ka Makinas\u0131 Garantili Kulu\u00e7ka\" \/>\n<meta property=\"og:description\" content=\"C\u0130MUKA is an expert and industry leader company with thousands of meat and egg production farms it has established to date. Everything you will need in [\u2026]\" \/>\n<meta property=\"og:url\" content=\"https:\/\/www.cimuka.com\/en\/quail-breeding\" \/>\n<meta property=\"og:site_name\" content=\"Cimuka Kulu\u00e7ka Makinas\u0131 Garantili Kulu\u00e7ka\" \/>\n<meta property=\"article:modified_time\" content=\"2023-04-27T11:38:43+00:00\" \/>\n<meta property=\"og:image\" content=\"http:\/\/www.cimuka.com\/wp-content\/uploads\/2017\/11\/bildircin-yetistiriciligi-icsayfa-300x300.jpg\" \/>\n<meta name=\"twitter:card\" content=\"summary_large_image\" \/>\n<meta name=\"twitter:label1\" content=\"Est. reading time\" \/>\n\t<meta name=\"twitter:data1\" content=\"2 minutes\" \/>\n<script type=\"application\/ld+json\" class=\"yoast-schema-graph\">{\"@context\":\"https:\\\/\\\/schema.org\",\"@graph\":[{\"@type\":\"WebPage\",\"@id\":\"https:\\\/\\\/www.cimuka.com\\\/en\\\/quail-breeding\",\"url\":\"https:\\\/\\\/www.cimuka.com\\\/en\\\/quail-breeding\",\"name\":\"Quail Breeding - Cimuka Kulu\u00e7ka Makinas\u0131 Garantili Kulu\u00e7ka\",\"isPartOf\":{\"@id\":\"https:\\\/\\\/www.cimuka.com\\\/#website\"},\"primaryImageOfPage\":{\"@id\":\"https:\\\/\\\/www.cimuka.com\\\/en\\\/quail-breeding#primaryimage\"},\"image\":{\"@id\":\"https:\\\/\\\/www.cimuka.com\\\/en\\\/quail-breeding#primaryimage\"},\"thumbnailUrl\":\"http:\\\/\\\/www.cimuka.com\\\/wp-content\\\/uploads\\\/2017\\\/11\\\/bildircin-yetistiriciligi-icsayfa-300x300.jpg\",\"datePublished\":\"2017-11-13T14:26:48+00:00\",\"dateModified\":\"2023-04-27T11:38:43+00:00\",\"breadcrumb\":{\"@id\":\"https:\\\/\\\/www.cimuka.com\\\/en\\\/quail-breeding#breadcrumb\"},\"inLanguage\":\"en-US\",\"potentialAction\":[{\"@type\":\"ReadAction\",\"target\":[\"https:\\\/\\\/www.cimuka.com\\\/en\\\/quail-breeding\"]}]},{\"@type\":\"ImageObject\",\"inLanguage\":\"en-US\",\"@id\":\"https:\\\/\\\/www.cimuka.com\\\/en\\\/quail-breeding#primaryimage\",\"url\":\"http:\\\/\\\/www.cimuka.com\\\/wp-content\\\/uploads\\\/2017\\\/11\\\/bildircin-yetistiriciligi-icsayfa-300x300.jpg\",\"contentUrl\":\"http:\\\/\\\/www.cimuka.com\\\/wp-content\\\/uploads\\\/2017\\\/11\\\/bildircin-yetistiriciligi-icsayfa-300x300.jpg\"},{\"@type\":\"BreadcrumbList\",\"@id\":\"https:\\\/\\\/www.cimuka.com\\\/en\\\/quail-breeding#breadcrumb\",\"itemListElement\":[{\"@type\":\"ListItem\",\"position\":1,\"name\":\"Ana sayfa\",\"item\":\"https:\\\/\\\/www.cimuka.com\\\/en\"},{\"@type\":\"ListItem\",\"position\":2,\"name\":\"Quail Breeding\"}]},{\"@type\":\"WebSite\",\"@id\":\"https:\\\/\\\/www.cimuka.com\\\/#website\",\"url\":\"https:\\\/\\\/www.cimuka.com\\\/\",\"name\":\"Cimuka Kulu\u00e7ka Makinas\u0131 Garantili Kulu\u00e7ka\",\"description\":\"\",\"potentialAction\":[{\"@type\":\"SearchAction\",\"target\":{\"@type\":\"EntryPoint\",\"urlTemplate\":\"https:\\\/\\\/www.cimuka.com\\\/?s={search_term_string}\"},\"query-input\":{\"@type\":\"PropertyValueSpecification\",\"valueRequired\":true,\"valueName\":\"search_term_string\"}}],\"inLanguage\":\"en-US\"}]}<\/script>\n<!-- \/ Yoast SEO plugin. -->","yoast_head_json":{"title":"Quail Breeding - Cimuka Kulu\u00e7ka Makinas\u0131 Garantili Kulu\u00e7ka","robots":{"index":"index","follow":"follow","max-snippet":"max-snippet:-1","max-image-preview":"max-image-preview:large","max-video-preview":"max-video-preview:-1"},"canonical":"https:\/\/www.cimuka.com\/en\/quail-breeding","og_locale":"en_US","og_type":"article","og_title":"Quail Breeding - Cimuka Kulu\u00e7ka Makinas\u0131 Garantili Kulu\u00e7ka","og_description":"C\u0130MUKA is an expert and industry leader company with thousands of meat and egg production farms it has established to date. Everything you will need in [\u2026]","og_url":"https:\/\/www.cimuka.com\/en\/quail-breeding","og_site_name":"Cimuka Kulu\u00e7ka Makinas\u0131 Garantili Kulu\u00e7ka","article_modified_time":"2023-04-27T11:38:43+00:00","og_image":[{"url":"http:\/\/www.cimuka.com\/wp-content\/uploads\/2017\/11\/bildircin-yetistiriciligi-icsayfa-300x300.jpg","type":"","width":"","height":""}],"twitter_card":"summary_large_image","twitter_misc":{"Est. reading time":"2 minutes"},"schema":{"@context":"https:\/\/schema.org","@graph":[{"@type":"WebPage","@id":"https:\/\/www.cimuka.com\/en\/quail-breeding","url":"https:\/\/www.cimuka.com\/en\/quail-breeding","name":"Quail Breeding - Cimuka Kulu\u00e7ka Makinas\u0131 Garantili Kulu\u00e7ka","isPartOf":{"@id":"https:\/\/www.cimuka.com\/#website"},"primaryImageOfPage":{"@id":"https:\/\/www.cimuka.com\/en\/quail-breeding#primaryimage"},"image":{"@id":"https:\/\/www.cimuka.com\/en\/quail-breeding#primaryimage"},"thumbnailUrl":"http:\/\/www.cimuka.com\/wp-content\/uploads\/2017\/11\/bildircin-yetistiriciligi-icsayfa-300x300.jpg","datePublished":"2017-11-13T14:26:48+00:00","dateModified":"2023-04-27T11:38:43+00:00","breadcrumb":{"@id":"https:\/\/www.cimuka.com\/en\/quail-breeding#breadcrumb"},"inLanguage":"en-US","potentialAction":[{"@type":"ReadAction","target":["https:\/\/www.cimuka.com\/en\/quail-breeding"]}]},{"@type":"ImageObject","inLanguage":"en-US","@id":"https:\/\/www.cimuka.com\/en\/quail-breeding#primaryimage","url":"http:\/\/www.cimuka.com\/wp-content\/uploads\/2017\/11\/bildircin-yetistiriciligi-icsayfa-300x300.jpg","contentUrl":"http:\/\/www.cimuka.com\/wp-content\/uploads\/2017\/11\/bildircin-yetistiriciligi-icsayfa-300x300.jpg"},{"@type":"BreadcrumbList","@id":"https:\/\/www.cimuka.com\/en\/quail-breeding#breadcrumb","itemListElement":[{"@type":"ListItem","position":1,"name":"Ana sayfa","item":"https:\/\/www.cimuka.com\/en"},{"@type":"ListItem","position":2,"name":"Quail Breeding"}]},{"@type":"WebSite","@id":"https:\/\/www.cimuka.com\/#website","url":"https:\/\/www.cimuka.com\/","name":"Cimuka Kulu\u00e7ka Makinas\u0131 Garantili Kulu\u00e7ka","description":"","potentialAction":[{"@type":"SearchAction","target":{"@type":"EntryPoint","urlTemplate":"https:\/\/www.cimuka.com\/?s={search_term_string}"},"query-input":{"@type":"PropertyValueSpecification","valueRequired":true,"valueName":"search_term_string"}}],"inLanguage":"en-US"}]}},"_links":{"self":[{"href":"https:\/\/www.cimuka.com\/en\/wp-json\/wp\/v2\/pages\/2453","targetHints":{"allow":["GET"]}}],"collection":[{"href":"https:\/\/www.cimuka.com\/en\/wp-json\/wp\/v2\/pages"}],"about":[{"href":"https:\/\/www.cimuka.com\/en\/wp-json\/wp\/v2\/types\/page"}],"author":[{"embeddable":true,"href":"https:\/\/www.cimuka.com\/en\/wp-json\/wp\/v2\/users\/1"}],"replies":[{"embeddable":true,"href":"https:\/\/www.cimuka.com\/en\/wp-json\/wp\/v2\/comments?post=2453"}],"version-history":[{"count":3,"href":"https:\/\/www.cimuka.com\/en\/wp-json\/wp\/v2\/pages\/2453\/revisions"}],"predecessor-version":[{"id":4638,"href":"https:\/\/www.cimuka.com\/en\/wp-json\/wp\/v2\/pages\/2453\/revisions\/4638"}],"wp:attachment":[{"href":"https:\/\/www.cimuka.com\/en\/wp-json\/wp\/v2\/media?parent=2453"}],"curies":[{"name":"wp","href":"https:\/\/api.w.org\/{rel}","templated":true}]}}