{"id":3049,"date":"2017-11-14T10:35:48","date_gmt":"2017-11-14T07:35:48","guid":{"rendered":"http:\/\/www.cimuka.com\/airroutetm-2"},"modified":"2019-02-08T17:24:31","modified_gmt":"2019-02-08T14:24:31","slug":"airroutetm-2","status":"publish","type":"page","link":"https:\/\/www.cimuka.com\/en\/airroutetm-2","title":{"rendered":"Airroute<sup>TM<\/sup>"},"content":{"rendered":"<p><a href=\"http:\/\/www.cimuka.com\/wp-content\/uploads\/2017\/11\/airroute-icsayfa.jpg\"><img loading=\"lazy\" decoding=\"async\" class=\"alignleft size-medium wp-image-679\" src=\"http:\/\/www.cimuka.com\/wp-content\/uploads\/2017\/11\/airroute-icsayfa-300x300.jpg\" alt=\"\" width=\"300\" height=\"300\" srcset=\"https:\/\/www.cimuka.com\/wp-content\/uploads\/2017\/11\/airroute-icsayfa-300x300.jpg 300w, https:\/\/www.cimuka.com\/wp-content\/uploads\/2017\/11\/airroute-icsayfa-500x500.jpg 500w, https:\/\/www.cimuka.com\/wp-content\/uploads\/2017\/11\/airroute-icsayfa-150x150.jpg 150w, https:\/\/www.cimuka.com\/wp-content\/uploads\/2017\/11\/airroute-icsayfa-146x146.jpg 146w, https:\/\/www.cimuka.com\/wp-content\/uploads\/2017\/11\/airroute-icsayfa-50x50.jpg 50w, https:\/\/www.cimuka.com\/wp-content\/uploads\/2017\/11\/airroute-icsayfa-75x75.jpg 75w, https:\/\/www.cimuka.com\/wp-content\/uploads\/2017\/11\/airroute-icsayfa-85x85.jpg 85w, https:\/\/www.cimuka.com\/wp-content\/uploads\/2017\/11\/airroute-icsayfa-80x80.jpg 80w, https:\/\/www.cimuka.com\/wp-content\/uploads\/2017\/11\/airroute-icsayfa.jpg 600w\" sizes=\"auto, (max-width:767px) 300px, 300px\" \/><\/a><\/p>\n<p>Our patented ventilation technology Airroute \u2122 makes a difference in hatch. It provides optimal temperature and humidity distribution in the cabinet, achieve the highest efficiency with the lowest energy.<\/p>\n<p>We are one step ahead with <strong>AirrouteTM Plus<\/strong> as part of the EcoTECH environmental material and energy efficiency concept that we use in all our products in 2011; higher protection, longer life and incredible energy savings. The <strong>AirrouteTM Plus<\/strong> ventilation systems, which we started to offer in the PD series model in 2015, have also started to be submit in the CT and HB series of incubators by 2016. (01\/2016 all Europe deliveries, 03\/2016 whole world)<\/p>\n<p><strong>AirrouteTM Plus<\/strong> Ventilation products are produced in IP55 (min) protection class for damp and dusty water of the incubator. By providing a standard air cycle at all voltages from 90 to 265w, it eliminates voltage drop based to air distribution problems.<\/p>\n<p>With <strong>AirrouteTM Plus<\/strong> EC technology, ventilation also provides up to 90% energy savings.<\/p>\n<p>With consideration the 7-year average lifetime of the machine, it has a close saving on the total product cost and an environmental reduction in CO2 emissions.<\/p>\n<p>&nbsp;<\/p>\n<table style=\"height: 216px;\">\n<tbody>\n<tr style=\"height: 72px;\">\n<td style=\"height: 96px;\" rowspan=\"2\"><\/td>\n<td style=\"height: 96px;\" rowspan=\"2\" align=\"center\">Standard Market<br \/>\nModels<\/td>\n<td style=\"height: 96px;\" rowspan=\"2\" align=\"center\">Cimuka<br \/>\nAirrouteTM Plus<\/td>\n<td style=\"height: 96px;\" rowspan=\"2\" align=\"center\">Enerji Difference<br \/>\nW (max)<\/td>\n<td style=\"height: 72px;\" colspan=\"2\" align=\"center\">Energy Saving<br \/>\n(KW)<\/td>\n<td style=\"height: 72px;\" colspan=\"2\" align=\"center\">Enerji Saving<br \/>\n(TL)<\/td>\n<td style=\"height: 72px;\" colspan=\"2\" align=\"center\">CO2 Absorption Reduction<br \/>\n(kg)<\/td>\n<\/tr>\n<tr style=\"height: 24px;\">\n<td style=\"height: 24px;\">Year<\/td>\n<td style=\"height: 24px;\">7 Year<\/td>\n<td style=\"height: 24px;\">Year<\/td>\n<td style=\"height: 24px;\">7 Year<\/td>\n<td style=\"height: 24px;\">Year<\/td>\n<td style=\"height: 24px;\">7 Year<\/td>\n<\/tr>\n<tr style=\"height: 24px;\">\n<td style=\"height: 24px;\" align=\"center\">10-60 eggs<\/td>\n<td style=\"height: 24px;\" align=\"center\">14-25 W<\/td>\n<td style=\"height: 24px;\" align=\"center\">PD series &#8211; 2W<\/td>\n<td style=\"height: 24px;\" align=\"center\">23<\/td>\n<td style=\"height: 24px;\" align=\"center\">201<\/td>\n<td style=\"height: 24px;\" align=\"center\">1410<\/td>\n<td style=\"height: 24px;\" align=\"center\"><strong>87<\/strong><\/td>\n<td style=\"height: 24px;\" align=\"center\"><strong>606<\/strong><\/td>\n<td style=\"height: 24px;\" align=\"center\"><strong>106<\/strong><\/td>\n<td style=\"height: 24px;\" align=\"center\"><strong>743<\/strong><\/td>\n<\/tr>\n<tr style=\"height: 48px;\">\n<td style=\"height: 48px;\" align=\"center\">60-180 eggs<\/td>\n<td style=\"height: 48px;\" align=\"center\">25-60 W<\/td>\n<td style=\"height: 48px;\" align=\"center\">CT series &#8211; 3,5W<\/td>\n<td style=\"height: 48px;\" align=\"center\">56,5<\/td>\n<td style=\"height: 48px;\" align=\"center\">495<\/td>\n<td style=\"height: 48px;\" align=\"center\">3465<\/td>\n<td style=\"height: 48px;\" align=\"center\"><strong>213<\/strong><\/td>\n<td style=\"height: 48px;\" align=\"center\"><strong>1.490<\/strong><\/td>\n<td style=\"height: 48px;\" align=\"center\"><strong>261<\/strong><\/td>\n<td style=\"height: 48px;\" align=\"center\"><strong>1826<\/strong><\/td>\n<\/tr>\n<tr style=\"height: 48px;\">\n<td style=\"height: 48px;\" align=\"center\">175-500 eggs<\/td>\n<td style=\"height: 48px;\" align=\"center\">50W &#8211; 85 W<\/td>\n<td style=\"height: 48px;\" align=\"center\">Hb series &#8211; 5W<\/td>\n<td style=\"height: 48px;\" align=\"center\">80<\/td>\n<td style=\"height: 48px;\" align=\"center\">701<\/td>\n<td style=\"height: 48px;\" align=\"center\">4906<\/td>\n<td style=\"height: 48px;\" align=\"center\"><strong>301<\/strong><\/td>\n<td style=\"height: 48px;\" align=\"center\"><strong>2.109<\/strong><\/td>\n<td style=\"height: 48px;\" align=\"center\"><strong>369<\/strong><\/td>\n<td style=\"height: 48px;\" align=\"center\"><strong>2585<\/strong><\/td>\n<\/tr>\n<\/tbody>\n<\/table>\n<div>*For Turkey 2016, 1 KWh cost is calculated as 0,43 TL.<\/div>\n<div>*The CO2 emission factor is calculated as 0,527 kg\/KWh.<\/div>\n","protected":false},"excerpt":{"rendered":"<p>Our patented ventilation technology Airroute \u2122 makes a difference in hatch. It provides optimal temperature and humidity distribution in the cabinet, achieve the highest efficiency with<span class=\"excerpt-hellip\"> [\u2026]<\/span><\/p>\n","protected":false},"author":1,"featured_media":0,"parent":0,"menu_order":0,"comment_status":"closed","ping_status":"closed","template":"","meta":{"rs_blank_template":"","rs_page_bg_color":"","slide_template_v7":"","footnotes":""},"class_list":["post-3049","page","type-page","status-publish","hentry"],"yoast_head":"<!-- This site is optimized with the Yoast SEO plugin v27.5 - https:\/\/yoast.com\/product\/yoast-seo-wordpress\/ -->\n<title>AirrouteTM - Cimuka Kulu\u00e7ka Makinas\u0131 Garantili Kulu\u00e7ka<\/title>\n<meta name=\"description\" content=\"Airroute TM kulu\u00e7kada fark yarat\u0131r. Kabin i\u00e7i s\u0131cakl\u0131k ve nem da\u011f\u0131l\u0131m\u0131n\u0131 en iyi \u015fekilde sa\u011flayarak en y\u00fcksek rand\u0131mana en d\u00fc\u015f\u00fck enerji\" \/>\n<meta name=\"robots\" content=\"index, follow, max-snippet:-1, max-image-preview:large, max-video-preview:-1\" \/>\n<link rel=\"canonical\" href=\"https:\/\/www.cimuka.com\/en\/airroutetm-2\" \/>\n<meta property=\"og:locale\" content=\"en_US\" \/>\n<meta property=\"og:type\" content=\"article\" \/>\n<meta property=\"og:title\" content=\"AirrouteTM - Cimuka Kulu\u00e7ka Makinas\u0131 Garantili Kulu\u00e7ka\" \/>\n<meta property=\"og:description\" content=\"Airroute TM kulu\u00e7kada fark yarat\u0131r. Kabin i\u00e7i s\u0131cakl\u0131k ve nem da\u011f\u0131l\u0131m\u0131n\u0131 en iyi \u015fekilde sa\u011flayarak en y\u00fcksek rand\u0131mana en d\u00fc\u015f\u00fck enerji\" \/>\n<meta property=\"og:url\" content=\"https:\/\/www.cimuka.com\/en\/airroutetm-2\" \/>\n<meta property=\"og:site_name\" content=\"Cimuka Kulu\u00e7ka Makinas\u0131 Garantili Kulu\u00e7ka\" \/>\n<meta property=\"article:modified_time\" content=\"2019-02-08T14:24:31+00:00\" \/>\n<meta property=\"og:image\" content=\"http:\/\/www.cimuka.com\/wp-content\/uploads\/2017\/11\/airroute-icsayfa-300x300.jpg\" \/>\n<meta name=\"twitter:card\" content=\"summary_large_image\" \/>\n<meta name=\"twitter:label1\" content=\"Est. reading time\" \/>\n\t<meta name=\"twitter:data1\" content=\"1 minute\" \/>\n<script type=\"application\/ld+json\" class=\"yoast-schema-graph\">{\"@context\":\"https:\\\/\\\/schema.org\",\"@graph\":[{\"@type\":\"WebPage\",\"@id\":\"https:\\\/\\\/www.cimuka.com\\\/en\\\/airroutetm-2\",\"url\":\"https:\\\/\\\/www.cimuka.com\\\/en\\\/airroutetm-2\",\"name\":\"AirrouteTM - Cimuka Kulu\u00e7ka Makinas\u0131 Garantili Kulu\u00e7ka\",\"isPartOf\":{\"@id\":\"https:\\\/\\\/www.cimuka.com\\\/#website\"},\"primaryImageOfPage\":{\"@id\":\"https:\\\/\\\/www.cimuka.com\\\/en\\\/airroutetm-2#primaryimage\"},\"image\":{\"@id\":\"https:\\\/\\\/www.cimuka.com\\\/en\\\/airroutetm-2#primaryimage\"},\"thumbnailUrl\":\"http:\\\/\\\/www.cimuka.com\\\/wp-content\\\/uploads\\\/2017\\\/11\\\/airroute-icsayfa-300x300.jpg\",\"datePublished\":\"2017-11-14T07:35:48+00:00\",\"dateModified\":\"2019-02-08T14:24:31+00:00\",\"description\":\"Airroute TM kulu\u00e7kada fark yarat\u0131r. Kabin i\u00e7i s\u0131cakl\u0131k ve nem da\u011f\u0131l\u0131m\u0131n\u0131 en iyi \u015fekilde sa\u011flayarak en y\u00fcksek rand\u0131mana en d\u00fc\u015f\u00fck enerji\",\"breadcrumb\":{\"@id\":\"https:\\\/\\\/www.cimuka.com\\\/en\\\/airroutetm-2#breadcrumb\"},\"inLanguage\":\"en-US\",\"potentialAction\":[{\"@type\":\"ReadAction\",\"target\":[\"https:\\\/\\\/www.cimuka.com\\\/en\\\/airroutetm-2\"]}]},{\"@type\":\"ImageObject\",\"inLanguage\":\"en-US\",\"@id\":\"https:\\\/\\\/www.cimuka.com\\\/en\\\/airroutetm-2#primaryimage\",\"url\":\"http:\\\/\\\/www.cimuka.com\\\/wp-content\\\/uploads\\\/2017\\\/11\\\/airroute-icsayfa-300x300.jpg\",\"contentUrl\":\"http:\\\/\\\/www.cimuka.com\\\/wp-content\\\/uploads\\\/2017\\\/11\\\/airroute-icsayfa-300x300.jpg\"},{\"@type\":\"BreadcrumbList\",\"@id\":\"https:\\\/\\\/www.cimuka.com\\\/en\\\/airroutetm-2#breadcrumb\",\"itemListElement\":[{\"@type\":\"ListItem\",\"position\":1,\"name\":\"Ana sayfa\",\"item\":\"https:\\\/\\\/www.cimuka.com\\\/en\"},{\"@type\":\"ListItem\",\"position\":2,\"name\":\"AirrouteTM\"}]},{\"@type\":\"WebSite\",\"@id\":\"https:\\\/\\\/www.cimuka.com\\\/#website\",\"url\":\"https:\\\/\\\/www.cimuka.com\\\/\",\"name\":\"Cimuka Kulu\u00e7ka Makinas\u0131 Garantili Kulu\u00e7ka\",\"description\":\"\",\"potentialAction\":[{\"@type\":\"SearchAction\",\"target\":{\"@type\":\"EntryPoint\",\"urlTemplate\":\"https:\\\/\\\/www.cimuka.com\\\/?s={search_term_string}\"},\"query-input\":{\"@type\":\"PropertyValueSpecification\",\"valueRequired\":true,\"valueName\":\"search_term_string\"}}],\"inLanguage\":\"en-US\"}]}<\/script>\n<!-- \/ Yoast SEO plugin. -->","yoast_head_json":{"title":"AirrouteTM - Cimuka Kulu\u00e7ka Makinas\u0131 Garantili Kulu\u00e7ka","description":"Airroute TM kulu\u00e7kada fark yarat\u0131r. Kabin i\u00e7i s\u0131cakl\u0131k ve nem da\u011f\u0131l\u0131m\u0131n\u0131 en iyi \u015fekilde sa\u011flayarak en y\u00fcksek rand\u0131mana en d\u00fc\u015f\u00fck enerji","robots":{"index":"index","follow":"follow","max-snippet":"max-snippet:-1","max-image-preview":"max-image-preview:large","max-video-preview":"max-video-preview:-1"},"canonical":"https:\/\/www.cimuka.com\/en\/airroutetm-2","og_locale":"en_US","og_type":"article","og_title":"AirrouteTM - Cimuka Kulu\u00e7ka Makinas\u0131 Garantili Kulu\u00e7ka","og_description":"Airroute TM kulu\u00e7kada fark yarat\u0131r. Kabin i\u00e7i s\u0131cakl\u0131k ve nem da\u011f\u0131l\u0131m\u0131n\u0131 en iyi \u015fekilde sa\u011flayarak en y\u00fcksek rand\u0131mana en d\u00fc\u015f\u00fck enerji","og_url":"https:\/\/www.cimuka.com\/en\/airroutetm-2","og_site_name":"Cimuka Kulu\u00e7ka Makinas\u0131 Garantili Kulu\u00e7ka","article_modified_time":"2019-02-08T14:24:31+00:00","og_image":[{"url":"http:\/\/www.cimuka.com\/wp-content\/uploads\/2017\/11\/airroute-icsayfa-300x300.jpg","type":"","width":"","height":""}],"twitter_card":"summary_large_image","twitter_misc":{"Est. reading time":"1 minute"},"schema":{"@context":"https:\/\/schema.org","@graph":[{"@type":"WebPage","@id":"https:\/\/www.cimuka.com\/en\/airroutetm-2","url":"https:\/\/www.cimuka.com\/en\/airroutetm-2","name":"AirrouteTM - Cimuka Kulu\u00e7ka Makinas\u0131 Garantili Kulu\u00e7ka","isPartOf":{"@id":"https:\/\/www.cimuka.com\/#website"},"primaryImageOfPage":{"@id":"https:\/\/www.cimuka.com\/en\/airroutetm-2#primaryimage"},"image":{"@id":"https:\/\/www.cimuka.com\/en\/airroutetm-2#primaryimage"},"thumbnailUrl":"http:\/\/www.cimuka.com\/wp-content\/uploads\/2017\/11\/airroute-icsayfa-300x300.jpg","datePublished":"2017-11-14T07:35:48+00:00","dateModified":"2019-02-08T14:24:31+00:00","description":"Airroute TM kulu\u00e7kada fark yarat\u0131r. Kabin i\u00e7i s\u0131cakl\u0131k ve nem da\u011f\u0131l\u0131m\u0131n\u0131 en iyi \u015fekilde sa\u011flayarak en y\u00fcksek rand\u0131mana en d\u00fc\u015f\u00fck enerji","breadcrumb":{"@id":"https:\/\/www.cimuka.com\/en\/airroutetm-2#breadcrumb"},"inLanguage":"en-US","potentialAction":[{"@type":"ReadAction","target":["https:\/\/www.cimuka.com\/en\/airroutetm-2"]}]},{"@type":"ImageObject","inLanguage":"en-US","@id":"https:\/\/www.cimuka.com\/en\/airroutetm-2#primaryimage","url":"http:\/\/www.cimuka.com\/wp-content\/uploads\/2017\/11\/airroute-icsayfa-300x300.jpg","contentUrl":"http:\/\/www.cimuka.com\/wp-content\/uploads\/2017\/11\/airroute-icsayfa-300x300.jpg"},{"@type":"BreadcrumbList","@id":"https:\/\/www.cimuka.com\/en\/airroutetm-2#breadcrumb","itemListElement":[{"@type":"ListItem","position":1,"name":"Ana sayfa","item":"https:\/\/www.cimuka.com\/en"},{"@type":"ListItem","position":2,"name":"AirrouteTM"}]},{"@type":"WebSite","@id":"https:\/\/www.cimuka.com\/#website","url":"https:\/\/www.cimuka.com\/","name":"Cimuka Kulu\u00e7ka Makinas\u0131 Garantili Kulu\u00e7ka","description":"","potentialAction":[{"@type":"SearchAction","target":{"@type":"EntryPoint","urlTemplate":"https:\/\/www.cimuka.com\/?s={search_term_string}"},"query-input":{"@type":"PropertyValueSpecification","valueRequired":true,"valueName":"search_term_string"}}],"inLanguage":"en-US"}]}},"_links":{"self":[{"href":"https:\/\/www.cimuka.com\/en\/wp-json\/wp\/v2\/pages\/3049","targetHints":{"allow":["GET"]}}],"collection":[{"href":"https:\/\/www.cimuka.com\/en\/wp-json\/wp\/v2\/pages"}],"about":[{"href":"https:\/\/www.cimuka.com\/en\/wp-json\/wp\/v2\/types\/page"}],"author":[{"embeddable":true,"href":"https:\/\/www.cimuka.com\/en\/wp-json\/wp\/v2\/users\/1"}],"replies":[{"embeddable":true,"href":"https:\/\/www.cimuka.com\/en\/wp-json\/wp\/v2\/comments?post=3049"}],"version-history":[{"count":3,"href":"https:\/\/www.cimuka.com\/en\/wp-json\/wp\/v2\/pages\/3049\/revisions"}],"predecessor-version":[{"id":3084,"href":"https:\/\/www.cimuka.com\/en\/wp-json\/wp\/v2\/pages\/3049\/revisions\/3084"}],"wp:attachment":[{"href":"https:\/\/www.cimuka.com\/en\/wp-json\/wp\/v2\/media?parent=3049"}],"curies":[{"name":"wp","href":"https:\/\/api.w.org\/{rel}","templated":true}]}}