{"id":4558,"date":"2017-11-13T17:43:20","date_gmt":"2017-11-13T14:43:20","guid":{"rendered":"https:\/\/www.cimuka.com\/devekusu-yetistiriciligi"},"modified":"2023-05-16T16:00:10","modified_gmt":"2023-05-16T13:00:10","slug":"devekusu-yetistiriciligi","status":"publish","type":"page","link":"https:\/\/www.cimuka.com\/en\/devekusu-yetistiriciligi","title":{"rendered":"Deveku\u015fu Yeti\u015ftiricili\u011fi"},"content":{"rendered":"<p><a href=\"http:\/\/www.cimuka.com\/wp-content\/uploads\/2017\/11\/devekusu-yetistiriciligi-icsayfa.jpg\"><img loading=\"lazy\" decoding=\"async\" class=\"alignleft size-medium wp-image-653\" src=\"http:\/\/www.cimuka.com\/wp-content\/uploads\/2017\/11\/devekusu-yetistiriciligi-icsayfa-300x300.jpg\" alt=\"\" width=\"300\" height=\"300\" srcset=\"https:\/\/www.cimuka.com\/wp-content\/uploads\/2017\/11\/devekusu-yetistiriciligi-icsayfa-300x300.jpg 300w, https:\/\/www.cimuka.com\/wp-content\/uploads\/2017\/11\/devekusu-yetistiriciligi-icsayfa-500x500.jpg 500w, https:\/\/www.cimuka.com\/wp-content\/uploads\/2017\/11\/devekusu-yetistiriciligi-icsayfa-150x150.jpg 150w, https:\/\/www.cimuka.com\/wp-content\/uploads\/2017\/11\/devekusu-yetistiriciligi-icsayfa-146x146.jpg 146w, https:\/\/www.cimuka.com\/wp-content\/uploads\/2017\/11\/devekusu-yetistiriciligi-icsayfa-50x50.jpg 50w, https:\/\/www.cimuka.com\/wp-content\/uploads\/2017\/11\/devekusu-yetistiriciligi-icsayfa-75x75.jpg 75w, https:\/\/www.cimuka.com\/wp-content\/uploads\/2017\/11\/devekusu-yetistiriciligi-icsayfa-85x85.jpg 85w, https:\/\/www.cimuka.com\/wp-content\/uploads\/2017\/11\/devekusu-yetistiriciligi-icsayfa-80x80.jpg 80w, https:\/\/www.cimuka.com\/wp-content\/uploads\/2017\/11\/devekusu-yetistiriciligi-icsayfa.jpg 600w\" sizes=\"auto, (max-width:767px) 300px, 300px\" \/><\/a><strong>Ostrich breeding<\/strong>\u00a0has a feature that requires more sensitive, academic and technical knowledge. For this reason, equipping the equipment used with sensitive devices significantly affects the efficiency in aquaculture. Along with housing, care &#8211; feeding and health protection measures, issues such as collecting, transporting, disinfecting, storing, hatching, and hatching eggs must also be technically fulfilled.<\/p>\n<p><strong>Ostrich hatching<\/strong>\u00a0is done with Incubator Development machines (T \/ S) and Incubation hatching machines (T \/ H). In <span class=\"Firma\">Cimuka<\/span> Incubator Machines, dehumidification modules specially designed for hatching are used to ensure the ideal level of water loss of the egg during the development period.<\/p>\n<p>As Cimuka,<br \/>\nWe offer turnkey hatchery solutions to medium and large scale commercial ostrich enterprises with Commercial Series &#8211; Incubator models with a capacity of 36 &#8211; 180 ostrich eggs.<\/p>\n<p>The final single product value in ostrich hatching is very high. Even a single chick is very important.\u00a0<span class=\"Firma\">Cimuka<\/span>\u00a0also meets all hatchery needs of its customers with the Hatchery Equipment it produces for the preservation of egg quality and the careful disinfection applications.<\/p>\n<p>We share our technical and academic knowledge with you through the more than one hundred ostrich hatching systems we have established so far.<br \/>\n\u2022 High performance of our installed systems,<br \/>\n\u2022 Free hatchery and breeding consultancy we provide to our customers,<br \/>\n\u2022 Pre- and post-delivery trainings; It is an indication of the value we give to our business and our customers.<\/p>\n","protected":false},"excerpt":{"rendered":"<p>Ostrich breeding\u00a0has a feature that requires more sensitive, academic and technical knowledge. For this reason, equipping the equipment used with sensitive devices significantly affects the efficiency<span class=\"excerpt-hellip\"> [\u2026]<\/span><\/p>\n","protected":false},"author":1,"featured_media":0,"parent":0,"menu_order":0,"comment_status":"closed","ping_status":"closed","template":"","meta":{"rs_blank_template":"","rs_page_bg_color":"","slide_template_v7":"","footnotes":""},"class_list":["post-4558","page","type-page","status-publish","hentry"],"yoast_head":"<!-- This site is optimized with the Yoast SEO plugin v27.5 - https:\/\/yoast.com\/product\/yoast-seo-wordpress\/ -->\n<title>Deveku\u015fu Yeti\u015ftiricili\u011fi - Cimuka Kulu\u00e7ka Makinas\u0131 Garantili Kulu\u00e7ka<\/title>\n<meta name=\"robots\" content=\"index, follow, max-snippet:-1, max-image-preview:large, max-video-preview:-1\" \/>\n<link rel=\"canonical\" href=\"https:\/\/www.cimuka.com\/en\/devekusu-yetistiriciligi\" \/>\n<meta property=\"og:locale\" content=\"en_US\" \/>\n<meta property=\"og:type\" content=\"article\" \/>\n<meta property=\"og:title\" content=\"Deveku\u015fu Yeti\u015ftiricili\u011fi - Cimuka Kulu\u00e7ka Makinas\u0131 Garantili Kulu\u00e7ka\" \/>\n<meta property=\"og:description\" content=\"Ostrich breeding\u00a0has a feature that requires more sensitive, academic and technical knowledge. For this reason, equipping the equipment used with sensitive devices significantly affects the efficiency [\u2026]\" \/>\n<meta property=\"og:url\" content=\"https:\/\/www.cimuka.com\/en\/devekusu-yetistiriciligi\" \/>\n<meta property=\"og:site_name\" content=\"Cimuka Kulu\u00e7ka Makinas\u0131 Garantili Kulu\u00e7ka\" \/>\n<meta property=\"article:modified_time\" content=\"2023-05-16T13:00:10+00:00\" \/>\n<meta property=\"og:image\" content=\"http:\/\/www.cimuka.com\/wp-content\/uploads\/2017\/11\/devekusu-yetistiriciligi-icsayfa-300x300.jpg\" \/>\n<meta name=\"twitter:card\" content=\"summary_large_image\" \/>\n<meta name=\"twitter:label1\" content=\"Est. reading time\" \/>\n\t<meta name=\"twitter:data1\" content=\"2 minutes\" \/>\n<script type=\"application\/ld+json\" class=\"yoast-schema-graph\">{\"@context\":\"https:\\\/\\\/schema.org\",\"@graph\":[{\"@type\":\"WebPage\",\"@id\":\"https:\\\/\\\/www.cimuka.com\\\/en\\\/devekusu-yetistiriciligi\",\"url\":\"https:\\\/\\\/www.cimuka.com\\\/en\\\/devekusu-yetistiriciligi\",\"name\":\"Deveku\u015fu Yeti\u015ftiricili\u011fi - Cimuka Kulu\u00e7ka Makinas\u0131 Garantili Kulu\u00e7ka\",\"isPartOf\":{\"@id\":\"https:\\\/\\\/www.cimuka.com\\\/#website\"},\"primaryImageOfPage\":{\"@id\":\"https:\\\/\\\/www.cimuka.com\\\/en\\\/devekusu-yetistiriciligi#primaryimage\"},\"image\":{\"@id\":\"https:\\\/\\\/www.cimuka.com\\\/en\\\/devekusu-yetistiriciligi#primaryimage\"},\"thumbnailUrl\":\"http:\\\/\\\/www.cimuka.com\\\/wp-content\\\/uploads\\\/2017\\\/11\\\/devekusu-yetistiriciligi-icsayfa-300x300.jpg\",\"datePublished\":\"2017-11-13T14:43:20+00:00\",\"dateModified\":\"2023-05-16T13:00:10+00:00\",\"breadcrumb\":{\"@id\":\"https:\\\/\\\/www.cimuka.com\\\/en\\\/devekusu-yetistiriciligi#breadcrumb\"},\"inLanguage\":\"en-US\",\"potentialAction\":[{\"@type\":\"ReadAction\",\"target\":[\"https:\\\/\\\/www.cimuka.com\\\/en\\\/devekusu-yetistiriciligi\"]}]},{\"@type\":\"ImageObject\",\"inLanguage\":\"en-US\",\"@id\":\"https:\\\/\\\/www.cimuka.com\\\/en\\\/devekusu-yetistiriciligi#primaryimage\",\"url\":\"http:\\\/\\\/www.cimuka.com\\\/wp-content\\\/uploads\\\/2017\\\/11\\\/devekusu-yetistiriciligi-icsayfa-300x300.jpg\",\"contentUrl\":\"http:\\\/\\\/www.cimuka.com\\\/wp-content\\\/uploads\\\/2017\\\/11\\\/devekusu-yetistiriciligi-icsayfa-300x300.jpg\"},{\"@type\":\"BreadcrumbList\",\"@id\":\"https:\\\/\\\/www.cimuka.com\\\/en\\\/devekusu-yetistiriciligi#breadcrumb\",\"itemListElement\":[{\"@type\":\"ListItem\",\"position\":1,\"name\":\"Ana sayfa\",\"item\":\"https:\\\/\\\/www.cimuka.com\\\/en\"},{\"@type\":\"ListItem\",\"position\":2,\"name\":\"Deveku\u015fu Yeti\u015ftiricili\u011fi\"}]},{\"@type\":\"WebSite\",\"@id\":\"https:\\\/\\\/www.cimuka.com\\\/#website\",\"url\":\"https:\\\/\\\/www.cimuka.com\\\/\",\"name\":\"Cimuka Kulu\u00e7ka Makinas\u0131 Garantili Kulu\u00e7ka\",\"description\":\"\",\"potentialAction\":[{\"@type\":\"SearchAction\",\"target\":{\"@type\":\"EntryPoint\",\"urlTemplate\":\"https:\\\/\\\/www.cimuka.com\\\/?s={search_term_string}\"},\"query-input\":{\"@type\":\"PropertyValueSpecification\",\"valueRequired\":true,\"valueName\":\"search_term_string\"}}],\"inLanguage\":\"en-US\"}]}<\/script>\n<!-- \/ Yoast SEO plugin. -->","yoast_head_json":{"title":"Deveku\u015fu Yeti\u015ftiricili\u011fi - Cimuka Kulu\u00e7ka Makinas\u0131 Garantili Kulu\u00e7ka","robots":{"index":"index","follow":"follow","max-snippet":"max-snippet:-1","max-image-preview":"max-image-preview:large","max-video-preview":"max-video-preview:-1"},"canonical":"https:\/\/www.cimuka.com\/en\/devekusu-yetistiriciligi","og_locale":"en_US","og_type":"article","og_title":"Deveku\u015fu Yeti\u015ftiricili\u011fi - Cimuka Kulu\u00e7ka Makinas\u0131 Garantili Kulu\u00e7ka","og_description":"Ostrich breeding\u00a0has a feature that requires more sensitive, academic and technical knowledge. For this reason, equipping the equipment used with sensitive devices significantly affects the efficiency [\u2026]","og_url":"https:\/\/www.cimuka.com\/en\/devekusu-yetistiriciligi","og_site_name":"Cimuka Kulu\u00e7ka Makinas\u0131 Garantili Kulu\u00e7ka","article_modified_time":"2023-05-16T13:00:10+00:00","og_image":[{"url":"http:\/\/www.cimuka.com\/wp-content\/uploads\/2017\/11\/devekusu-yetistiriciligi-icsayfa-300x300.jpg","type":"","width":"","height":""}],"twitter_card":"summary_large_image","twitter_misc":{"Est. reading time":"2 minutes"},"schema":{"@context":"https:\/\/schema.org","@graph":[{"@type":"WebPage","@id":"https:\/\/www.cimuka.com\/en\/devekusu-yetistiriciligi","url":"https:\/\/www.cimuka.com\/en\/devekusu-yetistiriciligi","name":"Deveku\u015fu Yeti\u015ftiricili\u011fi - Cimuka Kulu\u00e7ka Makinas\u0131 Garantili Kulu\u00e7ka","isPartOf":{"@id":"https:\/\/www.cimuka.com\/#website"},"primaryImageOfPage":{"@id":"https:\/\/www.cimuka.com\/en\/devekusu-yetistiriciligi#primaryimage"},"image":{"@id":"https:\/\/www.cimuka.com\/en\/devekusu-yetistiriciligi#primaryimage"},"thumbnailUrl":"http:\/\/www.cimuka.com\/wp-content\/uploads\/2017\/11\/devekusu-yetistiriciligi-icsayfa-300x300.jpg","datePublished":"2017-11-13T14:43:20+00:00","dateModified":"2023-05-16T13:00:10+00:00","breadcrumb":{"@id":"https:\/\/www.cimuka.com\/en\/devekusu-yetistiriciligi#breadcrumb"},"inLanguage":"en-US","potentialAction":[{"@type":"ReadAction","target":["https:\/\/www.cimuka.com\/en\/devekusu-yetistiriciligi"]}]},{"@type":"ImageObject","inLanguage":"en-US","@id":"https:\/\/www.cimuka.com\/en\/devekusu-yetistiriciligi#primaryimage","url":"http:\/\/www.cimuka.com\/wp-content\/uploads\/2017\/11\/devekusu-yetistiriciligi-icsayfa-300x300.jpg","contentUrl":"http:\/\/www.cimuka.com\/wp-content\/uploads\/2017\/11\/devekusu-yetistiriciligi-icsayfa-300x300.jpg"},{"@type":"BreadcrumbList","@id":"https:\/\/www.cimuka.com\/en\/devekusu-yetistiriciligi#breadcrumb","itemListElement":[{"@type":"ListItem","position":1,"name":"Ana sayfa","item":"https:\/\/www.cimuka.com\/en"},{"@type":"ListItem","position":2,"name":"Deveku\u015fu Yeti\u015ftiricili\u011fi"}]},{"@type":"WebSite","@id":"https:\/\/www.cimuka.com\/#website","url":"https:\/\/www.cimuka.com\/","name":"Cimuka Kulu\u00e7ka Makinas\u0131 Garantili Kulu\u00e7ka","description":"","potentialAction":[{"@type":"SearchAction","target":{"@type":"EntryPoint","urlTemplate":"https:\/\/www.cimuka.com\/?s={search_term_string}"},"query-input":{"@type":"PropertyValueSpecification","valueRequired":true,"valueName":"search_term_string"}}],"inLanguage":"en-US"}]}},"_links":{"self":[{"href":"https:\/\/www.cimuka.com\/en\/wp-json\/wp\/v2\/pages\/4558","targetHints":{"allow":["GET"]}}],"collection":[{"href":"https:\/\/www.cimuka.com\/en\/wp-json\/wp\/v2\/pages"}],"about":[{"href":"https:\/\/www.cimuka.com\/en\/wp-json\/wp\/v2\/types\/page"}],"author":[{"embeddable":true,"href":"https:\/\/www.cimuka.com\/en\/wp-json\/wp\/v2\/users\/1"}],"replies":[{"embeddable":true,"href":"https:\/\/www.cimuka.com\/en\/wp-json\/wp\/v2\/comments?post=4558"}],"version-history":[{"count":2,"href":"https:\/\/www.cimuka.com\/en\/wp-json\/wp\/v2\/pages\/4558\/revisions"}],"predecessor-version":[{"id":4683,"href":"https:\/\/www.cimuka.com\/en\/wp-json\/wp\/v2\/pages\/4558\/revisions\/4683"}],"wp:attachment":[{"href":"https:\/\/www.cimuka.com\/en\/wp-json\/wp\/v2\/media?parent=4558"}],"curies":[{"name":"wp","href":"https:\/\/api.w.org\/{rel}","templated":true}]}}