{"id":2810,"date":"2017-10-05T14:41:56","date_gmt":"2017-10-05T11:41:56","guid":{"rendered":"http:\/\/www.cimuka.com\/urun\/kulucka-makinesi-pd30-h"},"modified":"2018-11-29T12:52:37","modified_gmt":"2018-11-29T09:52:37","slug":"incubator-pd30-h","status":"publish","type":"product","link":"https:\/\/www.cimuka.com\/en\/urun\/incubator-pd30-h","title":{"rendered":"Incubator &#8211; PD30 H"},"content":{"rendered":"<div>\n<div><strong style=\"font-size: 12pt;\"><span style=\"color: #ff6600;\">Incubator &#8211; PD30 H<\/span><\/strong><\/div>\n<div>\n<div>\n<p>&nbsp;<\/p>\n<table border=\"1\" width=\"415\" cellspacing=\"1\" cellpadding=\"1\">\n<tbody>\n<tr style=\"height: 34px; background-color: #eee7ab;\">\n<td style=\"width: 132.34375px; height: 34px;\"><em><strong>\u00a0Egg Capacity:<\/strong><\/em><\/td>\n<td style=\"width: 76.203125px; height: 34px; text-align: center;\"><strong>Setters<br \/>\n<\/strong><\/td>\n<td style=\"width: 90.234375px; height: 34px; text-align: center;\"><strong>Hatchers<br \/>\n<\/strong>1 x CS40Y<\/td>\n<td style=\"width: 93.25px; height: 34px; text-align: center;\"><strong>Total<\/strong><\/td>\n<\/tr>\n<tr style=\"height: 13px;\">\n<td style=\"width: 132.34375px; height: 13px; background-color: #e0e0e0;\"><strong>\u00a0Hen\u00a0<\/strong><\/td>\n<td style=\"width: 76.203125px; height: 13px; text-align: center;\">&#8211;<\/td>\n<td style=\"width: 90.234375px; height: 13px; text-align: center;\">30-40<\/td>\n<td style=\"width: 93.25px; height: 13px; text-align: center;\"><strong>30-40<\/strong><\/td>\n<\/tr>\n<tr style=\"height: 13px;\">\n<td style=\"width: 132.34375px; height: 13px; background-color: #e0e0e0;\"><b>\u00a0Turkey-Duck<\/b><\/td>\n<td style=\"width: 76.203125px; height: 13px; text-align: center;\">&#8211;<\/td>\n<td style=\"width: 90.234375px; height: 13px; text-align: center;\">25-35<\/td>\n<td style=\"width: 93.25px; height: 13px; text-align: center;\"><strong>25-35<\/strong><\/td>\n<\/tr>\n<tr style=\"height: 13px;\">\n<td style=\"width: 132.34375px; height: 13px; background-color: #e0e0e0;\"><strong>\u00a0Quail\u00a0<\/strong><\/td>\n<td style=\"width: 76.203125px; height: 13px; text-align: center;\">&#8211;<\/td>\n<td style=\"width: 90.234375px; height: 13px; text-align: center;\">80-90<\/td>\n<td style=\"width: 93.25px; height: 13px; text-align: center;\"><strong>80-90<\/strong><\/td>\n<\/tr>\n<tr style=\"height: 13px;\">\n<td style=\"width: 132.34375px; height: 13px; background-color: #e0e0e0;\"><strong>\u00a0Partridge\u00a0<\/strong><\/td>\n<td style=\"width: 76.203125px; height: 13px; text-align: center;\">&#8211;<\/td>\n<td style=\"width: 90.234375px; height: 13px; text-align: center;\">70-80<\/td>\n<td style=\"width: 93.25px; height: 13px; text-align: center;\"><strong>70-80 <\/strong><\/td>\n<\/tr>\n<tr style=\"height: 13px;\">\n<td style=\"width: 132.34375px; height: 13px; background-color: #e0e0e0;\"><strong>\u00a0Pheasant<\/strong><\/td>\n<td style=\"width: 76.203125px; height: 13px; text-align: center;\">&#8211;<\/td>\n<td style=\"width: 90.234375px; height: 13px; text-align: center;\">60-70<\/td>\n<td style=\"width: 93.25px; height: 13px; text-align: center;\"><strong>60-70<\/strong><\/td>\n<\/tr>\n<tr style=\"height: 13px;\">\n<td style=\"width: 132.34375px; height: 13px; background-color: #e0e0e0;\"><strong>\u00a0Goose-Peacock<\/strong><\/td>\n<td style=\"width: 76.203125px; height: 13px; text-align: center;\">&#8211;<\/td>\n<td style=\"width: 90.234375px; height: 13px; text-align: center;\">15-20<\/td>\n<td style=\"width: 93.25px; height: 13px; text-align: center;\"><strong>15-20<\/strong><\/td>\n<\/tr>\n<tr style=\"height: 13px;\">\n<td style=\"width: 407.03125px; height: 13px;\" colspan=\"4\"><strong style=\"font-size: 9.16667px;\">* Optional QT13 quail \u00a0racks are placed directly on standard rack.<\/strong><\/td>\n<\/tr>\n<tr style=\"height: 13px;\">\n<td style=\"width: 407.03125px; height: 13px;\" colspan=\"4\"><strong style=\"font-size: 9.16667px;\">** For goose eggs, optional GT03 goose rack is needed.<\/strong><\/td>\n<\/tr>\n<\/tbody>\n<\/table>\n<p>&nbsp;<\/p>\n<\/div>\n<div><\/div>\n<table border=\"0\" cellspacing=\"0\" cellpadding=\"0\" align=\"left\">\n<tbody>\n<tr style=\"height: 13px;\">\n<td style=\"width: 101.078125px; height: 13px;\"><span style=\"color: #ff6600; font-size: small;\"><span style=\"caret-color: #ff6600;\"><b><i>Usage<\/i><\/b><\/span><\/span><\/td>\n<td style=\"width: 519px; height: 13px;\">Using hatcher or turning manual<\/td>\n<\/tr>\n<tr style=\"height: 39px;\">\n<td style=\"width: 101.078125px; height: 13px;\"><span style=\"color: #ff6600; font-size: 10pt;\"><em><strong>Cabin<\/strong><\/em><\/span><\/p>\n<p>&nbsp;<\/td>\n<td style=\"width: 519px; height: 39px;\">Thick walled ABS cabin,<br \/>\nTransparent ABS lid<\/td>\n<\/tr>\n<tr style=\"height: 26px;\">\n<td style=\"width: 101.078125px; height: 13px;\"><em><span style=\"color: #ff6600; font-size: 10pt;\"><strong>Temperature<\/strong><\/span><\/em><\/p>\n<p>&nbsp;<\/td>\n<td style=\"width: 519px; height: 26px;\">Otomatic PID temperature control,<\/p>\n<div>\n<p>Digital temperature display<\/p>\n<\/div>\n<\/td>\n<\/tr>\n<tr style=\"height: 39.4688px;\">\n<td style=\"width: 101.078125px; height: 13px;\"><span style=\"color: #ff6600; font-size: 10pt;\"><em><strong>Humidity<\/strong><\/em>\u00a0\u00a0<\/span><\/td>\n<td style=\"width: 519px; height: 39.4688px;\">Half-automatic humidity,<br \/>\ndigital humidity display, \u00a0electronic humidity sensor,<br \/>\nBottom body with rocks for humidity adjustment<\/td>\n<\/tr>\n<tr style=\"height: 54px;\">\n<td style=\"width: 101.078125px; height: 13px;\"><span style=\"color: #ff6600; font-size: 10pt;\"><em><strong>Ventilation<\/strong><\/em><\/span><\/p>\n<p>&nbsp;<\/td>\n<td style=\"width: 519px; height: 54px;\"><strong>Airroute<sup>TM<\/sup>\u00a0\u00a0Plus<\/strong>\u00a0\u00a0ventilation technology;<br \/>\nUp to 90% energy safety by ventilation with only 2W electricity consumption<\/p>\n<div>Long life using with<strong> IP55 dust and humidity protection <\/strong><\/div>\n<div>Air cycle with working voltage between 90-265 V<br \/>\nIs not affected by voltage drops.<\/div>\n<\/td>\n<\/tr>\n<tr style=\"height: 26px;\">\n<td style=\"width: 101.078125px; height: 13px;\"><span style=\"color: #ff6600; font-size: 10pt;\"><em><strong>Setters<\/strong><\/em><\/span><\/p>\n<p>&nbsp;<\/td>\n<td style=\"width: 519px; height: 26px;\">\n<div>Manual turning<br \/>\n(Conturn30 can be added later.)<\/div>\n<\/td>\n<\/tr>\n<tr style=\"height: 13px;\">\n<td style=\"width: 101.078125px; height: 13px;\"><span style=\"color: #ff6600; font-size: 10pt;\"><em><strong>Hatchers<\/strong><\/em><\/span><\/p>\n<p>&nbsp;<\/td>\n<td style=\"width: 519px; height: 13px;\"><em><strong>1 piece CS40Y<\/strong><\/em>\u00a0hatcher base<\/td>\n<\/tr>\n<tr style=\"height: 26px;\">\n<td style=\"width: 101.078125px; height: 13px;\">\n<div>\n<p><span style=\"color: #ff6600; font-size: 10pt;\"><em><strong>Alarm<\/strong><\/em><\/span><\/p>\n<p>&nbsp;<\/p>\n<\/div>\n<div><span style=\"color: #ff6600; font-size: 10pt;\">\u00a0\u00a0<\/span><\/div>\n<\/td>\n<td style=\"width: 519px; height: 26px;\">High \u2013 low temperature alarm,<br \/>\nhigh low humidity alarm, sensor alarm<\/td>\n<\/tr>\n<tr style=\"height: 26px;\">\n<td style=\"width: 101.078125px; height: 13px;\">\n<div><span style=\"color: #ff6600; font-size: 10pt;\"><em><strong>Security<br \/>\n<\/strong><\/em>\u00a0<\/span><\/div>\n<div><span style=\"color: #ff6600; font-size: 10pt;\">\u00a0<\/span><\/div>\n<\/td>\n<td style=\"width: 519px; height: 26px;\">\n<div>Insurance Protection<\/div>\n<div>\n<p>Sensorless operating mode<\/p>\n<\/div>\n<\/td>\n<\/tr>\n<tr style=\"height: 13px;\">\n<td style=\"width: 101.078125px; height: 13px;\"><span style=\"color: #ff6600; font-size: 10pt;\"><em><strong>Energy Consumption<\/strong><\/em><\/span><\/p>\n<p>&nbsp;<\/td>\n<td style=\"width: 519px; height: 13px;\">\u00a0230V \/ 50Hz \u00a0 \u00a0 \u00a0 \u00a0tipik:\u00a0<strong>25 W<\/strong>\u00a0\u00a0\u00a0maksimum:\u00a0<strong>60\u00a0W<\/strong><\/td>\n<\/tr>\n<tr style=\"height: 13px;\">\n<td style=\"width: 101.078125px; height: 13px;\"><strong><span style=\"color: #ff6600; font-size: small;\"><span style=\"caret-color: #ff6600;\"><i>Together<\/i><\/span><\/span><i style=\"color: #ff6600; font-size: 10pt;\">\u00a0with product<\/i><\/strong><\/p>\n<p>&nbsp;<\/td>\n<td style=\"width: 519px; height: 13px;\">\u00a0Incubator user manual, spare fuse<\/td>\n<\/tr>\n<\/tbody>\n<\/table>\n<div><strong>\u00a0 \u00a0\u00a0<\/strong><em><strong>\u00a0 \u00a0<\/strong><\/em><\/div>\n<div><\/div>\n<div><\/div>\n<div><\/div>\n<div><\/div>\n<div><\/div>\n<\/div>\n<div><strong><em><u>\u00a0<\/u><\/em><\/strong><\/div>\n<div><strong><em><u>\u00a0<\/u><\/em><\/strong><\/div>\n<div><strong><em><u>\u00a0<\/u><\/em><\/strong><\/div>\n<div><strong><em><u>\u00a0<\/u><\/em><\/strong><\/div>\n<div><strong><em><u>\u00a0<\/u><\/em><\/strong><\/div>\n<div><strong><em><u>\u00a0<\/u><\/em><\/strong><\/div>\n<div><strong><em><u>\u00a0<\/u><\/em><\/strong><\/div>\n<div><\/div>\n<div><\/div>\n<p>&nbsp;<\/p>\n<\/div>\n","protected":false},"excerpt":{"rendered":"<p>The PD30h incubator model can be used as a hatcher or can be used for the whole incubation process with manual turning during the setters period. The model with the digital temperature-humidity display and ventilation system ensures the appropriate incubation environment. Thanks to the base it allows you to adjust the humidity easily while the humidity values can be monitored digitally. With its compact design and patented ventilation technology, it has very low energy consumption. The PD30h model can also be used as an automatic turning with the addition of Conturn30.<\/p>\n","protected":false},"featured_media":2272,"template":"","meta":{"rs_blank_template":"","rs_page_bg_color":"","slide_template_v7":""},"product_brand":[],"product_cat":[94],"product_tag":[],"class_list":{"0":"post-2810","1":"product","2":"type-product","3":"status-publish","4":"has-post-thumbnail","6":"product_cat-pd-series","8":"first","9":"instock","10":"shipping-taxable","11":"product-type-simple"},"yoast_head":"<!-- This site is optimized with the Yoast SEO plugin v27.5 - https:\/\/yoast.com\/product\/yoast-seo-wordpress\/ -->\n<title>Incubator - PD30 H - Cimuka Kulu\u00e7ka Makinas\u0131 Garantili Kulu\u00e7ka<\/title>\n<meta name=\"robots\" content=\"index, follow, max-snippet:-1, max-image-preview:large, max-video-preview:-1\" \/>\n<link rel=\"canonical\" href=\"https:\/\/www.cimuka.com\/en\/urun\/incubator-pd30-h\" \/>\n<meta property=\"og:locale\" content=\"en_US\" \/>\n<meta property=\"og:type\" content=\"article\" \/>\n<meta property=\"og:title\" content=\"Incubator - PD30 H - Cimuka Kulu\u00e7ka Makinas\u0131 Garantili Kulu\u00e7ka\" \/>\n<meta property=\"og:description\" content=\"The PD30h incubator model can be used as a hatcher or can be used for the whole incubation process with manual turning during the setters period. The model with the digital temperature-humidity display and ventilation system ensures the appropriate incubation environment. Thanks to the base it allows you to adjust the humidity easily while the humidity values can be monitored digitally. With its compact design and patented ventilation technology, it has very low energy consumption. The PD30h model can also be used as an automatic turning with the addition of Conturn30.\" \/>\n<meta property=\"og:url\" content=\"https:\/\/www.cimuka.com\/en\/urun\/incubator-pd30-h\" \/>\n<meta property=\"og:site_name\" content=\"Cimuka Kulu\u00e7ka Makinas\u0131 Garantili Kulu\u00e7ka\" \/>\n<meta property=\"article:modified_time\" content=\"2018-11-29T09:52:37+00:00\" \/>\n<meta property=\"og:image\" content=\"https:\/\/www.cimuka.com\/wp-content\/uploads\/2017\/10\/kulucka-makinesi-pd30h-2175-44-O.jpg\" \/>\n\t<meta property=\"og:image:width\" content=\"600\" \/>\n\t<meta property=\"og:image:height\" content=\"600\" \/>\n\t<meta property=\"og:image:type\" content=\"image\/jpeg\" \/>\n<meta name=\"twitter:card\" content=\"summary_large_image\" \/>\n<meta name=\"twitter:label1\" content=\"Est. reading time\" \/>\n\t<meta name=\"twitter:data1\" content=\"1 minute\" \/>\n<script type=\"application\/ld+json\" class=\"yoast-schema-graph\">{\"@context\":\"https:\\\/\\\/schema.org\",\"@graph\":[{\"@type\":\"WebPage\",\"@id\":\"https:\\\/\\\/www.cimuka.com\\\/en\\\/urun\\\/incubator-pd30-h\",\"url\":\"https:\\\/\\\/www.cimuka.com\\\/en\\\/urun\\\/incubator-pd30-h\",\"name\":\"Incubator - PD30 H - Cimuka Kulu\u00e7ka Makinas\u0131 Garantili Kulu\u00e7ka\",\"isPartOf\":{\"@id\":\"https:\\\/\\\/www.cimuka.com\\\/#website\"},\"primaryImageOfPage\":{\"@id\":\"https:\\\/\\\/www.cimuka.com\\\/en\\\/urun\\\/incubator-pd30-h#primaryimage\"},\"image\":{\"@id\":\"https:\\\/\\\/www.cimuka.com\\\/en\\\/urun\\\/incubator-pd30-h#primaryimage\"},\"thumbnailUrl\":\"https:\\\/\\\/www.cimuka.com\\\/wp-content\\\/uploads\\\/2017\\\/10\\\/kulucka-makinesi-pd30h-2175-44-O.jpg\",\"datePublished\":\"2017-10-05T11:41:56+00:00\",\"dateModified\":\"2018-11-29T09:52:37+00:00\",\"breadcrumb\":{\"@id\":\"https:\\\/\\\/www.cimuka.com\\\/en\\\/urun\\\/incubator-pd30-h#breadcrumb\"},\"inLanguage\":\"en-US\",\"potentialAction\":[{\"@type\":\"ReadAction\",\"target\":[\"https:\\\/\\\/www.cimuka.com\\\/en\\\/urun\\\/incubator-pd30-h\"]}]},{\"@type\":\"ImageObject\",\"inLanguage\":\"en-US\",\"@id\":\"https:\\\/\\\/www.cimuka.com\\\/en\\\/urun\\\/incubator-pd30-h#primaryimage\",\"url\":\"https:\\\/\\\/www.cimuka.com\\\/wp-content\\\/uploads\\\/2017\\\/10\\\/kulucka-makinesi-pd30h-2175-44-O.jpg\",\"contentUrl\":\"https:\\\/\\\/www.cimuka.com\\\/wp-content\\\/uploads\\\/2017\\\/10\\\/kulucka-makinesi-pd30h-2175-44-O.jpg\",\"width\":600,\"height\":600},{\"@type\":\"BreadcrumbList\",\"@id\":\"https:\\\/\\\/www.cimuka.com\\\/en\\\/urun\\\/incubator-pd30-h#breadcrumb\",\"itemListElement\":[{\"@type\":\"ListItem\",\"position\":1,\"name\":\"Ana sayfa\",\"item\":\"https:\\\/\\\/www.cimuka.com\\\/en\"},{\"@type\":\"ListItem\",\"position\":2,\"name\":\"Shop\",\"item\":\"https:\\\/\\\/www.cimuka.com\\\/en\\\/shop\"},{\"@type\":\"ListItem\",\"position\":3,\"name\":\"Incubator &#8211; PD30 H\"}]},{\"@type\":\"WebSite\",\"@id\":\"https:\\\/\\\/www.cimuka.com\\\/#website\",\"url\":\"https:\\\/\\\/www.cimuka.com\\\/\",\"name\":\"Cimuka Kulu\u00e7ka Makinas\u0131 Garantili Kulu\u00e7ka\",\"description\":\"\",\"potentialAction\":[{\"@type\":\"SearchAction\",\"target\":{\"@type\":\"EntryPoint\",\"urlTemplate\":\"https:\\\/\\\/www.cimuka.com\\\/?s={search_term_string}\"},\"query-input\":{\"@type\":\"PropertyValueSpecification\",\"valueRequired\":true,\"valueName\":\"search_term_string\"}}],\"inLanguage\":\"en-US\"}]}<\/script>\n<!-- \/ Yoast SEO plugin. -->","yoast_head_json":{"title":"Incubator - PD30 H - Cimuka Kulu\u00e7ka Makinas\u0131 Garantili Kulu\u00e7ka","robots":{"index":"index","follow":"follow","max-snippet":"max-snippet:-1","max-image-preview":"max-image-preview:large","max-video-preview":"max-video-preview:-1"},"canonical":"https:\/\/www.cimuka.com\/en\/urun\/incubator-pd30-h","og_locale":"en_US","og_type":"article","og_title":"Incubator - PD30 H - Cimuka Kulu\u00e7ka Makinas\u0131 Garantili Kulu\u00e7ka","og_description":"The PD30h incubator model can be used as a hatcher or can be used for the whole incubation process with manual turning during the setters period. The model with the digital temperature-humidity display and ventilation system ensures the appropriate incubation environment. Thanks to the base it allows you to adjust the humidity easily while the humidity values can be monitored digitally. With its compact design and patented ventilation technology, it has very low energy consumption. The PD30h model can also be used as an automatic turning with the addition of Conturn30.","og_url":"https:\/\/www.cimuka.com\/en\/urun\/incubator-pd30-h","og_site_name":"Cimuka Kulu\u00e7ka Makinas\u0131 Garantili Kulu\u00e7ka","article_modified_time":"2018-11-29T09:52:37+00:00","og_image":[{"width":600,"height":600,"url":"https:\/\/www.cimuka.com\/wp-content\/uploads\/2017\/10\/kulucka-makinesi-pd30h-2175-44-O.jpg","type":"image\/jpeg"}],"twitter_card":"summary_large_image","twitter_misc":{"Est. reading time":"1 minute"},"schema":{"@context":"https:\/\/schema.org","@graph":[{"@type":"WebPage","@id":"https:\/\/www.cimuka.com\/en\/urun\/incubator-pd30-h","url":"https:\/\/www.cimuka.com\/en\/urun\/incubator-pd30-h","name":"Incubator - PD30 H - Cimuka Kulu\u00e7ka Makinas\u0131 Garantili Kulu\u00e7ka","isPartOf":{"@id":"https:\/\/www.cimuka.com\/#website"},"primaryImageOfPage":{"@id":"https:\/\/www.cimuka.com\/en\/urun\/incubator-pd30-h#primaryimage"},"image":{"@id":"https:\/\/www.cimuka.com\/en\/urun\/incubator-pd30-h#primaryimage"},"thumbnailUrl":"https:\/\/www.cimuka.com\/wp-content\/uploads\/2017\/10\/kulucka-makinesi-pd30h-2175-44-O.jpg","datePublished":"2017-10-05T11:41:56+00:00","dateModified":"2018-11-29T09:52:37+00:00","breadcrumb":{"@id":"https:\/\/www.cimuka.com\/en\/urun\/incubator-pd30-h#breadcrumb"},"inLanguage":"en-US","potentialAction":[{"@type":"ReadAction","target":["https:\/\/www.cimuka.com\/en\/urun\/incubator-pd30-h"]}]},{"@type":"ImageObject","inLanguage":"en-US","@id":"https:\/\/www.cimuka.com\/en\/urun\/incubator-pd30-h#primaryimage","url":"https:\/\/www.cimuka.com\/wp-content\/uploads\/2017\/10\/kulucka-makinesi-pd30h-2175-44-O.jpg","contentUrl":"https:\/\/www.cimuka.com\/wp-content\/uploads\/2017\/10\/kulucka-makinesi-pd30h-2175-44-O.jpg","width":600,"height":600},{"@type":"BreadcrumbList","@id":"https:\/\/www.cimuka.com\/en\/urun\/incubator-pd30-h#breadcrumb","itemListElement":[{"@type":"ListItem","position":1,"name":"Ana sayfa","item":"https:\/\/www.cimuka.com\/en"},{"@type":"ListItem","position":2,"name":"Shop","item":"https:\/\/www.cimuka.com\/en\/shop"},{"@type":"ListItem","position":3,"name":"Incubator &#8211; PD30 H"}]},{"@type":"WebSite","@id":"https:\/\/www.cimuka.com\/#website","url":"https:\/\/www.cimuka.com\/","name":"Cimuka Kulu\u00e7ka Makinas\u0131 Garantili Kulu\u00e7ka","description":"","potentialAction":[{"@type":"SearchAction","target":{"@type":"EntryPoint","urlTemplate":"https:\/\/www.cimuka.com\/?s={search_term_string}"},"query-input":{"@type":"PropertyValueSpecification","valueRequired":true,"valueName":"search_term_string"}}],"inLanguage":"en-US"}]}},"_links":{"self":[{"href":"https:\/\/www.cimuka.com\/en\/wp-json\/wp\/v2\/product\/2810","targetHints":{"allow":["GET"]}}],"collection":[{"href":"https:\/\/www.cimuka.com\/en\/wp-json\/wp\/v2\/product"}],"about":[{"href":"https:\/\/www.cimuka.com\/en\/wp-json\/wp\/v2\/types\/product"}],"wp:featuredmedia":[{"embeddable":true,"href":"https:\/\/www.cimuka.com\/en\/wp-json\/wp\/v2\/media\/2272"}],"wp:attachment":[{"href":"https:\/\/www.cimuka.com\/en\/wp-json\/wp\/v2\/media?parent=2810"}],"wp:term":[{"taxonomy":"product_brand","embeddable":true,"href":"https:\/\/www.cimuka.com\/en\/wp-json\/wp\/v2\/product_brand?post=2810"},{"taxonomy":"product_cat","embeddable":true,"href":"https:\/\/www.cimuka.com\/en\/wp-json\/wp\/v2\/product_cat?post=2810"},{"taxonomy":"product_tag","embeddable":true,"href":"https:\/\/www.cimuka.com\/en\/wp-json\/wp\/v2\/product_tag?post=2810"}],"curies":[{"name":"wp","href":"https:\/\/api.w.org\/{rel}","templated":true}]}}