{"id":2821,"date":"2018-11-23T16:56:28","date_gmt":"2018-11-23T13:56:28","guid":{"rendered":"http:\/\/www.cimuka.com\/?post_type=product&#038;p=2821"},"modified":"2018-11-29T13:08:52","modified_gmt":"2018-11-29T10:08:52","slug":"ct60-sh-incubator","status":"publish","type":"product","link":"https:\/\/www.cimuka.com\/en\/urun\/ct60-sh-incubator","title":{"rendered":"CT60 SH &#8211; Incubator"},"content":{"rendered":"<p><strong><strong>\u00a0<\/strong><\/strong><\/p>\n<h1><span style=\"font-size: 12pt;\"><strong><span style=\"color: #ff6600;\">Incubator &#8211; CT60 SH<\/span><\/strong><\/span><\/h1>\n<div>\n<p>&nbsp;<\/p>\n<table border=\"1\" width=\"415\" cellspacing=\"1\" cellpadding=\"1\">\n<tbody>\n<tr style=\"height: 35px; background-color: #eee7ab;\">\n<td style=\"width: 131.6875px; height: 35px;\"><span style=\"color: #000000;\"><em><strong>\u00a0Egg Capacity:<br \/>\n<\/strong><\/em><\/span><\/td>\n<td style=\"width: 77.734375px; height: 35px; text-align: center;\"><span style=\"color: #000000;\"><strong>Setters<br \/>\n<\/strong>2 x Conturn30<br \/>\n<\/span><\/td>\n<td style=\"width: 89.921875px; height: 35px; text-align: center;\"><span style=\"color: #000000;\"><strong>Hatchers<br \/>\n<\/strong>2 x CS30<br \/>\n<\/span><\/td>\n<td style=\"width: 92.6875px; height: 35px; text-align: center;\"><span style=\"color: #000000;\"><strong>Total<br \/>\n<\/strong><\/span><\/td>\n<\/tr>\n<tr style=\"height: 18px;\">\n<td style=\"width: 131.6875px; height: 18px; background-color: #e0e0e0;\"><strong>Hen<\/strong><\/td>\n<td style=\"width: 77.734375px; height: 18px; text-align: center;\">60<\/td>\n<td style=\"width: 89.921875px; height: 18px; text-align: center;\">60<\/td>\n<td style=\"width: 92.6875px; height: 18px; text-align: center;\"><strong>60<\/strong><\/td>\n<\/tr>\n<tr style=\"height: 16px;\">\n<td style=\"width: 131.6875px; height: 16px; background-color: #e0e0e0;\"><strong>\u00a0Turkey-Duck<\/strong><\/td>\n<td style=\"width: 77.734375px; height: 16px; text-align: center;\">40<\/td>\n<td style=\"width: 89.921875px; height: 16px; text-align: center;\">40<\/td>\n<td style=\"width: 92.6875px; height: 16px; text-align: center;\"><strong>40<\/strong><\/td>\n<\/tr>\n<tr style=\"height: 15px;\">\n<td style=\"width: 131.6875px; height: 15px; background-color: #e0e0e0;\"><strong>\u00a0Quail\u00a0<\/strong><\/td>\n<td style=\"width: 77.734375px; height: 15px; text-align: center;\">108-156*<\/td>\n<td style=\"width: 89.921875px; height: 15px; text-align: center;\">156<\/td>\n<td style=\"width: 92.6875px; height: 15px; text-align: center;\"><strong>108-156*<\/strong><\/td>\n<\/tr>\n<tr style=\"height: 19px;\">\n<td style=\"width: 131.6875px; height: 19px; background-color: #e0e0e0;\"><strong>\u00a0Partridge\u00a0<\/strong><\/td>\n<td style=\"width: 77.734375px; height: 19px; text-align: center;\">84<\/td>\n<td style=\"width: 89.921875px; height: 19px; text-align: center;\">84<\/td>\n<td style=\"width: 92.6875px; height: 19px; text-align: center;\"><strong>84\u00a0<\/strong><\/td>\n<\/tr>\n<tr style=\"height: 17px;\">\n<td style=\"width: 131.6875px; height: 17px; background-color: #e0e0e0;\"><strong>\u00a0Pheasant<\/strong><\/td>\n<td style=\"width: 77.734375px; height: 17px; text-align: center;\">72<\/td>\n<td style=\"width: 89.921875px; height: 17px; text-align: center;\">72<\/td>\n<td style=\"width: 92.6875px; height: 17px; text-align: center;\"><strong>72<\/strong><\/td>\n<\/tr>\n<tr style=\"height: 17.4688px;\">\n<td style=\"width: 131.6875px; height: 17.4688px; background-color: #e0e0e0;\"><strong>\u00a0Goose-Peacock<\/strong><\/td>\n<td style=\"width: 77.734375px; height: 17.4688px; text-align: center;\">24**<\/td>\n<td style=\"width: 89.921875px; height: 17.4688px; text-align: center;\">24<\/td>\n<td style=\"width: 92.6875px; height: 17.4688px; text-align: center;\"><strong>24**<\/strong><\/td>\n<\/tr>\n<tr style=\"height: 13px;\">\n<td style=\"width: 407.03125px; height: 13px;\" colspan=\"4\"><span style=\"color: #333333; font-size: 9.16667px;\"><strong style=\"font-size: 9.16667px; background-color: #ffffff;\">* <strong>Optional QT13 quail \u00a0racks are placed directly on standard rack.<\/strong><\/strong><\/span><\/td>\n<\/tr>\n<tr style=\"height: 13px;\">\n<td style=\"width: 407.03125px; height: 13px;\" colspan=\"4\"><span style=\"color: #333333; font-size: 9.16667px;\"><strong style=\"font-size: 9.16667px; background-color: #ffffff;\">** <strong>For goose eggs, optional GT03 goose rack is needed.<\/strong><\/strong><\/span><\/td>\n<\/tr>\n<\/tbody>\n<\/table>\n<p>&nbsp;<\/p>\n<\/div>\n<div><\/div>\n<table border=\"0\" cellspacing=\"0\" cellpadding=\"0\" align=\"left\">\n<tbody>\n<tr style=\"height: 13px;\">\n<td style=\"width: 90.109375px; height: 13px;\"><span style=\"color: #ff6600; font-size: 10pt;\"><span style=\"color: #ff6600; font-size: 10pt;\"><em><strong>Usage<\/strong><\/em><\/span><\/span><\/td>\n<td style=\"width: 293.90625px; height: 13px;\">All set\/all hatch or combined use\u00a0\u2013 partial loading<\/td>\n<\/tr>\n<tr style=\"height: 39px;\">\n<td style=\"width: 90.109375px; height: 13px;\"><span style=\"color: #ff6600; font-size: 10pt;\"><em><strong>Cabin<\/strong><\/em><\/span><\/p>\n<p>&nbsp;<\/td>\n<td style=\"width: 293.90625px; height: 39px;\">\n<div>Double walled, high isolation, sandwich panel<\/div>\n<div>Double door design, 2nd door for back cleaning and service<\/div>\n<div>Eloxal aluminium cabin profiles<\/div>\n<\/td>\n<\/tr>\n<tr style=\"height: 26px;\">\n<td style=\"width: 90.109375px; height: 13px;\"><span style=\"color: #ff6600; font-size: 10pt;\"><strong>Temperature<\/strong><\/span><\/p>\n<p>&nbsp;<\/td>\n<td style=\"width: 293.90625px; height: 26px;\">Automatic PID temperature controler,<\/p>\n<div>\n<p>Digital temperature display<\/p>\n<\/div>\n<\/td>\n<\/tr>\n<tr style=\"height: 39.4688px;\">\n<td style=\"width: 90.109375px; height: 13px;\"><span style=\"color: #ff6600; font-size: 10pt;\"><em><strong>Humidity<\/strong><\/em>\u00a0\u00a0<\/span><\/td>\n<td style=\"width: 293.90625px; height: 39.4688px;\">\n<div><strong>Humisonic<sup>TM<\/sup><\/strong>\u00a0full automatic humidity system,<\/div>\n<div>digital humidity display,<\/div>\n<div>humidity tray with rack<br \/>\nWater tank<\/div>\n<\/td>\n<\/tr>\n<tr style=\"height: 54px;\">\n<td style=\"width: 90.109375px; height: 13px;\"><span style=\"color: #ff6600; font-size: 10pt;\"><em><strong>Ventilation<\/strong><\/em><\/span><\/p>\n<p>&nbsp;<\/td>\n<td style=\"width: 293.90625px; height: 54px;\"><strong>Airroute<sup>TM<\/sup>\u00a0\u00a0Plus<\/strong>\u00a0\u00a0ventilation technologie,<br \/>\n<strong>Energy savings of up to 90%<\/strong> in ventilation with only <strong>3.5 W electricity consumption<\/strong><\/p>\n<div>Long lasting use with <strong>IP55 dust and humidity protection<\/strong><\/div>\n<p>Air cycle with working voltage between 90-265 V<br \/>\n<strong>Is not affected by voltage drops.<\/strong><\/td>\n<\/tr>\n<tr style=\"height: 26px;\">\n<td style=\"width: 90.109375px; height: 13px;\"><span style=\"color: #ff6600; font-size: 10pt;\"><em><strong>Setters<\/strong><\/em><\/span><\/p>\n<p>&nbsp;<\/td>\n<td style=\"width: 293.90625px; height: 26px;\">\n<div><strong>2 pieces x Conturn<sup>TM<\/sup>30<\/strong>\u00a0\u2013 automatic egg turning system<\/div>\n<div>\n<p>Dual distribution cable and 8W Conturn adaptor<\/p>\n<\/div>\n<\/td>\n<\/tr>\n<tr style=\"height: 13px;\">\n<td style=\"width: 90.109375px; height: 13px;\"><span style=\"color: #ff6600; font-size: 10pt;\"><em><strong>Hatchers<\/strong><\/em><\/span><\/p>\n<p>&nbsp;<\/td>\n<td style=\"width: 293.90625px; height: 13px;\"><em><strong>2 pieces CS30\u00a0<\/strong><\/em>hatchery basket<\/td>\n<\/tr>\n<tr style=\"height: 26px;\">\n<td style=\"width: 90.109375px; height: 13px;\">\n<div>\n<p><span style=\"color: #ff6600; font-size: 10pt;\"><em><strong>Alarm<\/strong><\/em><\/span><\/p>\n<p>&nbsp;<\/p>\n<\/div>\n<div><span style=\"color: #ff6600; font-size: 10pt;\">\u00a0\u00a0<\/span><\/div>\n<\/td>\n<td style=\"width: 293.90625px; height: 26px;\">High \u2013 low temperature alarm,<br \/>\nhigh low humidity alarm, sensor alarm<\/td>\n<\/tr>\n<tr style=\"height: 26px;\">\n<td style=\"width: 90.109375px; height: 13px;\">\n<div><span style=\"color: #ff6600; font-size: 10pt;\"><em><strong>Security<br \/>\n<\/strong><\/em>\u00a0<\/span><\/div>\n<div><span style=\"color: #ff6600; font-size: 10pt;\">\u00a0<\/span><\/div>\n<\/td>\n<td style=\"width: 293.90625px; height: 26px;\">\n<div>Insurance Protection<\/div>\n<div>\n<p>Sensorless operating mode<\/p>\n<\/div>\n<\/td>\n<\/tr>\n<tr style=\"height: 13px;\">\n<td style=\"width: 90.109375px; height: 13px;\"><span style=\"color: #ff6600; font-size: 10pt;\"><em><strong>Energy consumption<\/strong><\/em><\/span><\/p>\n<p>&nbsp;<\/td>\n<td style=\"width: 293.90625px; height: 13px;\">\u00a0230V \/ 50Hz \u00a0 \u00a0 \u00a0 \u00a0tipical:\u00a0<strong>45 W<\/strong>\u00a0\u00a0\u00a0maximum:\u00a0<strong>145 W<\/strong><\/p>\n<p>&nbsp;<\/td>\n<\/tr>\n<tr style=\"height: 13px;\">\n<td style=\"width: 90.109375px; height: 13px;\"><span style=\"color: #ff6600; font-size: 10pt;\"><em><strong>Together with product<\/strong><\/em><\/span><\/p>\n<p>&nbsp;<\/td>\n<td style=\"width: 293.90625px; height: 13px;\">Incubator user manual, spare fuse<\/td>\n<\/tr>\n<\/tbody>\n<\/table>\n<div><strong>\u00a0 \u00a0\u00a0<\/strong><em><strong>\u00a0 \u00a0<\/strong><\/em><\/div>\n<div><\/div>\n<div><\/div>\n<div><\/div>\n<div><\/div>\n<p>&nbsp;<\/p>\n<p>&nbsp;<\/p>\n","protected":false},"excerpt":{"rendered":"<p>CT60SH Incubator is a functional product with 60 chicken egg capacity. With its high insulated cabin and digital temperature-humidity control, it provides ideal incubation environment for setters and hatching. The CS30 hatchery baskets, which are supplied with the CT60SH incubator, allow partial sets and all set if the all hatch.<\/p>\n","protected":false},"featured_media":2024,"template":"","meta":{"rs_blank_template":"","rs_page_bg_color":"","slide_template_v7":""},"product_brand":[],"product_cat":[92],"product_tag":[],"class_list":{"0":"post-2821","1":"product","2":"type-product","3":"status-publish","4":"has-post-thumbnail","6":"product_cat-ct-series","8":"first","9":"instock","10":"shipping-taxable","11":"product-type-simple"},"yoast_head":"<!-- This site is optimized with the Yoast SEO plugin v27.5 - https:\/\/yoast.com\/product\/yoast-seo-wordpress\/ -->\n<title>CT60 SH - Incubator - Cimuka Kulu\u00e7ka Makinas\u0131 Garantili Kulu\u00e7ka<\/title>\n<meta name=\"robots\" content=\"index, follow, max-snippet:-1, max-image-preview:large, max-video-preview:-1\" \/>\n<link rel=\"canonical\" href=\"http:\/\/www.cimuka.com\/en\/urun\/ct60-sh-incubator\" \/>\n<meta property=\"og:locale\" content=\"en_US\" \/>\n<meta property=\"og:type\" content=\"article\" \/>\n<meta property=\"og:title\" content=\"CT60 SH - Incubator - Cimuka Kulu\u00e7ka Makinas\u0131 Garantili Kulu\u00e7ka\" \/>\n<meta property=\"og:description\" content=\"CT60SH Incubator is a functional product with 60 chicken egg capacity. With its high insulated cabin and digital temperature-humidity control, it provides ideal incubation environment for setters and hatching. The CS30 hatchery baskets, which are supplied with the CT60SH incubator, allow partial sets and all set if the all hatch.\" \/>\n<meta property=\"og:url\" content=\"http:\/\/www.cimuka.com\/en\/urun\/ct60-sh-incubator\" \/>\n<meta property=\"og:site_name\" content=\"Cimuka Kulu\u00e7ka Makinas\u0131 Garantili Kulu\u00e7ka\" \/>\n<meta property=\"article:modified_time\" content=\"2018-11-29T10:08:52+00:00\" \/>\n<meta property=\"og:image\" content=\"http:\/\/www.cimuka.com\/wp-content\/uploads\/2017\/11\/CT_60_SH_600.jpg\" \/>\n\t<meta property=\"og:image:width\" content=\"600\" \/>\n\t<meta property=\"og:image:height\" content=\"600\" \/>\n\t<meta property=\"og:image:type\" content=\"image\/jpeg\" \/>\n<meta name=\"twitter:card\" content=\"summary_large_image\" \/>\n<meta name=\"twitter:label1\" content=\"Est. reading time\" \/>\n\t<meta name=\"twitter:data1\" content=\"1 minute\" \/>\n<script type=\"application\/ld+json\" class=\"yoast-schema-graph\">{\"@context\":\"https:\\\/\\\/schema.org\",\"@graph\":[{\"@type\":\"WebPage\",\"@id\":\"http:\\\/\\\/www.cimuka.com\\\/en\\\/urun\\\/ct60-sh-incubator\",\"url\":\"http:\\\/\\\/www.cimuka.com\\\/en\\\/urun\\\/ct60-sh-incubator\",\"name\":\"CT60 SH - Incubator - Cimuka Kulu\u00e7ka Makinas\u0131 Garantili Kulu\u00e7ka\",\"isPartOf\":{\"@id\":\"https:\\\/\\\/www.cimuka.com\\\/#website\"},\"primaryImageOfPage\":{\"@id\":\"http:\\\/\\\/www.cimuka.com\\\/en\\\/urun\\\/ct60-sh-incubator#primaryimage\"},\"image\":{\"@id\":\"http:\\\/\\\/www.cimuka.com\\\/en\\\/urun\\\/ct60-sh-incubator#primaryimage\"},\"thumbnailUrl\":\"https:\\\/\\\/www.cimuka.com\\\/wp-content\\\/uploads\\\/2017\\\/11\\\/CT_60_SH_600.jpg\",\"datePublished\":\"2018-11-23T13:56:28+00:00\",\"dateModified\":\"2018-11-29T10:08:52+00:00\",\"breadcrumb\":{\"@id\":\"http:\\\/\\\/www.cimuka.com\\\/en\\\/urun\\\/ct60-sh-incubator#breadcrumb\"},\"inLanguage\":\"en-US\",\"potentialAction\":[{\"@type\":\"ReadAction\",\"target\":[\"http:\\\/\\\/www.cimuka.com\\\/en\\\/urun\\\/ct60-sh-incubator\"]}]},{\"@type\":\"ImageObject\",\"inLanguage\":\"en-US\",\"@id\":\"http:\\\/\\\/www.cimuka.com\\\/en\\\/urun\\\/ct60-sh-incubator#primaryimage\",\"url\":\"https:\\\/\\\/www.cimuka.com\\\/wp-content\\\/uploads\\\/2017\\\/11\\\/CT_60_SH_600.jpg\",\"contentUrl\":\"https:\\\/\\\/www.cimuka.com\\\/wp-content\\\/uploads\\\/2017\\\/11\\\/CT_60_SH_600.jpg\",\"width\":600,\"height\":600},{\"@type\":\"BreadcrumbList\",\"@id\":\"http:\\\/\\\/www.cimuka.com\\\/en\\\/urun\\\/ct60-sh-incubator#breadcrumb\",\"itemListElement\":[{\"@type\":\"ListItem\",\"position\":1,\"name\":\"Ana sayfa\",\"item\":\"https:\\\/\\\/www.cimuka.com\\\/en\"},{\"@type\":\"ListItem\",\"position\":2,\"name\":\"Shop\",\"item\":\"https:\\\/\\\/www.cimuka.com\\\/en\\\/shop\"},{\"@type\":\"ListItem\",\"position\":3,\"name\":\"CT60 SH &#8211; Incubator\"}]},{\"@type\":\"WebSite\",\"@id\":\"https:\\\/\\\/www.cimuka.com\\\/#website\",\"url\":\"https:\\\/\\\/www.cimuka.com\\\/\",\"name\":\"Cimuka Kulu\u00e7ka Makinas\u0131 Garantili Kulu\u00e7ka\",\"description\":\"\",\"potentialAction\":[{\"@type\":\"SearchAction\",\"target\":{\"@type\":\"EntryPoint\",\"urlTemplate\":\"https:\\\/\\\/www.cimuka.com\\\/?s={search_term_string}\"},\"query-input\":{\"@type\":\"PropertyValueSpecification\",\"valueRequired\":true,\"valueName\":\"search_term_string\"}}],\"inLanguage\":\"en-US\"}]}<\/script>\n<!-- \/ Yoast SEO plugin. -->","yoast_head_json":{"title":"CT60 SH - Incubator - Cimuka Kulu\u00e7ka Makinas\u0131 Garantili Kulu\u00e7ka","robots":{"index":"index","follow":"follow","max-snippet":"max-snippet:-1","max-image-preview":"max-image-preview:large","max-video-preview":"max-video-preview:-1"},"canonical":"http:\/\/www.cimuka.com\/en\/urun\/ct60-sh-incubator","og_locale":"en_US","og_type":"article","og_title":"CT60 SH - Incubator - Cimuka Kulu\u00e7ka Makinas\u0131 Garantili Kulu\u00e7ka","og_description":"CT60SH Incubator is a functional product with 60 chicken egg capacity. With its high insulated cabin and digital temperature-humidity control, it provides ideal incubation environment for setters and hatching. The CS30 hatchery baskets, which are supplied with the CT60SH incubator, allow partial sets and all set if the all hatch.","og_url":"http:\/\/www.cimuka.com\/en\/urun\/ct60-sh-incubator","og_site_name":"Cimuka Kulu\u00e7ka Makinas\u0131 Garantili Kulu\u00e7ka","article_modified_time":"2018-11-29T10:08:52+00:00","og_image":[{"width":600,"height":600,"url":"http:\/\/www.cimuka.com\/wp-content\/uploads\/2017\/11\/CT_60_SH_600.jpg","type":"image\/jpeg"}],"twitter_card":"summary_large_image","twitter_misc":{"Est. reading time":"1 minute"},"schema":{"@context":"https:\/\/schema.org","@graph":[{"@type":"WebPage","@id":"http:\/\/www.cimuka.com\/en\/urun\/ct60-sh-incubator","url":"http:\/\/www.cimuka.com\/en\/urun\/ct60-sh-incubator","name":"CT60 SH - Incubator - Cimuka Kulu\u00e7ka Makinas\u0131 Garantili Kulu\u00e7ka","isPartOf":{"@id":"https:\/\/www.cimuka.com\/#website"},"primaryImageOfPage":{"@id":"http:\/\/www.cimuka.com\/en\/urun\/ct60-sh-incubator#primaryimage"},"image":{"@id":"http:\/\/www.cimuka.com\/en\/urun\/ct60-sh-incubator#primaryimage"},"thumbnailUrl":"https:\/\/www.cimuka.com\/wp-content\/uploads\/2017\/11\/CT_60_SH_600.jpg","datePublished":"2018-11-23T13:56:28+00:00","dateModified":"2018-11-29T10:08:52+00:00","breadcrumb":{"@id":"http:\/\/www.cimuka.com\/en\/urun\/ct60-sh-incubator#breadcrumb"},"inLanguage":"en-US","potentialAction":[{"@type":"ReadAction","target":["http:\/\/www.cimuka.com\/en\/urun\/ct60-sh-incubator"]}]},{"@type":"ImageObject","inLanguage":"en-US","@id":"http:\/\/www.cimuka.com\/en\/urun\/ct60-sh-incubator#primaryimage","url":"https:\/\/www.cimuka.com\/wp-content\/uploads\/2017\/11\/CT_60_SH_600.jpg","contentUrl":"https:\/\/www.cimuka.com\/wp-content\/uploads\/2017\/11\/CT_60_SH_600.jpg","width":600,"height":600},{"@type":"BreadcrumbList","@id":"http:\/\/www.cimuka.com\/en\/urun\/ct60-sh-incubator#breadcrumb","itemListElement":[{"@type":"ListItem","position":1,"name":"Ana sayfa","item":"https:\/\/www.cimuka.com\/en"},{"@type":"ListItem","position":2,"name":"Shop","item":"https:\/\/www.cimuka.com\/en\/shop"},{"@type":"ListItem","position":3,"name":"CT60 SH &#8211; Incubator"}]},{"@type":"WebSite","@id":"https:\/\/www.cimuka.com\/#website","url":"https:\/\/www.cimuka.com\/","name":"Cimuka Kulu\u00e7ka Makinas\u0131 Garantili Kulu\u00e7ka","description":"","potentialAction":[{"@type":"SearchAction","target":{"@type":"EntryPoint","urlTemplate":"https:\/\/www.cimuka.com\/?s={search_term_string}"},"query-input":{"@type":"PropertyValueSpecification","valueRequired":true,"valueName":"search_term_string"}}],"inLanguage":"en-US"}]}},"_links":{"self":[{"href":"https:\/\/www.cimuka.com\/en\/wp-json\/wp\/v2\/product\/2821","targetHints":{"allow":["GET"]}}],"collection":[{"href":"https:\/\/www.cimuka.com\/en\/wp-json\/wp\/v2\/product"}],"about":[{"href":"https:\/\/www.cimuka.com\/en\/wp-json\/wp\/v2\/types\/product"}],"wp:featuredmedia":[{"embeddable":true,"href":"https:\/\/www.cimuka.com\/en\/wp-json\/wp\/v2\/media\/2024"}],"wp:attachment":[{"href":"https:\/\/www.cimuka.com\/en\/wp-json\/wp\/v2\/media?parent=2821"}],"wp:term":[{"taxonomy":"product_brand","embeddable":true,"href":"https:\/\/www.cimuka.com\/en\/wp-json\/wp\/v2\/product_brand?post=2821"},{"taxonomy":"product_cat","embeddable":true,"href":"https:\/\/www.cimuka.com\/en\/wp-json\/wp\/v2\/product_cat?post=2821"},{"taxonomy":"product_tag","embeddable":true,"href":"https:\/\/www.cimuka.com\/en\/wp-json\/wp\/v2\/product_tag?post=2821"}],"curies":[{"name":"wp","href":"https:\/\/api.w.org\/{rel}","templated":true}]}}