{"id":2848,"date":"2017-11-14T16:15:47","date_gmt":"2017-11-14T13:15:47","guid":{"rendered":"http:\/\/www.cimuka.com\/urun\/hb350-s-kulucka-gelisim-makinesi"},"modified":"2018-12-04T18:06:35","modified_gmt":"2018-12-04T15:06:35","slug":"hb350-s-egg-incubator-setter_prodi","status":"publish","type":"product","link":"https:\/\/www.cimuka.com\/en\/urun\/hb350-s-egg-incubator-setter_prodi","title":{"rendered":"Hb350 S &#8211; Egg Incubator (Setter) Prodi"},"content":{"rendered":"<div><\/div>\n<div>\n<h1><span style=\"font-size: 12pt;\"><strong><span style=\"color: #ff6600;\">Egg Incubator (Setter) Prodi &#8211; Hb350 S<br \/>\n<\/span><\/strong><\/span><\/h1>\n<table border=\"1\" width=\"415\" cellspacing=\"1\" cellpadding=\"1\">\n<tbody>\n<tr style=\"height: 35px; background-color: #eee7ab;\">\n<td style=\"width: 133.34375px; height: 35px;\"><span style=\"color: #000000;\"><em><strong>\u00a0Egg Capacity:<br \/>\n<\/strong><\/em><\/span><\/td>\n<td style=\"width: 75.203125px; height: 35px; text-align: center;\"><span style=\"color: #000000;\"><strong>Setters<br \/>\n<\/strong>10 x Flexy35Y<br \/>\n<\/span><\/td>\n<td style=\"width: 90.234375px; height: 35px; text-align: center;\"><span style=\"color: #000000;\"><strong>Hatchers<br \/>\n<\/strong><br \/>\n<\/span><\/td>\n<td style=\"width: 93.25px; height: 35px; text-align: center;\"><span style=\"color: #000000;\"><strong>Total<br \/>\n<\/strong><\/span><\/td>\n<\/tr>\n<tr style=\"height: 18px;\">\n<td style=\"width: 133.34375px; height: 18px; background-color: #e0e0e0;\"><strong>\u00a0Hen\u00a0<\/strong><\/td>\n<td style=\"width: 75.203125px; height: 18px; text-align: center;\">350<\/td>\n<td style=\"width: 90.234375px; height: 18px; text-align: center;\">&#8211;<\/td>\n<td style=\"width: 93.25px; height: 18px; text-align: center;\"><strong>350<\/strong><\/td>\n<\/tr>\n<tr style=\"height: 16px;\">\n<td style=\"width: 133.34375px; height: 16px; background-color: #e0e0e0;\"><strong>\u00a0Turkey-Duck<\/strong><\/td>\n<td style=\"width: 75.203125px; height: 16px; text-align: center;\">240<\/td>\n<td style=\"width: 90.234375px; height: 16px; text-align: center;\">&#8211;<\/td>\n<td style=\"width: 93.25px; height: 16px; text-align: center;\"><strong>240<\/strong><\/td>\n<\/tr>\n<tr style=\"height: 15px;\">\n<td style=\"width: 133.34375px; height: 15px; background-color: #e0e0e0;\"><strong>\u00a0Quail\u00a0<\/strong><\/td>\n<td style=\"width: 75.203125px; height: 15px; text-align: center;\">990<\/td>\n<td style=\"width: 90.234375px; height: 15px; text-align: center;\">&#8211;<\/td>\n<td style=\"width: 93.25px; height: 15px; text-align: center;\"><strong>990<\/strong><\/td>\n<\/tr>\n<tr style=\"height: 19px;\">\n<td style=\"width: 133.34375px; height: 19px; background-color: #e0e0e0;\"><strong>\u00a0Partridge\u00a0<\/strong><\/td>\n<td style=\"width: 75.203125px; height: 19px; text-align: center;\">560<\/td>\n<td style=\"width: 90.234375px; height: 19px; text-align: center;\">&#8211;<\/td>\n<td style=\"width: 93.25px; height: 19px; text-align: center;\"><strong>560<\/strong><\/td>\n<\/tr>\n<tr style=\"height: 17px;\">\n<td style=\"width: 133.34375px; height: 17px; background-color: #e0e0e0;\"><strong>\u00a0Pheasant<\/strong><\/td>\n<td style=\"width: 75.203125px; height: 17px; text-align: center;\">480<\/td>\n<td style=\"width: 90.234375px; height: 17px; text-align: center;\">&#8211;<\/td>\n<td style=\"width: 93.25px; height: 17px; text-align: center;\"><strong>480<\/strong><\/td>\n<\/tr>\n<tr style=\"height: 17.4688px;\">\n<td style=\"width: 133.34375px; height: 17.4688px; background-color: #e0e0e0;\"><strong>\u00a0Goose-Peacock<\/strong><\/td>\n<td style=\"width: 75.203125px; height: 17.4688px; text-align: center;\">150<\/td>\n<td style=\"width: 90.234375px; height: 17.4688px; text-align: center;\">&#8211;<\/td>\n<td style=\"width: 93.25px; height: 17.4688px; text-align: center;\"><strong>150<\/strong><\/td>\n<\/tr>\n<\/tbody>\n<\/table>\n<h1><\/h1>\n<div><\/div>\n<table border=\"0\" cellspacing=\"0\" cellpadding=\"0\" align=\"left\">\n<tbody>\n<tr style=\"height: 13px;\">\n<td style=\"width: 90px; height: 13px;\"><span style=\"color: #ff6600; font-size: 10pt;\"><span style=\"color: #ff6600; font-size: 10pt;\"><em><strong>Usage<\/strong><\/em><\/span><\/span>&nbsp;<\/td>\n<td style=\"width: 290px; height: 13px;\">Setters &#8211; up to 3 days<br \/>\nThe externally available <strong>Flexy35<\/strong> can also be used as a hatcher with the hatch cover.<\/p>\n<div>\n<p>All set\/all hatch use<\/p>\n<\/div>\n<p>&nbsp;<\/td>\n<\/tr>\n<tr style=\"height: 39px;\">\n<td style=\"width: 90px; height: 13px;\"><span style=\"color: #ff6600; font-size: 10pt;\"><em><strong>Cabin<\/strong><\/em><\/span><\/p>\n<p>&nbsp;<\/td>\n<td style=\"width: 290px; height: 39px;\">\n<div>Double walled, high isolation, sandwich panel<\/div>\n<div>Double door design, 2nd door for back cleaning and service<\/div>\n<div>Eloxal aluminium cabin profiles<\/div>\n<\/td>\n<\/tr>\n<tr style=\"height: 26px;\">\n<td style=\"width: 90px; height: 13px;\"><span style=\"color: #ff6600; font-size: 10pt;\"><strong>Temperature<\/strong><\/span><\/p>\n<p>&nbsp;<\/td>\n<td style=\"width: 290px; height: 26px;\">Automatic PID temperature controller,<\/p>\n<div>\n<p>Digital temperature display<\/p>\n<\/div>\n<\/td>\n<\/tr>\n<tr style=\"height: 39.4688px;\">\n<td style=\"width: 90px; height: 13px;\"><span style=\"color: #ff6600; font-size: 10pt;\"><em><strong>Humidity<\/strong><\/em>\u00a0\u00a0<\/span><\/td>\n<td style=\"width: 290px; height: 39.4688px;\">\n<div><strong>Humisonic<sup>TM<\/sup><\/strong>\u00a0full automatic humidity system,<\/div>\n<div>digital humidity display,<\/div>\n<div>humidity tray with rack<br \/>\nWater tank<\/div>\n<\/td>\n<\/tr>\n<tr style=\"height: 54px;\">\n<td style=\"width: 90px; height: 13px;\"><span style=\"color: #ff6600; font-size: 10pt;\"><em><strong>Ventilation<\/strong><\/em><\/span><\/p>\n<p>&nbsp;<\/td>\n<td style=\"width: 290px; height: 54px;\"><strong>Airroute<sup>TM<\/sup>\u00a0\u00a0Plus<\/strong>\u00a0\u00a0ventilation technologie,<br \/>\n<strong>Energy savings of up to 90%<\/strong> in ventilation with only <strong>5 W electricity consumption<\/strong><\/p>\n<div>Long lasting use with <strong>IP55 dust and humidity protection<\/strong><\/div>\n<p>Air cycle with working voltage between 90-265 V<br \/>\n<strong>Is not affected by voltage drops.<\/strong><\/td>\n<\/tr>\n<tr style=\"height: 26px;\">\n<td style=\"width: 90px; height: 13px;\"><span style=\"color: #ff6600; font-size: 10pt;\"><em><strong>Setters<\/strong><\/em><\/span><\/p>\n<p>&nbsp;<\/td>\n<td style=\"width: 290px; height: 26px;\">\n<div><em><strong>TurnX<sup>TM\u00a0<\/sup><\/strong><\/em>automatic egg turning system,<\/div>\n<div>Stainless crom-steel SS304 inside mechanism<\/div>\n<div>\n<p><strong>10 pieces \u00a0<em>Flexy35Y<\/em><\/strong>\u00a0\u2013 adjustable incubation tray<\/p>\n<\/div>\n<\/td>\n<\/tr>\n<tr style=\"height: 13px;\">\n<td style=\"width: 90px; height: 13px;\"><span style=\"color: #ff6600; font-size: 10pt;\"><em><strong>Hatchers<\/strong><\/em><\/span><\/p>\n<p>&nbsp;<\/td>\n<td style=\"width: 290px; height: 13px;\">\n<div><em><strong>None \u2013\u00a0<\/strong><\/em><\/div>\n<div>The externally available <strong>Flexy35<\/strong> can also be used as a hatcher with the hatch cover.<\/div>\n<p>All set\/all hatch<\/td>\n<\/tr>\n<tr style=\"height: 26px;\">\n<td style=\"width: 90px; height: 13px;\">\n<div>\n<p><span style=\"color: #ff6600; font-size: 10pt;\"><em><strong>Alarm<\/strong><\/em><\/span><\/p>\n<p>&nbsp;<\/p>\n<\/div>\n<div><span style=\"color: #ff6600; font-size: 10pt;\">\u00a0\u00a0<\/span><\/div>\n<\/td>\n<td style=\"width: 290px; height: 26px;\">High \u2013 low temperature alarm,<br \/>\nhigh low humidity alarm, sensor alarm<\/td>\n<\/tr>\n<tr style=\"height: 26px;\">\n<td style=\"width: 90px; height: 13px;\">\n<div><span style=\"color: #ff6600; font-size: 10pt;\"><em><strong>Security<br \/>\n<\/strong><\/em>\u00a0<\/span><\/div>\n<div><span style=\"color: #ff6600; font-size: 10pt;\">\u00a0<\/span><\/div>\n<\/td>\n<td style=\"width: 290px; height: 26px;\">Insurance Protection<br \/>\nSensorless operating mode<\/td>\n<\/tr>\n<tr style=\"height: 13px;\">\n<td style=\"width: 90px; height: 13px;\"><span style=\"color: #ff6600; font-size: 10pt;\"><em><strong>Energy consumption<\/strong><\/em><\/span><\/p>\n<p>&nbsp;<\/td>\n<td style=\"width: 290px; height: 13px;\">\u00a0230V \/ 50Hz \u00a0 \u00a0 \u00a0 \u00a0typical:\u00a0<strong>95 W<\/strong>\u00a0\u00a0\u00a0maximum:\u00a0<strong>280 W<\/strong><\/p>\n<p>&nbsp;<\/td>\n<\/tr>\n<tr style=\"height: 13px;\">\n<td style=\"width: 90px; height: 13px;\"><span style=\"color: #ff6600; font-size: 10pt;\"><em><strong>Together with product<\/strong><\/em><\/span><\/p>\n<p>&nbsp;<\/td>\n<td style=\"width: 290px; height: 13px;\">Incubator user manual, \u00a0spare fuse<\/td>\n<\/tr>\n<\/tbody>\n<\/table>\n<div><strong>\u00a0 \u00a0\u00a0<\/strong><em><strong>\u00a0 \u00a0<\/strong><\/em><\/div>\n<div><\/div>\n<div><\/div>\n<div><\/div>\n<\/div>\n","protected":false},"excerpt":{"rendered":"<p>Hb350 S Incubation Setters has a setters capacity of 350 chicken eggs. With its stainless internal mechanism and fully automatic heating \/ turning \/ humidity systems, it offers the ideal incubation environment for embryo development. High \/ low temperature and humidity alarm feature allows users to use more secure. A separate hatcher should be used for the last 3 days of incubation. It is also possible to use as a hatching machine with the external Flexy35 hatch cover. Allows users all set\/all hatch possibility.<\/p>\n","protected":false},"featured_media":2015,"template":"","meta":{"rs_blank_template":"","rs_page_bg_color":"","slide_template_v7":""},"product_brand":[],"product_cat":[93],"product_tag":[],"class_list":{"0":"post-2848","1":"product","2":"type-product","3":"status-publish","4":"has-post-thumbnail","6":"product_cat-hb-series","8":"first","9":"instock","10":"shipping-taxable","11":"product-type-simple"},"yoast_head":"<!-- This site is optimized with the Yoast SEO plugin v27.5 - https:\/\/yoast.com\/product\/yoast-seo-wordpress\/ -->\n<title>Hb350 S - Egg Incubator (Setter) Prodi - Cimuka Kulu\u00e7ka Makinas\u0131 Garantili Kulu\u00e7ka<\/title>\n<meta name=\"robots\" content=\"index, follow, max-snippet:-1, max-image-preview:large, max-video-preview:-1\" \/>\n<link rel=\"canonical\" href=\"https:\/\/www.cimuka.com\/en\/urun\/hb350-s-egg-incubator-setter_prodi\" \/>\n<meta property=\"og:locale\" content=\"en_US\" \/>\n<meta property=\"og:type\" content=\"article\" \/>\n<meta property=\"og:title\" content=\"Hb350 S - Egg Incubator (Setter) Prodi - Cimuka Kulu\u00e7ka Makinas\u0131 Garantili Kulu\u00e7ka\" \/>\n<meta property=\"og:description\" content=\"Hb350 S Incubation Setters has a setters capacity of 350 chicken eggs. With its stainless internal mechanism and fully automatic heating \/ turning \/ humidity systems, it offers the ideal incubation environment for embryo development. High \/ low temperature and humidity alarm feature allows users to use more secure. A separate hatcher should be used for the last 3 days of incubation. It is also possible to use as a hatching machine with the external Flexy35 hatch cover. Allows users all set\/all hatch possibility.\" \/>\n<meta property=\"og:url\" content=\"https:\/\/www.cimuka.com\/en\/urun\/hb350-s-egg-incubator-setter_prodi\" \/>\n<meta property=\"og:site_name\" content=\"Cimuka Kulu\u00e7ka Makinas\u0131 Garantili Kulu\u00e7ka\" \/>\n<meta property=\"article:modified_time\" content=\"2018-12-04T15:06:35+00:00\" \/>\n<meta property=\"og:image\" content=\"https:\/\/www.cimuka.com\/wp-content\/uploads\/2017\/11\/Hb350S_600.jpg\" \/>\n\t<meta property=\"og:image:width\" content=\"600\" \/>\n\t<meta property=\"og:image:height\" content=\"600\" \/>\n\t<meta property=\"og:image:type\" content=\"image\/jpeg\" \/>\n<meta name=\"twitter:card\" content=\"summary_large_image\" \/>\n<meta name=\"twitter:label1\" content=\"Est. reading time\" \/>\n\t<meta name=\"twitter:data1\" content=\"1 minute\" \/>\n<script type=\"application\/ld+json\" class=\"yoast-schema-graph\">{\"@context\":\"https:\\\/\\\/schema.org\",\"@graph\":[{\"@type\":\"WebPage\",\"@id\":\"https:\\\/\\\/www.cimuka.com\\\/en\\\/urun\\\/hb350-s-egg-incubator-setter_prodi\",\"url\":\"https:\\\/\\\/www.cimuka.com\\\/en\\\/urun\\\/hb350-s-egg-incubator-setter_prodi\",\"name\":\"Hb350 S - Egg Incubator (Setter) Prodi - Cimuka Kulu\u00e7ka Makinas\u0131 Garantili Kulu\u00e7ka\",\"isPartOf\":{\"@id\":\"https:\\\/\\\/www.cimuka.com\\\/#website\"},\"primaryImageOfPage\":{\"@id\":\"https:\\\/\\\/www.cimuka.com\\\/en\\\/urun\\\/hb350-s-egg-incubator-setter_prodi#primaryimage\"},\"image\":{\"@id\":\"https:\\\/\\\/www.cimuka.com\\\/en\\\/urun\\\/hb350-s-egg-incubator-setter_prodi#primaryimage\"},\"thumbnailUrl\":\"https:\\\/\\\/www.cimuka.com\\\/wp-content\\\/uploads\\\/2017\\\/11\\\/Hb350S_600.jpg\",\"datePublished\":\"2017-11-14T13:15:47+00:00\",\"dateModified\":\"2018-12-04T15:06:35+00:00\",\"breadcrumb\":{\"@id\":\"https:\\\/\\\/www.cimuka.com\\\/en\\\/urun\\\/hb350-s-egg-incubator-setter_prodi#breadcrumb\"},\"inLanguage\":\"en-US\",\"potentialAction\":[{\"@type\":\"ReadAction\",\"target\":[\"https:\\\/\\\/www.cimuka.com\\\/en\\\/urun\\\/hb350-s-egg-incubator-setter_prodi\"]}]},{\"@type\":\"ImageObject\",\"inLanguage\":\"en-US\",\"@id\":\"https:\\\/\\\/www.cimuka.com\\\/en\\\/urun\\\/hb350-s-egg-incubator-setter_prodi#primaryimage\",\"url\":\"https:\\\/\\\/www.cimuka.com\\\/wp-content\\\/uploads\\\/2017\\\/11\\\/Hb350S_600.jpg\",\"contentUrl\":\"https:\\\/\\\/www.cimuka.com\\\/wp-content\\\/uploads\\\/2017\\\/11\\\/Hb350S_600.jpg\",\"width\":600,\"height\":600},{\"@type\":\"BreadcrumbList\",\"@id\":\"https:\\\/\\\/www.cimuka.com\\\/en\\\/urun\\\/hb350-s-egg-incubator-setter_prodi#breadcrumb\",\"itemListElement\":[{\"@type\":\"ListItem\",\"position\":1,\"name\":\"Ana sayfa\",\"item\":\"https:\\\/\\\/www.cimuka.com\\\/en\"},{\"@type\":\"ListItem\",\"position\":2,\"name\":\"Shop\",\"item\":\"https:\\\/\\\/www.cimuka.com\\\/en\\\/shop\"},{\"@type\":\"ListItem\",\"position\":3,\"name\":\"Hb350 S &#8211; Egg Incubator (Setter) Prodi\"}]},{\"@type\":\"WebSite\",\"@id\":\"https:\\\/\\\/www.cimuka.com\\\/#website\",\"url\":\"https:\\\/\\\/www.cimuka.com\\\/\",\"name\":\"Cimuka Kulu\u00e7ka Makinas\u0131 Garantili Kulu\u00e7ka\",\"description\":\"\",\"potentialAction\":[{\"@type\":\"SearchAction\",\"target\":{\"@type\":\"EntryPoint\",\"urlTemplate\":\"https:\\\/\\\/www.cimuka.com\\\/?s={search_term_string}\"},\"query-input\":{\"@type\":\"PropertyValueSpecification\",\"valueRequired\":true,\"valueName\":\"search_term_string\"}}],\"inLanguage\":\"en-US\"}]}<\/script>\n<!-- \/ Yoast SEO plugin. -->","yoast_head_json":{"title":"Hb350 S - Egg Incubator (Setter) Prodi - Cimuka Kulu\u00e7ka Makinas\u0131 Garantili Kulu\u00e7ka","robots":{"index":"index","follow":"follow","max-snippet":"max-snippet:-1","max-image-preview":"max-image-preview:large","max-video-preview":"max-video-preview:-1"},"canonical":"https:\/\/www.cimuka.com\/en\/urun\/hb350-s-egg-incubator-setter_prodi","og_locale":"en_US","og_type":"article","og_title":"Hb350 S - Egg Incubator (Setter) Prodi - Cimuka Kulu\u00e7ka Makinas\u0131 Garantili Kulu\u00e7ka","og_description":"Hb350 S Incubation Setters has a setters capacity of 350 chicken eggs. With its stainless internal mechanism and fully automatic heating \/ turning \/ humidity systems, it offers the ideal incubation environment for embryo development. High \/ low temperature and humidity alarm feature allows users to use more secure. A separate hatcher should be used for the last 3 days of incubation. It is also possible to use as a hatching machine with the external Flexy35 hatch cover. Allows users all set\/all hatch possibility.","og_url":"https:\/\/www.cimuka.com\/en\/urun\/hb350-s-egg-incubator-setter_prodi","og_site_name":"Cimuka Kulu\u00e7ka Makinas\u0131 Garantili Kulu\u00e7ka","article_modified_time":"2018-12-04T15:06:35+00:00","og_image":[{"width":600,"height":600,"url":"https:\/\/www.cimuka.com\/wp-content\/uploads\/2017\/11\/Hb350S_600.jpg","type":"image\/jpeg"}],"twitter_card":"summary_large_image","twitter_misc":{"Est. reading time":"1 minute"},"schema":{"@context":"https:\/\/schema.org","@graph":[{"@type":"WebPage","@id":"https:\/\/www.cimuka.com\/en\/urun\/hb350-s-egg-incubator-setter_prodi","url":"https:\/\/www.cimuka.com\/en\/urun\/hb350-s-egg-incubator-setter_prodi","name":"Hb350 S - Egg Incubator (Setter) Prodi - Cimuka Kulu\u00e7ka Makinas\u0131 Garantili Kulu\u00e7ka","isPartOf":{"@id":"https:\/\/www.cimuka.com\/#website"},"primaryImageOfPage":{"@id":"https:\/\/www.cimuka.com\/en\/urun\/hb350-s-egg-incubator-setter_prodi#primaryimage"},"image":{"@id":"https:\/\/www.cimuka.com\/en\/urun\/hb350-s-egg-incubator-setter_prodi#primaryimage"},"thumbnailUrl":"https:\/\/www.cimuka.com\/wp-content\/uploads\/2017\/11\/Hb350S_600.jpg","datePublished":"2017-11-14T13:15:47+00:00","dateModified":"2018-12-04T15:06:35+00:00","breadcrumb":{"@id":"https:\/\/www.cimuka.com\/en\/urun\/hb350-s-egg-incubator-setter_prodi#breadcrumb"},"inLanguage":"en-US","potentialAction":[{"@type":"ReadAction","target":["https:\/\/www.cimuka.com\/en\/urun\/hb350-s-egg-incubator-setter_prodi"]}]},{"@type":"ImageObject","inLanguage":"en-US","@id":"https:\/\/www.cimuka.com\/en\/urun\/hb350-s-egg-incubator-setter_prodi#primaryimage","url":"https:\/\/www.cimuka.com\/wp-content\/uploads\/2017\/11\/Hb350S_600.jpg","contentUrl":"https:\/\/www.cimuka.com\/wp-content\/uploads\/2017\/11\/Hb350S_600.jpg","width":600,"height":600},{"@type":"BreadcrumbList","@id":"https:\/\/www.cimuka.com\/en\/urun\/hb350-s-egg-incubator-setter_prodi#breadcrumb","itemListElement":[{"@type":"ListItem","position":1,"name":"Ana sayfa","item":"https:\/\/www.cimuka.com\/en"},{"@type":"ListItem","position":2,"name":"Shop","item":"https:\/\/www.cimuka.com\/en\/shop"},{"@type":"ListItem","position":3,"name":"Hb350 S &#8211; Egg Incubator (Setter) Prodi"}]},{"@type":"WebSite","@id":"https:\/\/www.cimuka.com\/#website","url":"https:\/\/www.cimuka.com\/","name":"Cimuka Kulu\u00e7ka Makinas\u0131 Garantili Kulu\u00e7ka","description":"","potentialAction":[{"@type":"SearchAction","target":{"@type":"EntryPoint","urlTemplate":"https:\/\/www.cimuka.com\/?s={search_term_string}"},"query-input":{"@type":"PropertyValueSpecification","valueRequired":true,"valueName":"search_term_string"}}],"inLanguage":"en-US"}]}},"_links":{"self":[{"href":"https:\/\/www.cimuka.com\/en\/wp-json\/wp\/v2\/product\/2848","targetHints":{"allow":["GET"]}}],"collection":[{"href":"https:\/\/www.cimuka.com\/en\/wp-json\/wp\/v2\/product"}],"about":[{"href":"https:\/\/www.cimuka.com\/en\/wp-json\/wp\/v2\/types\/product"}],"wp:featuredmedia":[{"embeddable":true,"href":"https:\/\/www.cimuka.com\/en\/wp-json\/wp\/v2\/media\/2015"}],"wp:attachment":[{"href":"https:\/\/www.cimuka.com\/en\/wp-json\/wp\/v2\/media?parent=2848"}],"wp:term":[{"taxonomy":"product_brand","embeddable":true,"href":"https:\/\/www.cimuka.com\/en\/wp-json\/wp\/v2\/product_brand?post=2848"},{"taxonomy":"product_cat","embeddable":true,"href":"https:\/\/www.cimuka.com\/en\/wp-json\/wp\/v2\/product_cat?post=2848"},{"taxonomy":"product_tag","embeddable":true,"href":"https:\/\/www.cimuka.com\/en\/wp-json\/wp\/v2\/product_tag?post=2848"}],"curies":[{"name":"wp","href":"https:\/\/api.w.org\/{rel}","templated":true}]}}