{"id":2865,"date":"2017-11-14T16:04:37","date_gmt":"2017-11-14T13:04:37","guid":{"rendered":"http:\/\/www.cimuka.com\/urun\/hb700-h-kulucka-cikim-makinesi"},"modified":"2018-12-12T15:01:31","modified_gmt":"2018-12-12T12:01:31","slug":"hb700-h-egg-incubator-hatcher-prodi","status":"publish","type":"product","link":"https:\/\/www.cimuka.com\/en\/urun\/hb700-h-egg-incubator-hatcher-prodi","title":{"rendered":"Hb700 H &#8211; Egg Incubator (Hatcher) Prodi"},"content":{"rendered":"<div><\/div>\n<div>\n<div><strong><span style=\"color: #ff6600;\">Egg Incubator (Hatcher) Prodi &#8211; Hb700 H<br \/>\n<\/span><\/strong><\/div>\n<div>\n<table style=\"height: 138px;\" border=\"1\" width=\"415\" cellspacing=\"1\" cellpadding=\"1\">\n<tbody>\n<tr style=\"height: 35px; background-color: #eee7ab;\">\n<td style=\"width: 135.34375px; height: 35px;\"><span style=\"color: #000000;\"><em><strong>\u00a0Egg Capacity:<br \/>\n<\/strong><\/em><\/span><\/td>\n<td style=\"width: 73.203125px; height: 35px; text-align: center;\"><span style=\"color: #000000;\"><strong>Setters<br \/>\n<\/strong><\/span><\/td>\n<td style=\"width: 90.234375px; height: 35px; text-align: center;\"><span style=\"color: #000000;\"><strong>Hatchers<br \/>\n<\/strong>20 x CS35Y<br \/>\n<\/span><\/td>\n<td style=\"width: 93.25px; height: 35px; text-align: center;\"><span style=\"color: #000000;\"><strong>Total<br \/>\n<\/strong><\/span><\/td>\n<\/tr>\n<tr style=\"height: 18px;\">\n<td style=\"width: 135.34375px; height: 18px; background-color: #e0e0e0;\"><strong>\u00a0Hen\u00a0<\/strong><\/td>\n<td style=\"width: 73.203125px; height: 18px; text-align: center;\">&#8211;<\/td>\n<td style=\"width: 90.234375px; height: 18px; text-align: center;\">700<\/td>\n<td style=\"width: 93.25px; height: 18px; text-align: center;\"><strong>700<\/strong><\/td>\n<\/tr>\n<tr style=\"height: 16px;\">\n<td style=\"width: 135.34375px; height: 16px; background-color: #e0e0e0;\"><strong>\u00a0Turkey-Duck<\/strong><\/td>\n<td style=\"width: 73.203125px; height: 16px; text-align: center;\">&#8211;<\/td>\n<td style=\"width: 90.234375px; height: 16px; text-align: center;\">480<\/td>\n<td style=\"width: 93.25px; height: 16px; text-align: center;\"><strong>480<\/strong><\/td>\n<\/tr>\n<tr style=\"height: 15px;\">\n<td style=\"width: 135.34375px; height: 15px; background-color: #e0e0e0;\"><strong>\u00a0Quail\u00a0<\/strong><\/td>\n<td style=\"width: 73.203125px; height: 15px; text-align: center;\">&#8211;<\/td>\n<td style=\"width: 90.234375px; height: 15px; text-align: center;\">1980<\/td>\n<td style=\"width: 93.25px; height: 15px; text-align: center;\"><strong>1980<\/strong><\/td>\n<\/tr>\n<tr style=\"height: 19px;\">\n<td style=\"width: 135.34375px; height: 19px; background-color: #e0e0e0;\"><strong>\u00a0Partridge\u00a0<\/strong><\/td>\n<td style=\"width: 73.203125px; height: 19px; text-align: center;\">&#8211;<\/td>\n<td style=\"width: 90.234375px; height: 19px; text-align: center;\">1120<\/td>\n<td style=\"width: 93.25px; height: 19px; text-align: center;\"><strong>1120<\/strong><\/td>\n<\/tr>\n<tr style=\"height: 17px;\">\n<td style=\"width: 135.34375px; height: 17px; background-color: #e0e0e0;\"><strong>\u00a0Pheasant<\/strong><\/td>\n<td style=\"width: 73.203125px; height: 17px; text-align: center;\">&#8211;<\/td>\n<td style=\"width: 90.234375px; height: 17px; text-align: center;\">960<\/td>\n<td style=\"width: 93.25px; height: 17px; text-align: center;\"><strong>960<\/strong><\/td>\n<\/tr>\n<tr style=\"height: 17.4688px;\">\n<td style=\"width: 135.34375px; height: 18px; background-color: #e0e0e0;\"><strong>\u00a0Goose-Peacock<\/strong><\/td>\n<td style=\"width: 73.203125px; height: 18px; text-align: center;\">&#8211;<\/td>\n<td style=\"width: 90.234375px; height: 18px; text-align: center;\">300<\/td>\n<td style=\"width: 93.25px; height: 18px; text-align: center;\"><strong>300<\/strong><\/td>\n<\/tr>\n<\/tbody>\n<\/table>\n<h1><\/h1>\n<div><\/div>\n<table border=\"0\" cellspacing=\"0\" cellpadding=\"0\" align=\"left\">\n<tbody>\n<tr style=\"height: 13px;\">\n<td style=\"width: 101.078125px; height: 13px;\"><span style=\"color: #ff6600; font-size: small;\"><span style=\"caret-color: #ff6600;\"><b><i>Usage<\/i><\/b><\/span><\/span><br \/>\n&nbsp;<\/td>\n<td style=\"width: 296.921875px; height: 13px;\">Hatchers \u2013 for last 3 days<\/td>\n<\/tr>\n<tr style=\"height: 39px;\">\n<td style=\"width: 101.078125px; height: 39px;\"><span style=\"color: #ff6600; font-size: 10pt;\"><em><strong>Cabin<\/strong><\/em><\/span><\/p>\n<p>&nbsp;<\/td>\n<td style=\"width: 296.921875px; height: 39px;\">\n<div>Double walled, high isolation, sandwich panel<\/div>\n<div>Double door design, 2nd door for back cleaning and service<\/div>\n<div>Eloxal aluminium cabin profiles<\/div>\n<\/td>\n<\/tr>\n<tr style=\"height: 26px;\">\n<td style=\"width: 101.078125px; height: 26px;\"><em><span style=\"color: #ff6600; font-size: 10pt;\"><strong>Temperature<\/strong><\/span><\/em><\/p>\n<p>&nbsp;<\/td>\n<td style=\"width: 296.921875px; height: 26px;\">Automatic PID temperature controler,<\/p>\n<div>\n<p>Digital temperature display<\/p>\n<\/div>\n<\/td>\n<\/tr>\n<tr style=\"height: 39px;\">\n<td style=\"width: 101.078125px; height: 39px;\"><span style=\"color: #ff6600; font-size: 10pt;\"><em><strong>Ventilation<\/strong><\/em>\u00a0\u00a0<\/span><\/td>\n<td style=\"width: 296.921875px; height: 39px;\"><strong>Humisonic<sup>TM\u00a0<\/sup><\/strong>full automatic humidity system,<\/p>\n<div>digital humidity display,<\/div>\n<div>humidity tray with rack<br \/>\nWater tank<\/div>\n<\/td>\n<\/tr>\n<tr style=\"height: 34.9375px;\">\n<td style=\"width: 101.078125px; height: 34.9375px;\"><span style=\"color: #ff6600; font-size: 10pt;\"><em><strong>Ventilation<\/strong><\/em><\/span><\/p>\n<p>&nbsp;<\/td>\n<td style=\"width: 296.921875px; height: 34.9375px;\"><strong>Airroute<sup>TM<\/sup>\u00a0\u00a0Plus<\/strong>\u00a0\u00a0ventilation technologie,<br \/>\n<strong>Energy savings of up to 90%<\/strong> in ventilation with only <strong>5 W electricity consumption<\/strong><\/p>\n<div>Long lasting use with <strong>IP55 dust and humidity protection<\/strong><\/div>\n<p>Air cycle with working voltage between 90-265 V<br \/>\n<strong>Is not affected by voltage drops.<\/strong><\/td>\n<\/tr>\n<tr style=\"height: 26px;\">\n<td style=\"width: 101.078125px; height: 26px;\"><span style=\"color: #ff6600; font-size: 10pt;\"><em><strong>Setters<\/strong><\/em><\/span><\/p>\n<p>&nbsp;<\/td>\n<td style=\"width: 296.921875px; height: 26px;\"><strong>None<\/strong><\/td>\n<\/tr>\n<tr style=\"height: 13px;\">\n<td style=\"width: 101.078125px; height: 13px;\"><span style=\"color: #ff6600; font-size: 10pt;\"><em><strong>Hatchers<\/strong><\/em><\/span><\/p>\n<p>&nbsp;<\/td>\n<td style=\"width: 296.921875px; height: 13px;\"><strong>20 pieces\u00a0<em>CS35Y<\/em><\/strong>\u00a0\u2013 hatchers baskets<br \/>\nWith stand-alone shelf system possibility to working in all floors separately.<\/td>\n<\/tr>\n<tr style=\"height: 26px;\">\n<td style=\"width: 101.078125px; height: 26px;\">\n<div>\n<p><span style=\"color: #ff6600; font-size: 10pt;\"><em><strong>Alarm<\/strong><\/em><\/span><\/p>\n<p>&nbsp;<\/p>\n<\/div>\n<div><span style=\"color: #ff6600; font-size: 10pt;\">\u00a0\u00a0<\/span><\/div>\n<\/td>\n<td style=\"width: 296.921875px; height: 26px;\">High \u2013 low temperature alarm,<br \/>\nhigh low humidity alarm, sensor alarm<\/td>\n<\/tr>\n<tr style=\"height: 26px;\">\n<td style=\"width: 101.078125px; height: 26px;\">\n<div><span style=\"color: #ff6600; font-size: 10pt;\"><em><strong>Securty<br \/>\n<\/strong><\/em>\u00a0<\/span><\/div>\n<div><span style=\"color: #ff6600; font-size: 10pt;\">\u00a0<\/span><\/div>\n<\/td>\n<td style=\"width: 296.921875px; height: 26px;\">\n<div>Insurance Protection<\/div>\n<div>\n<p>Sensorless operating mode<\/p>\n<\/div>\n<\/td>\n<\/tr>\n<tr style=\"height: 13px;\">\n<td style=\"width: 101.078125px; height: 13px;\"><span style=\"color: #ff6600; font-size: 10pt;\"><em><strong>Energy consumption<\/strong><\/em><\/span><\/p>\n<p>&nbsp;<\/td>\n<td style=\"width: 296.921875px; height: 13px;\">\u00a0230V \/ 50Hz \u00a0 \u00a0 \u00a0 \u00a0typical:\u00a0<strong>140 W<\/strong>\u00a0\u00a0\u00a0maximum:\u00a0<strong>415 W<\/strong><\/p>\n<p>&nbsp;<\/td>\n<\/tr>\n<tr style=\"height: 13px;\">\n<td style=\"width: 101.078125px; height: 13px;\"><span><strong><i style=\"color: #ff6600; font-size: 10pt;\">Together with\u00a0<\/i><span style=\"color: #ff6600; font-size: small;\"><span style=\"caret-color: #ff6600;\"><i>product<\/i><\/span><\/span><\/strong><\/span><\/p>\n<p>&nbsp;<\/td>\n<td style=\"width: 296.921875px; height: 13px;\">Incubator user manual, spare fuse<\/td>\n<\/tr>\n<\/tbody>\n<\/table>\n<div><strong>\u00a0 \u00a0\u00a0<\/strong><em><strong>\u00a0 \u00a0<\/strong><\/em><\/div>\n<\/div>\n<\/div>\n","protected":false},"excerpt":{"rendered":"<p>Hb700 H Hatchers is a product used for the last 3 days of incubation with hatching capacity of 700 chicken eggs. Fully automatic heating \/ turning systems provide the ideal incubation environment for embryo hatchery. High \/ low temperature and humidity alarm feature allows users to use more secure. Use with a separate development machine is required.<\/p>\n","protected":false},"featured_media":2023,"template":"","meta":{"rs_blank_template":"","rs_page_bg_color":"","slide_template_v7":""},"product_brand":[],"product_cat":[93],"product_tag":[],"class_list":{"0":"post-2865","1":"product","2":"type-product","3":"status-publish","4":"has-post-thumbnail","6":"product_cat-hb-series","8":"first","9":"instock","10":"shipping-taxable","11":"product-type-simple"},"yoast_head":"<!-- This site is optimized with the Yoast SEO plugin v27.5 - https:\/\/yoast.com\/product\/yoast-seo-wordpress\/ -->\n<title>Hb700 H - Egg Incubator (Hatcher) Prodi - Cimuka Kulu\u00e7ka Makinas\u0131 Garantili Kulu\u00e7ka<\/title>\n<meta name=\"robots\" content=\"index, follow, max-snippet:-1, max-image-preview:large, max-video-preview:-1\" \/>\n<link rel=\"canonical\" href=\"https:\/\/www.cimuka.com\/en\/urun\/hb700-h-egg-incubator-hatcher-prodi\" \/>\n<meta property=\"og:locale\" content=\"en_US\" \/>\n<meta property=\"og:type\" content=\"article\" \/>\n<meta property=\"og:title\" content=\"Hb700 H - Egg Incubator (Hatcher) Prodi - Cimuka Kulu\u00e7ka Makinas\u0131 Garantili Kulu\u00e7ka\" \/>\n<meta property=\"og:description\" content=\"Hb700 H Hatchers is a product used for the last 3 days of incubation with hatching capacity of 700 chicken eggs. Fully automatic heating \/ turning systems provide the ideal incubation environment for embryo hatchery. High \/ low temperature and humidity alarm feature allows users to use more secure. Use with a separate development machine is required.\" \/>\n<meta property=\"og:url\" content=\"https:\/\/www.cimuka.com\/en\/urun\/hb700-h-egg-incubator-hatcher-prodi\" \/>\n<meta property=\"og:site_name\" content=\"Cimuka Kulu\u00e7ka Makinas\u0131 Garantili Kulu\u00e7ka\" \/>\n<meta property=\"article:modified_time\" content=\"2018-12-12T12:01:31+00:00\" \/>\n<meta property=\"og:image\" content=\"https:\/\/www.cimuka.com\/wp-content\/uploads\/2017\/11\/Hb700H_600.jpg\" \/>\n\t<meta property=\"og:image:width\" content=\"600\" \/>\n\t<meta property=\"og:image:height\" content=\"600\" \/>\n\t<meta property=\"og:image:type\" content=\"image\/jpeg\" \/>\n<meta name=\"twitter:card\" content=\"summary_large_image\" \/>\n<meta name=\"twitter:label1\" content=\"Est. reading time\" \/>\n\t<meta name=\"twitter:data1\" content=\"1 minute\" \/>\n<script type=\"application\/ld+json\" class=\"yoast-schema-graph\">{\"@context\":\"https:\\\/\\\/schema.org\",\"@graph\":[{\"@type\":\"WebPage\",\"@id\":\"https:\\\/\\\/www.cimuka.com\\\/en\\\/urun\\\/hb700-h-egg-incubator-hatcher-prodi\",\"url\":\"https:\\\/\\\/www.cimuka.com\\\/en\\\/urun\\\/hb700-h-egg-incubator-hatcher-prodi\",\"name\":\"Hb700 H - Egg Incubator (Hatcher) Prodi - Cimuka Kulu\u00e7ka Makinas\u0131 Garantili Kulu\u00e7ka\",\"isPartOf\":{\"@id\":\"https:\\\/\\\/www.cimuka.com\\\/#website\"},\"primaryImageOfPage\":{\"@id\":\"https:\\\/\\\/www.cimuka.com\\\/en\\\/urun\\\/hb700-h-egg-incubator-hatcher-prodi#primaryimage\"},\"image\":{\"@id\":\"https:\\\/\\\/www.cimuka.com\\\/en\\\/urun\\\/hb700-h-egg-incubator-hatcher-prodi#primaryimage\"},\"thumbnailUrl\":\"https:\\\/\\\/www.cimuka.com\\\/wp-content\\\/uploads\\\/2017\\\/11\\\/Hb700H_600.jpg\",\"datePublished\":\"2017-11-14T13:04:37+00:00\",\"dateModified\":\"2018-12-12T12:01:31+00:00\",\"breadcrumb\":{\"@id\":\"https:\\\/\\\/www.cimuka.com\\\/en\\\/urun\\\/hb700-h-egg-incubator-hatcher-prodi#breadcrumb\"},\"inLanguage\":\"en-US\",\"potentialAction\":[{\"@type\":\"ReadAction\",\"target\":[\"https:\\\/\\\/www.cimuka.com\\\/en\\\/urun\\\/hb700-h-egg-incubator-hatcher-prodi\"]}]},{\"@type\":\"ImageObject\",\"inLanguage\":\"en-US\",\"@id\":\"https:\\\/\\\/www.cimuka.com\\\/en\\\/urun\\\/hb700-h-egg-incubator-hatcher-prodi#primaryimage\",\"url\":\"https:\\\/\\\/www.cimuka.com\\\/wp-content\\\/uploads\\\/2017\\\/11\\\/Hb700H_600.jpg\",\"contentUrl\":\"https:\\\/\\\/www.cimuka.com\\\/wp-content\\\/uploads\\\/2017\\\/11\\\/Hb700H_600.jpg\",\"width\":600,\"height\":600},{\"@type\":\"BreadcrumbList\",\"@id\":\"https:\\\/\\\/www.cimuka.com\\\/en\\\/urun\\\/hb700-h-egg-incubator-hatcher-prodi#breadcrumb\",\"itemListElement\":[{\"@type\":\"ListItem\",\"position\":1,\"name\":\"Ana sayfa\",\"item\":\"https:\\\/\\\/www.cimuka.com\\\/en\"},{\"@type\":\"ListItem\",\"position\":2,\"name\":\"Shop\",\"item\":\"https:\\\/\\\/www.cimuka.com\\\/en\\\/shop\"},{\"@type\":\"ListItem\",\"position\":3,\"name\":\"Hb700 H &#8211; Egg Incubator (Hatcher) Prodi\"}]},{\"@type\":\"WebSite\",\"@id\":\"https:\\\/\\\/www.cimuka.com\\\/#website\",\"url\":\"https:\\\/\\\/www.cimuka.com\\\/\",\"name\":\"Cimuka Kulu\u00e7ka Makinas\u0131 Garantili Kulu\u00e7ka\",\"description\":\"\",\"potentialAction\":[{\"@type\":\"SearchAction\",\"target\":{\"@type\":\"EntryPoint\",\"urlTemplate\":\"https:\\\/\\\/www.cimuka.com\\\/?s={search_term_string}\"},\"query-input\":{\"@type\":\"PropertyValueSpecification\",\"valueRequired\":true,\"valueName\":\"search_term_string\"}}],\"inLanguage\":\"en-US\"}]}<\/script>\n<!-- \/ Yoast SEO plugin. -->","yoast_head_json":{"title":"Hb700 H - Egg Incubator (Hatcher) Prodi - Cimuka Kulu\u00e7ka Makinas\u0131 Garantili Kulu\u00e7ka","robots":{"index":"index","follow":"follow","max-snippet":"max-snippet:-1","max-image-preview":"max-image-preview:large","max-video-preview":"max-video-preview:-1"},"canonical":"https:\/\/www.cimuka.com\/en\/urun\/hb700-h-egg-incubator-hatcher-prodi","og_locale":"en_US","og_type":"article","og_title":"Hb700 H - Egg Incubator (Hatcher) Prodi - Cimuka Kulu\u00e7ka Makinas\u0131 Garantili Kulu\u00e7ka","og_description":"Hb700 H Hatchers is a product used for the last 3 days of incubation with hatching capacity of 700 chicken eggs. Fully automatic heating \/ turning systems provide the ideal incubation environment for embryo hatchery. High \/ low temperature and humidity alarm feature allows users to use more secure. Use with a separate development machine is required.","og_url":"https:\/\/www.cimuka.com\/en\/urun\/hb700-h-egg-incubator-hatcher-prodi","og_site_name":"Cimuka Kulu\u00e7ka Makinas\u0131 Garantili Kulu\u00e7ka","article_modified_time":"2018-12-12T12:01:31+00:00","og_image":[{"width":600,"height":600,"url":"https:\/\/www.cimuka.com\/wp-content\/uploads\/2017\/11\/Hb700H_600.jpg","type":"image\/jpeg"}],"twitter_card":"summary_large_image","twitter_misc":{"Est. reading time":"1 minute"},"schema":{"@context":"https:\/\/schema.org","@graph":[{"@type":"WebPage","@id":"https:\/\/www.cimuka.com\/en\/urun\/hb700-h-egg-incubator-hatcher-prodi","url":"https:\/\/www.cimuka.com\/en\/urun\/hb700-h-egg-incubator-hatcher-prodi","name":"Hb700 H - Egg Incubator (Hatcher) Prodi - Cimuka Kulu\u00e7ka Makinas\u0131 Garantili Kulu\u00e7ka","isPartOf":{"@id":"https:\/\/www.cimuka.com\/#website"},"primaryImageOfPage":{"@id":"https:\/\/www.cimuka.com\/en\/urun\/hb700-h-egg-incubator-hatcher-prodi#primaryimage"},"image":{"@id":"https:\/\/www.cimuka.com\/en\/urun\/hb700-h-egg-incubator-hatcher-prodi#primaryimage"},"thumbnailUrl":"https:\/\/www.cimuka.com\/wp-content\/uploads\/2017\/11\/Hb700H_600.jpg","datePublished":"2017-11-14T13:04:37+00:00","dateModified":"2018-12-12T12:01:31+00:00","breadcrumb":{"@id":"https:\/\/www.cimuka.com\/en\/urun\/hb700-h-egg-incubator-hatcher-prodi#breadcrumb"},"inLanguage":"en-US","potentialAction":[{"@type":"ReadAction","target":["https:\/\/www.cimuka.com\/en\/urun\/hb700-h-egg-incubator-hatcher-prodi"]}]},{"@type":"ImageObject","inLanguage":"en-US","@id":"https:\/\/www.cimuka.com\/en\/urun\/hb700-h-egg-incubator-hatcher-prodi#primaryimage","url":"https:\/\/www.cimuka.com\/wp-content\/uploads\/2017\/11\/Hb700H_600.jpg","contentUrl":"https:\/\/www.cimuka.com\/wp-content\/uploads\/2017\/11\/Hb700H_600.jpg","width":600,"height":600},{"@type":"BreadcrumbList","@id":"https:\/\/www.cimuka.com\/en\/urun\/hb700-h-egg-incubator-hatcher-prodi#breadcrumb","itemListElement":[{"@type":"ListItem","position":1,"name":"Ana sayfa","item":"https:\/\/www.cimuka.com\/en"},{"@type":"ListItem","position":2,"name":"Shop","item":"https:\/\/www.cimuka.com\/en\/shop"},{"@type":"ListItem","position":3,"name":"Hb700 H &#8211; Egg Incubator (Hatcher) Prodi"}]},{"@type":"WebSite","@id":"https:\/\/www.cimuka.com\/#website","url":"https:\/\/www.cimuka.com\/","name":"Cimuka Kulu\u00e7ka Makinas\u0131 Garantili Kulu\u00e7ka","description":"","potentialAction":[{"@type":"SearchAction","target":{"@type":"EntryPoint","urlTemplate":"https:\/\/www.cimuka.com\/?s={search_term_string}"},"query-input":{"@type":"PropertyValueSpecification","valueRequired":true,"valueName":"search_term_string"}}],"inLanguage":"en-US"}]}},"_links":{"self":[{"href":"https:\/\/www.cimuka.com\/en\/wp-json\/wp\/v2\/product\/2865","targetHints":{"allow":["GET"]}}],"collection":[{"href":"https:\/\/www.cimuka.com\/en\/wp-json\/wp\/v2\/product"}],"about":[{"href":"https:\/\/www.cimuka.com\/en\/wp-json\/wp\/v2\/types\/product"}],"wp:featuredmedia":[{"embeddable":true,"href":"https:\/\/www.cimuka.com\/en\/wp-json\/wp\/v2\/media\/2023"}],"wp:attachment":[{"href":"https:\/\/www.cimuka.com\/en\/wp-json\/wp\/v2\/media?parent=2865"}],"wp:term":[{"taxonomy":"product_brand","embeddable":true,"href":"https:\/\/www.cimuka.com\/en\/wp-json\/wp\/v2\/product_brand?post=2865"},{"taxonomy":"product_cat","embeddable":true,"href":"https:\/\/www.cimuka.com\/en\/wp-json\/wp\/v2\/product_cat?post=2865"},{"taxonomy":"product_tag","embeddable":true,"href":"https:\/\/www.cimuka.com\/en\/wp-json\/wp\/v2\/product_tag?post=2865"}],"curies":[{"name":"wp","href":"https:\/\/api.w.org\/{rel}","templated":true}]}}