{"id":2866,"date":"2018-03-17T15:18:05","date_gmt":"2018-03-17T12:18:05","guid":{"rendered":"http:\/\/www.cimuka.com\/urun\/conturn-30-adaptor-2-w-5-vac"},"modified":"2018-12-13T12:06:02","modified_gmt":"2018-12-13T09:06:02","slug":"conturn-30-adapter-2-w-5-vac","status":"publish","type":"product","link":"https:\/\/www.cimuka.com\/en\/urun\/conturn-30-adapter-2-w-5-vac","title":{"rendered":"Conturn 30 + Adapter (2 W, 5 VAC)"},"content":{"rendered":"<p><strong>Conturn 30 Egg Capacity:<\/strong><\/p>\n<table>\n<tbody>\n<tr>\n<td><\/td>\n<td><b><i>Hen<\/i><\/b><\/td>\n<td><em><strong>Turkey -Duck<\/strong><\/em><\/td>\n<td><em><strong>Quail<\/strong><\/em><\/td>\n<td><em><strong>Partridge<\/strong><\/em><\/td>\n<td><em><strong>Pheasant<\/strong><\/em><\/td>\n<td><em><strong>Peacock- Goose<\/strong><\/em><\/td>\n<\/tr>\n<tr>\n<td><strong>Total \u00a0capacity<\/strong><\/td>\n<td><strong>30<\/strong><\/td>\n<td><strong>20<\/strong><\/td>\n<td><strong>56 &#8211; 72*<\/strong><\/td>\n<td><strong>42<\/strong><\/td>\n<td><strong>36<\/strong><\/td>\n<td><strong>8-12<\/strong><\/td>\n<\/tr>\n<tr>\n<td>Rack number<\/td>\n<td>6 racks<\/td>\n<td>5 racks<\/td>\n<td>6 racks<\/td>\n<td>6 racks<\/td>\n<td>6 racks<\/td>\n<td>4 racks<\/td>\n<\/tr>\n<tr bgcolor=\"FFFFFF\">\n<td>Rack capacity<\/td>\n<td>5 eggs<\/td>\n<td>4 eggs<\/td>\n<td>9-13* eggs<\/td>\n<td>7 eggs<\/td>\n<td>6 eggs<\/td>\n<td>2-3 eggs<\/td>\n<\/tr>\n<\/tbody>\n<\/table>\n<p><strong>* <b>Optional QT13 quail \u00a0racks are placed directly on standard rack.<\/b><\/strong><br \/>\n\u2022 6 pieces egg racks<br \/>\n\u2022 Automatic turning system<br \/>\n\u2022 90 degrees full turn<br \/>\n\u2022 5V AC turning motor<br \/>\n\u2022 Conturn Motor Adapter &#8211; 2W<br \/>\n\u2022 Suitable for external use, time clock not required<br \/>\n\u2022 Dimensions 39,5 x 28,5 cm<\/p>\n","protected":false},"excerpt":{"rendered":"<p>The Conturn 30 incubation setters tray have a 90 degree full turn and 30 chicken egg capacity. The eggs are running with non-vibration and with low energy, allowing a smoothly turning. It works continuously, turning 90 degrees for 2 hours without time adjustment. The system, which can be installed with 4-5-6 racks, can be used easily for different poultry eggs.<\/p>\n","protected":false},"featured_media":2049,"template":"","meta":{"rs_blank_template":"","rs_page_bg_color":"","slide_template_v7":""},"product_brand":[],"product_cat":[111],"product_tag":[],"class_list":{"0":"post-2866","1":"product","2":"type-product","3":"status-publish","4":"has-post-thumbnail","6":"product_cat-conturn-automatic-turning","8":"first","9":"instock","10":"shipping-taxable","11":"product-type-simple"},"yoast_head":"<!-- This site is optimized with the Yoast SEO plugin v27.5 - https:\/\/yoast.com\/product\/yoast-seo-wordpress\/ -->\n<title>Conturn 30 + Adapter (2 W, 5 VAC) - Cimuka Kulu\u00e7ka Makinas\u0131 Garantili Kulu\u00e7ka<\/title>\n<meta name=\"robots\" content=\"index, follow, max-snippet:-1, max-image-preview:large, max-video-preview:-1\" \/>\n<link rel=\"canonical\" href=\"https:\/\/www.cimuka.com\/en\/urun\/conturn-30-adapter-2-w-5-vac\" \/>\n<meta property=\"og:locale\" content=\"en_US\" \/>\n<meta property=\"og:type\" content=\"article\" \/>\n<meta property=\"og:title\" content=\"Conturn 30 + Adapter (2 W, 5 VAC) - Cimuka Kulu\u00e7ka Makinas\u0131 Garantili Kulu\u00e7ka\" \/>\n<meta property=\"og:description\" content=\"The Conturn 30 incubation setters tray have a 90 degree full turn and 30 chicken egg capacity. The eggs are running with non-vibration and with low energy, allowing a smoothly turning. It works continuously, turning 90 degrees for 2 hours without time adjustment. The system, which can be installed with 4-5-6 racks, can be used easily for different poultry eggs.\" \/>\n<meta property=\"og:url\" content=\"https:\/\/www.cimuka.com\/en\/urun\/conturn-30-adapter-2-w-5-vac\" \/>\n<meta property=\"og:site_name\" content=\"Cimuka Kulu\u00e7ka Makinas\u0131 Garantili Kulu\u00e7ka\" \/>\n<meta property=\"article:modified_time\" content=\"2018-12-13T09:06:02+00:00\" \/>\n<meta property=\"og:image\" content=\"http:\/\/www.cimuka.com\/wp-content\/uploads\/2017\/11\/conturn-30-adaptor-2-w-5-vac-1979-10-O.jpg\" \/>\n\t<meta property=\"og:image:width\" content=\"600\" \/>\n\t<meta property=\"og:image:height\" content=\"600\" \/>\n\t<meta property=\"og:image:type\" content=\"image\/jpeg\" \/>\n<meta name=\"twitter:card\" content=\"summary_large_image\" \/>\n<script type=\"application\/ld+json\" class=\"yoast-schema-graph\">{\"@context\":\"https:\\\/\\\/schema.org\",\"@graph\":[{\"@type\":\"WebPage\",\"@id\":\"https:\\\/\\\/www.cimuka.com\\\/en\\\/urun\\\/conturn-30-adapter-2-w-5-vac\",\"url\":\"https:\\\/\\\/www.cimuka.com\\\/en\\\/urun\\\/conturn-30-adapter-2-w-5-vac\",\"name\":\"Conturn 30 + Adapter (2 W, 5 VAC) - Cimuka Kulu\u00e7ka Makinas\u0131 Garantili Kulu\u00e7ka\",\"isPartOf\":{\"@id\":\"https:\\\/\\\/www.cimuka.com\\\/#website\"},\"primaryImageOfPage\":{\"@id\":\"https:\\\/\\\/www.cimuka.com\\\/en\\\/urun\\\/conturn-30-adapter-2-w-5-vac#primaryimage\"},\"image\":{\"@id\":\"https:\\\/\\\/www.cimuka.com\\\/en\\\/urun\\\/conturn-30-adapter-2-w-5-vac#primaryimage\"},\"thumbnailUrl\":\"https:\\\/\\\/www.cimuka.com\\\/wp-content\\\/uploads\\\/2017\\\/11\\\/conturn-30-adaptor-2-w-5-vac-1979-10-O.jpg\",\"datePublished\":\"2018-03-17T12:18:05+00:00\",\"dateModified\":\"2018-12-13T09:06:02+00:00\",\"breadcrumb\":{\"@id\":\"https:\\\/\\\/www.cimuka.com\\\/en\\\/urun\\\/conturn-30-adapter-2-w-5-vac#breadcrumb\"},\"inLanguage\":\"en-US\",\"potentialAction\":[{\"@type\":\"ReadAction\",\"target\":[\"https:\\\/\\\/www.cimuka.com\\\/en\\\/urun\\\/conturn-30-adapter-2-w-5-vac\"]}]},{\"@type\":\"ImageObject\",\"inLanguage\":\"en-US\",\"@id\":\"https:\\\/\\\/www.cimuka.com\\\/en\\\/urun\\\/conturn-30-adapter-2-w-5-vac#primaryimage\",\"url\":\"https:\\\/\\\/www.cimuka.com\\\/wp-content\\\/uploads\\\/2017\\\/11\\\/conturn-30-adaptor-2-w-5-vac-1979-10-O.jpg\",\"contentUrl\":\"https:\\\/\\\/www.cimuka.com\\\/wp-content\\\/uploads\\\/2017\\\/11\\\/conturn-30-adaptor-2-w-5-vac-1979-10-O.jpg\",\"width\":600,\"height\":600},{\"@type\":\"BreadcrumbList\",\"@id\":\"https:\\\/\\\/www.cimuka.com\\\/en\\\/urun\\\/conturn-30-adapter-2-w-5-vac#breadcrumb\",\"itemListElement\":[{\"@type\":\"ListItem\",\"position\":1,\"name\":\"Ana sayfa\",\"item\":\"https:\\\/\\\/www.cimuka.com\\\/en\"},{\"@type\":\"ListItem\",\"position\":2,\"name\":\"Shop\",\"item\":\"https:\\\/\\\/www.cimuka.com\\\/en\\\/shop\"},{\"@type\":\"ListItem\",\"position\":3,\"name\":\"Conturn 30 + Adapter (2 W, 5 VAC)\"}]},{\"@type\":\"WebSite\",\"@id\":\"https:\\\/\\\/www.cimuka.com\\\/#website\",\"url\":\"https:\\\/\\\/www.cimuka.com\\\/\",\"name\":\"Cimuka Kulu\u00e7ka Makinas\u0131 Garantili Kulu\u00e7ka\",\"description\":\"\",\"potentialAction\":[{\"@type\":\"SearchAction\",\"target\":{\"@type\":\"EntryPoint\",\"urlTemplate\":\"https:\\\/\\\/www.cimuka.com\\\/?s={search_term_string}\"},\"query-input\":{\"@type\":\"PropertyValueSpecification\",\"valueRequired\":true,\"valueName\":\"search_term_string\"}}],\"inLanguage\":\"en-US\"}]}<\/script>\n<!-- \/ Yoast SEO plugin. -->","yoast_head_json":{"title":"Conturn 30 + Adapter (2 W, 5 VAC) - Cimuka Kulu\u00e7ka Makinas\u0131 Garantili Kulu\u00e7ka","robots":{"index":"index","follow":"follow","max-snippet":"max-snippet:-1","max-image-preview":"max-image-preview:large","max-video-preview":"max-video-preview:-1"},"canonical":"https:\/\/www.cimuka.com\/en\/urun\/conturn-30-adapter-2-w-5-vac","og_locale":"en_US","og_type":"article","og_title":"Conturn 30 + Adapter (2 W, 5 VAC) - Cimuka Kulu\u00e7ka Makinas\u0131 Garantili Kulu\u00e7ka","og_description":"The Conturn 30 incubation setters tray have a 90 degree full turn and 30 chicken egg capacity. The eggs are running with non-vibration and with low energy, allowing a smoothly turning. It works continuously, turning 90 degrees for 2 hours without time adjustment. The system, which can be installed with 4-5-6 racks, can be used easily for different poultry eggs.","og_url":"https:\/\/www.cimuka.com\/en\/urun\/conturn-30-adapter-2-w-5-vac","og_site_name":"Cimuka Kulu\u00e7ka Makinas\u0131 Garantili Kulu\u00e7ka","article_modified_time":"2018-12-13T09:06:02+00:00","og_image":[{"width":600,"height":600,"url":"http:\/\/www.cimuka.com\/wp-content\/uploads\/2017\/11\/conturn-30-adaptor-2-w-5-vac-1979-10-O.jpg","type":"image\/jpeg"}],"twitter_card":"summary_large_image","schema":{"@context":"https:\/\/schema.org","@graph":[{"@type":"WebPage","@id":"https:\/\/www.cimuka.com\/en\/urun\/conturn-30-adapter-2-w-5-vac","url":"https:\/\/www.cimuka.com\/en\/urun\/conturn-30-adapter-2-w-5-vac","name":"Conturn 30 + Adapter (2 W, 5 VAC) - Cimuka Kulu\u00e7ka Makinas\u0131 Garantili Kulu\u00e7ka","isPartOf":{"@id":"https:\/\/www.cimuka.com\/#website"},"primaryImageOfPage":{"@id":"https:\/\/www.cimuka.com\/en\/urun\/conturn-30-adapter-2-w-5-vac#primaryimage"},"image":{"@id":"https:\/\/www.cimuka.com\/en\/urun\/conturn-30-adapter-2-w-5-vac#primaryimage"},"thumbnailUrl":"https:\/\/www.cimuka.com\/wp-content\/uploads\/2017\/11\/conturn-30-adaptor-2-w-5-vac-1979-10-O.jpg","datePublished":"2018-03-17T12:18:05+00:00","dateModified":"2018-12-13T09:06:02+00:00","breadcrumb":{"@id":"https:\/\/www.cimuka.com\/en\/urun\/conturn-30-adapter-2-w-5-vac#breadcrumb"},"inLanguage":"en-US","potentialAction":[{"@type":"ReadAction","target":["https:\/\/www.cimuka.com\/en\/urun\/conturn-30-adapter-2-w-5-vac"]}]},{"@type":"ImageObject","inLanguage":"en-US","@id":"https:\/\/www.cimuka.com\/en\/urun\/conturn-30-adapter-2-w-5-vac#primaryimage","url":"https:\/\/www.cimuka.com\/wp-content\/uploads\/2017\/11\/conturn-30-adaptor-2-w-5-vac-1979-10-O.jpg","contentUrl":"https:\/\/www.cimuka.com\/wp-content\/uploads\/2017\/11\/conturn-30-adaptor-2-w-5-vac-1979-10-O.jpg","width":600,"height":600},{"@type":"BreadcrumbList","@id":"https:\/\/www.cimuka.com\/en\/urun\/conturn-30-adapter-2-w-5-vac#breadcrumb","itemListElement":[{"@type":"ListItem","position":1,"name":"Ana sayfa","item":"https:\/\/www.cimuka.com\/en"},{"@type":"ListItem","position":2,"name":"Shop","item":"https:\/\/www.cimuka.com\/en\/shop"},{"@type":"ListItem","position":3,"name":"Conturn 30 + Adapter (2 W, 5 VAC)"}]},{"@type":"WebSite","@id":"https:\/\/www.cimuka.com\/#website","url":"https:\/\/www.cimuka.com\/","name":"Cimuka Kulu\u00e7ka Makinas\u0131 Garantili Kulu\u00e7ka","description":"","potentialAction":[{"@type":"SearchAction","target":{"@type":"EntryPoint","urlTemplate":"https:\/\/www.cimuka.com\/?s={search_term_string}"},"query-input":{"@type":"PropertyValueSpecification","valueRequired":true,"valueName":"search_term_string"}}],"inLanguage":"en-US"}]}},"_links":{"self":[{"href":"https:\/\/www.cimuka.com\/en\/wp-json\/wp\/v2\/product\/2866","targetHints":{"allow":["GET"]}}],"collection":[{"href":"https:\/\/www.cimuka.com\/en\/wp-json\/wp\/v2\/product"}],"about":[{"href":"https:\/\/www.cimuka.com\/en\/wp-json\/wp\/v2\/types\/product"}],"wp:featuredmedia":[{"embeddable":true,"href":"https:\/\/www.cimuka.com\/en\/wp-json\/wp\/v2\/media\/2049"}],"wp:attachment":[{"href":"https:\/\/www.cimuka.com\/en\/wp-json\/wp\/v2\/media?parent=2866"}],"wp:term":[{"taxonomy":"product_brand","embeddable":true,"href":"https:\/\/www.cimuka.com\/en\/wp-json\/wp\/v2\/product_brand?post=2866"},{"taxonomy":"product_cat","embeddable":true,"href":"https:\/\/www.cimuka.com\/en\/wp-json\/wp\/v2\/product_cat?post=2866"},{"taxonomy":"product_tag","embeddable":true,"href":"https:\/\/www.cimuka.com\/en\/wp-json\/wp\/v2\/product_tag?post=2866"}],"curies":[{"name":"wp","href":"https:\/\/api.w.org\/{rel}","templated":true}]}}