{"id":2882,"date":"2017-11-10T14:56:43","date_gmt":"2017-11-10T11:56:43","guid":{"rendered":"http:\/\/www.cimuka.com\/urun\/conturn-motor"},"modified":"2018-12-17T14:17:57","modified_gmt":"2018-12-17T11:17:57","slug":"conturn-motor","status":"publish","type":"product","link":"https:\/\/www.cimuka.com\/en\/urun\/conturn-motor","title":{"rendered":"Conturn Micro Motor"},"content":{"rendered":"<p>\u2022 Working with 5V AC power.<br \/>\n\u2022 Non-vibration and mute turning system<br \/>\n\u2022 turning 90 degrees for 2 hours without time adjustment<br \/>\n\u2022 Trouble-free connection thanks jointless connector<br \/>\n\u2022 Fully compatible \u00a0with Conturn adapter and cable distribution<\/p>\n","protected":false},"excerpt":{"rendered":"<p>Developed for Conturn egg turner. Non-vibration and mute turning system with 5V AC power.<\/p>\n","protected":false},"featured_media":2412,"template":"","meta":{"rs_blank_template":"","rs_page_bg_color":"","slide_template_v7":""},"product_brand":[],"product_cat":[111],"product_tag":[],"class_list":{"0":"post-2882","1":"product","2":"type-product","3":"status-publish","4":"has-post-thumbnail","6":"product_cat-conturn-automatic-turning","8":"first","9":"instock","10":"shipping-taxable","11":"product-type-simple"},"yoast_head":"<!-- This site is optimized with the Yoast SEO plugin v27.5 - https:\/\/yoast.com\/product\/yoast-seo-wordpress\/ -->\n<title>Conturn Micro Motor - Cimuka Kulu\u00e7ka Makinas\u0131 Garantili Kulu\u00e7ka<\/title>\n<meta name=\"robots\" content=\"index, follow, max-snippet:-1, max-image-preview:large, max-video-preview:-1\" \/>\n<link rel=\"canonical\" href=\"https:\/\/www.cimuka.com\/en\/urun\/conturn-motor\" \/>\n<meta property=\"og:locale\" content=\"en_US\" \/>\n<meta property=\"og:type\" content=\"article\" \/>\n<meta property=\"og:title\" content=\"Conturn Micro Motor - Cimuka Kulu\u00e7ka Makinas\u0131 Garantili Kulu\u00e7ka\" \/>\n<meta property=\"og:description\" content=\"Developed for Conturn egg turner. Non-vibration and mute turning system with 5V AC power.\" \/>\n<meta property=\"og:url\" content=\"https:\/\/www.cimuka.com\/en\/urun\/conturn-motor\" \/>\n<meta property=\"og:site_name\" content=\"Cimuka Kulu\u00e7ka Makinas\u0131 Garantili Kulu\u00e7ka\" \/>\n<meta property=\"article:modified_time\" content=\"2018-12-17T11:17:57+00:00\" \/>\n<meta property=\"og:image\" content=\"http:\/\/www.cimuka.com\/wp-content\/uploads\/2017\/11\/Conturn_Motor-scaled.jpg\" \/>\n\t<meta property=\"og:image:width\" content=\"2560\" \/>\n\t<meta property=\"og:image:height\" content=\"2560\" \/>\n\t<meta property=\"og:image:type\" content=\"image\/jpeg\" \/>\n<meta name=\"twitter:card\" content=\"summary_large_image\" \/>\n<script type=\"application\/ld+json\" class=\"yoast-schema-graph\">{\"@context\":\"https:\\\/\\\/schema.org\",\"@graph\":[{\"@type\":\"WebPage\",\"@id\":\"https:\\\/\\\/www.cimuka.com\\\/en\\\/urun\\\/conturn-motor\",\"url\":\"https:\\\/\\\/www.cimuka.com\\\/en\\\/urun\\\/conturn-motor\",\"name\":\"Conturn Micro Motor - Cimuka Kulu\u00e7ka Makinas\u0131 Garantili Kulu\u00e7ka\",\"isPartOf\":{\"@id\":\"https:\\\/\\\/www.cimuka.com\\\/#website\"},\"primaryImageOfPage\":{\"@id\":\"https:\\\/\\\/www.cimuka.com\\\/en\\\/urun\\\/conturn-motor#primaryimage\"},\"image\":{\"@id\":\"https:\\\/\\\/www.cimuka.com\\\/en\\\/urun\\\/conturn-motor#primaryimage\"},\"thumbnailUrl\":\"https:\\\/\\\/www.cimuka.com\\\/wp-content\\\/uploads\\\/2017\\\/11\\\/Conturn_Motor-scaled.jpg\",\"datePublished\":\"2017-11-10T11:56:43+00:00\",\"dateModified\":\"2018-12-17T11:17:57+00:00\",\"breadcrumb\":{\"@id\":\"https:\\\/\\\/www.cimuka.com\\\/en\\\/urun\\\/conturn-motor#breadcrumb\"},\"inLanguage\":\"en-US\",\"potentialAction\":[{\"@type\":\"ReadAction\",\"target\":[\"https:\\\/\\\/www.cimuka.com\\\/en\\\/urun\\\/conturn-motor\"]}]},{\"@type\":\"ImageObject\",\"inLanguage\":\"en-US\",\"@id\":\"https:\\\/\\\/www.cimuka.com\\\/en\\\/urun\\\/conturn-motor#primaryimage\",\"url\":\"https:\\\/\\\/www.cimuka.com\\\/wp-content\\\/uploads\\\/2017\\\/11\\\/Conturn_Motor-scaled.jpg\",\"contentUrl\":\"https:\\\/\\\/www.cimuka.com\\\/wp-content\\\/uploads\\\/2017\\\/11\\\/Conturn_Motor-scaled.jpg\",\"width\":2560,\"height\":2560},{\"@type\":\"BreadcrumbList\",\"@id\":\"https:\\\/\\\/www.cimuka.com\\\/en\\\/urun\\\/conturn-motor#breadcrumb\",\"itemListElement\":[{\"@type\":\"ListItem\",\"position\":1,\"name\":\"Ana sayfa\",\"item\":\"https:\\\/\\\/www.cimuka.com\\\/en\"},{\"@type\":\"ListItem\",\"position\":2,\"name\":\"Shop\",\"item\":\"https:\\\/\\\/www.cimuka.com\\\/en\\\/shop\"},{\"@type\":\"ListItem\",\"position\":3,\"name\":\"Conturn Micro Motor\"}]},{\"@type\":\"WebSite\",\"@id\":\"https:\\\/\\\/www.cimuka.com\\\/#website\",\"url\":\"https:\\\/\\\/www.cimuka.com\\\/\",\"name\":\"Cimuka Kulu\u00e7ka Makinas\u0131 Garantili Kulu\u00e7ka\",\"description\":\"\",\"potentialAction\":[{\"@type\":\"SearchAction\",\"target\":{\"@type\":\"EntryPoint\",\"urlTemplate\":\"https:\\\/\\\/www.cimuka.com\\\/?s={search_term_string}\"},\"query-input\":{\"@type\":\"PropertyValueSpecification\",\"valueRequired\":true,\"valueName\":\"search_term_string\"}}],\"inLanguage\":\"en-US\"}]}<\/script>\n<!-- \/ Yoast SEO plugin. -->","yoast_head_json":{"title":"Conturn Micro Motor - Cimuka Kulu\u00e7ka Makinas\u0131 Garantili Kulu\u00e7ka","robots":{"index":"index","follow":"follow","max-snippet":"max-snippet:-1","max-image-preview":"max-image-preview:large","max-video-preview":"max-video-preview:-1"},"canonical":"https:\/\/www.cimuka.com\/en\/urun\/conturn-motor","og_locale":"en_US","og_type":"article","og_title":"Conturn Micro Motor - Cimuka Kulu\u00e7ka Makinas\u0131 Garantili Kulu\u00e7ka","og_description":"Developed for Conturn egg turner. Non-vibration and mute turning system with 5V AC power.","og_url":"https:\/\/www.cimuka.com\/en\/urun\/conturn-motor","og_site_name":"Cimuka Kulu\u00e7ka Makinas\u0131 Garantili Kulu\u00e7ka","article_modified_time":"2018-12-17T11:17:57+00:00","og_image":[{"width":2560,"height":2560,"url":"http:\/\/www.cimuka.com\/wp-content\/uploads\/2017\/11\/Conturn_Motor-scaled.jpg","type":"image\/jpeg"}],"twitter_card":"summary_large_image","schema":{"@context":"https:\/\/schema.org","@graph":[{"@type":"WebPage","@id":"https:\/\/www.cimuka.com\/en\/urun\/conturn-motor","url":"https:\/\/www.cimuka.com\/en\/urun\/conturn-motor","name":"Conturn Micro Motor - Cimuka Kulu\u00e7ka Makinas\u0131 Garantili Kulu\u00e7ka","isPartOf":{"@id":"https:\/\/www.cimuka.com\/#website"},"primaryImageOfPage":{"@id":"https:\/\/www.cimuka.com\/en\/urun\/conturn-motor#primaryimage"},"image":{"@id":"https:\/\/www.cimuka.com\/en\/urun\/conturn-motor#primaryimage"},"thumbnailUrl":"https:\/\/www.cimuka.com\/wp-content\/uploads\/2017\/11\/Conturn_Motor-scaled.jpg","datePublished":"2017-11-10T11:56:43+00:00","dateModified":"2018-12-17T11:17:57+00:00","breadcrumb":{"@id":"https:\/\/www.cimuka.com\/en\/urun\/conturn-motor#breadcrumb"},"inLanguage":"en-US","potentialAction":[{"@type":"ReadAction","target":["https:\/\/www.cimuka.com\/en\/urun\/conturn-motor"]}]},{"@type":"ImageObject","inLanguage":"en-US","@id":"https:\/\/www.cimuka.com\/en\/urun\/conturn-motor#primaryimage","url":"https:\/\/www.cimuka.com\/wp-content\/uploads\/2017\/11\/Conturn_Motor-scaled.jpg","contentUrl":"https:\/\/www.cimuka.com\/wp-content\/uploads\/2017\/11\/Conturn_Motor-scaled.jpg","width":2560,"height":2560},{"@type":"BreadcrumbList","@id":"https:\/\/www.cimuka.com\/en\/urun\/conturn-motor#breadcrumb","itemListElement":[{"@type":"ListItem","position":1,"name":"Ana sayfa","item":"https:\/\/www.cimuka.com\/en"},{"@type":"ListItem","position":2,"name":"Shop","item":"https:\/\/www.cimuka.com\/en\/shop"},{"@type":"ListItem","position":3,"name":"Conturn Micro Motor"}]},{"@type":"WebSite","@id":"https:\/\/www.cimuka.com\/#website","url":"https:\/\/www.cimuka.com\/","name":"Cimuka Kulu\u00e7ka Makinas\u0131 Garantili Kulu\u00e7ka","description":"","potentialAction":[{"@type":"SearchAction","target":{"@type":"EntryPoint","urlTemplate":"https:\/\/www.cimuka.com\/?s={search_term_string}"},"query-input":{"@type":"PropertyValueSpecification","valueRequired":true,"valueName":"search_term_string"}}],"inLanguage":"en-US"}]}},"_links":{"self":[{"href":"https:\/\/www.cimuka.com\/en\/wp-json\/wp\/v2\/product\/2882","targetHints":{"allow":["GET"]}}],"collection":[{"href":"https:\/\/www.cimuka.com\/en\/wp-json\/wp\/v2\/product"}],"about":[{"href":"https:\/\/www.cimuka.com\/en\/wp-json\/wp\/v2\/types\/product"}],"wp:featuredmedia":[{"embeddable":true,"href":"https:\/\/www.cimuka.com\/en\/wp-json\/wp\/v2\/media\/2412"}],"wp:attachment":[{"href":"https:\/\/www.cimuka.com\/en\/wp-json\/wp\/v2\/media?parent=2882"}],"wp:term":[{"taxonomy":"product_brand","embeddable":true,"href":"https:\/\/www.cimuka.com\/en\/wp-json\/wp\/v2\/product_brand?post=2882"},{"taxonomy":"product_cat","embeddable":true,"href":"https:\/\/www.cimuka.com\/en\/wp-json\/wp\/v2\/product_cat?post=2882"},{"taxonomy":"product_tag","embeddable":true,"href":"https:\/\/www.cimuka.com\/en\/wp-json\/wp\/v2\/product_tag?post=2882"}],"curies":[{"name":"wp","href":"https:\/\/api.w.org\/{rel}","templated":true}]}}