{"id":2906,"date":"2017-11-10T16:21:32","date_gmt":"2017-11-10T13:21:32","guid":{"rendered":"http:\/\/www.cimuka.com\/urun\/islak-nem-termometresi"},"modified":"2018-12-21T18:50:56","modified_gmt":"2018-12-21T15:50:56","slug":"wet-bulb-thermometer","status":"publish","type":"product","link":"https:\/\/www.cimuka.com\/en\/urun\/wet-bulb-thermometer","title":{"rendered":"Wet Bulb Thermometer"},"content":{"rendered":"<p>Humidification in incubators is done to ensure that the amount of water that the egg has to lose is at the required level:<\/p>\n<p>Wet humidity thermometers are used for sensor calibration and accuracy in models with digital humidity display, and for in-cabin humidity measurement in older generation incubators with non-automatic and digital humidity indicators, it does <strong>NOT provide humidity control.<\/strong><\/p>\n<p>The thermometer, which is provided with water reservoir and special water carrier wick, can be used as dry temperature thermometer by separating it from its wick.<\/p>\n<p><strong>NOTE: For the most accurate measurement with wet bulb thermometer, the glass tube must be filled with pure water. The water carrier wick must be replaced if it becomes dirty.<br \/>\nIt is suitable for use only in airflow and fan environment.<\/strong><\/p>\n<p>&nbsp;<\/p>\n","protected":false},"excerpt":{"rendered":"<p>Islak nem termometresi dijital nem g\u00f6stergesi olmayan kulu\u00e7ka makinelerinde kabin i\u00e7i nemi izlemenize olanak sa\u011flar. Cam su haznesi, su haznesi ba\u011flant\u0131 plasti\u011fi ve \u00f6zel su ta\u015f\u0131y\u0131c\u0131 fitiliyle sunulan termometreyi fitilinden ayr\u0131larak s\u0131cakl\u0131k termometresi olarakta kullanabilirsiniz.<\/p>\n","protected":false},"featured_media":1656,"template":"","meta":{"rs_blank_template":"","rs_page_bg_color":"","slide_template_v7":""},"product_brand":[],"product_cat":[112],"product_tag":[],"class_list":{"0":"post-2906","1":"product","2":"type-product","3":"status-publish","4":"has-post-thumbnail","6":"product_cat-assist-accessories","8":"first","9":"instock","10":"shipping-taxable","11":"product-type-simple"},"yoast_head":"<!-- This site is optimized with the Yoast SEO plugin v27.5 - https:\/\/yoast.com\/product\/yoast-seo-wordpress\/ -->\n<title>Wet Bulb Thermometer - Cimuka Kulu\u00e7ka Makinas\u0131 Garantili Kulu\u00e7ka<\/title>\n<meta name=\"robots\" content=\"index, follow, max-snippet:-1, max-image-preview:large, max-video-preview:-1\" \/>\n<link rel=\"canonical\" href=\"https:\/\/www.cimuka.com\/en\/urun\/wet-bulb-thermometer\" \/>\n<meta property=\"og:locale\" content=\"en_US\" \/>\n<meta property=\"og:type\" content=\"article\" \/>\n<meta property=\"og:title\" content=\"Wet Bulb Thermometer - Cimuka Kulu\u00e7ka Makinas\u0131 Garantili Kulu\u00e7ka\" \/>\n<meta property=\"og:description\" content=\"Islak nem termometresi dijital nem g\u00f6stergesi olmayan kulu\u00e7ka makinelerinde kabin i\u00e7i nemi izlemenize olanak sa\u011flar. Cam su haznesi, su haznesi ba\u011flant\u0131 plasti\u011fi ve \u00f6zel su ta\u015f\u0131y\u0131c\u0131 fitiliyle sunulan termometreyi fitilinden ayr\u0131larak s\u0131cakl\u0131k termometresi olarakta kullanabilirsiniz.\" \/>\n<meta property=\"og:url\" content=\"https:\/\/www.cimuka.com\/en\/urun\/wet-bulb-thermometer\" \/>\n<meta property=\"og:site_name\" content=\"Cimuka Kulu\u00e7ka Makinas\u0131 Garantili Kulu\u00e7ka\" \/>\n<meta property=\"article:modified_time\" content=\"2018-12-21T15:50:56+00:00\" \/>\n<meta property=\"og:image\" content=\"https:\/\/www.cimuka.com\/wp-content\/uploads\/2017\/11\/islak-nem-termometresi-resim-1.jpg\" \/>\n\t<meta property=\"og:image:width\" content=\"600\" \/>\n\t<meta property=\"og:image:height\" content=\"600\" \/>\n\t<meta property=\"og:image:type\" content=\"image\/jpeg\" \/>\n<meta name=\"twitter:card\" content=\"summary_large_image\" \/>\n<meta name=\"twitter:label1\" content=\"Est. reading time\" \/>\n\t<meta name=\"twitter:data1\" content=\"1 minute\" \/>\n<script type=\"application\/ld+json\" class=\"yoast-schema-graph\">{\"@context\":\"https:\\\/\\\/schema.org\",\"@graph\":[{\"@type\":\"WebPage\",\"@id\":\"https:\\\/\\\/www.cimuka.com\\\/en\\\/urun\\\/wet-bulb-thermometer\",\"url\":\"https:\\\/\\\/www.cimuka.com\\\/en\\\/urun\\\/wet-bulb-thermometer\",\"name\":\"Wet Bulb Thermometer - Cimuka Kulu\u00e7ka Makinas\u0131 Garantili Kulu\u00e7ka\",\"isPartOf\":{\"@id\":\"https:\\\/\\\/www.cimuka.com\\\/#website\"},\"primaryImageOfPage\":{\"@id\":\"https:\\\/\\\/www.cimuka.com\\\/en\\\/urun\\\/wet-bulb-thermometer#primaryimage\"},\"image\":{\"@id\":\"https:\\\/\\\/www.cimuka.com\\\/en\\\/urun\\\/wet-bulb-thermometer#primaryimage\"},\"thumbnailUrl\":\"https:\\\/\\\/www.cimuka.com\\\/wp-content\\\/uploads\\\/2017\\\/11\\\/islak-nem-termometresi-resim-1.jpg\",\"datePublished\":\"2017-11-10T13:21:32+00:00\",\"dateModified\":\"2018-12-21T15:50:56+00:00\",\"breadcrumb\":{\"@id\":\"https:\\\/\\\/www.cimuka.com\\\/en\\\/urun\\\/wet-bulb-thermometer#breadcrumb\"},\"inLanguage\":\"en-US\",\"potentialAction\":[{\"@type\":\"ReadAction\",\"target\":[\"https:\\\/\\\/www.cimuka.com\\\/en\\\/urun\\\/wet-bulb-thermometer\"]}]},{\"@type\":\"ImageObject\",\"inLanguage\":\"en-US\",\"@id\":\"https:\\\/\\\/www.cimuka.com\\\/en\\\/urun\\\/wet-bulb-thermometer#primaryimage\",\"url\":\"https:\\\/\\\/www.cimuka.com\\\/wp-content\\\/uploads\\\/2017\\\/11\\\/islak-nem-termometresi-resim-1.jpg\",\"contentUrl\":\"https:\\\/\\\/www.cimuka.com\\\/wp-content\\\/uploads\\\/2017\\\/11\\\/islak-nem-termometresi-resim-1.jpg\",\"width\":600,\"height\":600},{\"@type\":\"BreadcrumbList\",\"@id\":\"https:\\\/\\\/www.cimuka.com\\\/en\\\/urun\\\/wet-bulb-thermometer#breadcrumb\",\"itemListElement\":[{\"@type\":\"ListItem\",\"position\":1,\"name\":\"Ana sayfa\",\"item\":\"https:\\\/\\\/www.cimuka.com\\\/en\"},{\"@type\":\"ListItem\",\"position\":2,\"name\":\"Shop\",\"item\":\"https:\\\/\\\/www.cimuka.com\\\/en\\\/shop\"},{\"@type\":\"ListItem\",\"position\":3,\"name\":\"Wet Bulb Thermometer\"}]},{\"@type\":\"WebSite\",\"@id\":\"https:\\\/\\\/www.cimuka.com\\\/#website\",\"url\":\"https:\\\/\\\/www.cimuka.com\\\/\",\"name\":\"Cimuka Kulu\u00e7ka Makinas\u0131 Garantili Kulu\u00e7ka\",\"description\":\"\",\"potentialAction\":[{\"@type\":\"SearchAction\",\"target\":{\"@type\":\"EntryPoint\",\"urlTemplate\":\"https:\\\/\\\/www.cimuka.com\\\/?s={search_term_string}\"},\"query-input\":{\"@type\":\"PropertyValueSpecification\",\"valueRequired\":true,\"valueName\":\"search_term_string\"}}],\"inLanguage\":\"en-US\"}]}<\/script>\n<!-- \/ Yoast SEO plugin. -->","yoast_head_json":{"title":"Wet Bulb Thermometer - Cimuka Kulu\u00e7ka Makinas\u0131 Garantili Kulu\u00e7ka","robots":{"index":"index","follow":"follow","max-snippet":"max-snippet:-1","max-image-preview":"max-image-preview:large","max-video-preview":"max-video-preview:-1"},"canonical":"https:\/\/www.cimuka.com\/en\/urun\/wet-bulb-thermometer","og_locale":"en_US","og_type":"article","og_title":"Wet Bulb Thermometer - Cimuka Kulu\u00e7ka Makinas\u0131 Garantili Kulu\u00e7ka","og_description":"Islak nem termometresi dijital nem g\u00f6stergesi olmayan kulu\u00e7ka makinelerinde kabin i\u00e7i nemi izlemenize olanak sa\u011flar. Cam su haznesi, su haznesi ba\u011flant\u0131 plasti\u011fi ve \u00f6zel su ta\u015f\u0131y\u0131c\u0131 fitiliyle sunulan termometreyi fitilinden ayr\u0131larak s\u0131cakl\u0131k termometresi olarakta kullanabilirsiniz.","og_url":"https:\/\/www.cimuka.com\/en\/urun\/wet-bulb-thermometer","og_site_name":"Cimuka Kulu\u00e7ka Makinas\u0131 Garantili Kulu\u00e7ka","article_modified_time":"2018-12-21T15:50:56+00:00","og_image":[{"width":600,"height":600,"url":"https:\/\/www.cimuka.com\/wp-content\/uploads\/2017\/11\/islak-nem-termometresi-resim-1.jpg","type":"image\/jpeg"}],"twitter_card":"summary_large_image","twitter_misc":{"Est. reading time":"1 minute"},"schema":{"@context":"https:\/\/schema.org","@graph":[{"@type":"WebPage","@id":"https:\/\/www.cimuka.com\/en\/urun\/wet-bulb-thermometer","url":"https:\/\/www.cimuka.com\/en\/urun\/wet-bulb-thermometer","name":"Wet Bulb Thermometer - Cimuka Kulu\u00e7ka Makinas\u0131 Garantili Kulu\u00e7ka","isPartOf":{"@id":"https:\/\/www.cimuka.com\/#website"},"primaryImageOfPage":{"@id":"https:\/\/www.cimuka.com\/en\/urun\/wet-bulb-thermometer#primaryimage"},"image":{"@id":"https:\/\/www.cimuka.com\/en\/urun\/wet-bulb-thermometer#primaryimage"},"thumbnailUrl":"https:\/\/www.cimuka.com\/wp-content\/uploads\/2017\/11\/islak-nem-termometresi-resim-1.jpg","datePublished":"2017-11-10T13:21:32+00:00","dateModified":"2018-12-21T15:50:56+00:00","breadcrumb":{"@id":"https:\/\/www.cimuka.com\/en\/urun\/wet-bulb-thermometer#breadcrumb"},"inLanguage":"en-US","potentialAction":[{"@type":"ReadAction","target":["https:\/\/www.cimuka.com\/en\/urun\/wet-bulb-thermometer"]}]},{"@type":"ImageObject","inLanguage":"en-US","@id":"https:\/\/www.cimuka.com\/en\/urun\/wet-bulb-thermometer#primaryimage","url":"https:\/\/www.cimuka.com\/wp-content\/uploads\/2017\/11\/islak-nem-termometresi-resim-1.jpg","contentUrl":"https:\/\/www.cimuka.com\/wp-content\/uploads\/2017\/11\/islak-nem-termometresi-resim-1.jpg","width":600,"height":600},{"@type":"BreadcrumbList","@id":"https:\/\/www.cimuka.com\/en\/urun\/wet-bulb-thermometer#breadcrumb","itemListElement":[{"@type":"ListItem","position":1,"name":"Ana sayfa","item":"https:\/\/www.cimuka.com\/en"},{"@type":"ListItem","position":2,"name":"Shop","item":"https:\/\/www.cimuka.com\/en\/shop"},{"@type":"ListItem","position":3,"name":"Wet Bulb Thermometer"}]},{"@type":"WebSite","@id":"https:\/\/www.cimuka.com\/#website","url":"https:\/\/www.cimuka.com\/","name":"Cimuka Kulu\u00e7ka Makinas\u0131 Garantili Kulu\u00e7ka","description":"","potentialAction":[{"@type":"SearchAction","target":{"@type":"EntryPoint","urlTemplate":"https:\/\/www.cimuka.com\/?s={search_term_string}"},"query-input":{"@type":"PropertyValueSpecification","valueRequired":true,"valueName":"search_term_string"}}],"inLanguage":"en-US"}]}},"_links":{"self":[{"href":"https:\/\/www.cimuka.com\/en\/wp-json\/wp\/v2\/product\/2906","targetHints":{"allow":["GET"]}}],"collection":[{"href":"https:\/\/www.cimuka.com\/en\/wp-json\/wp\/v2\/product"}],"about":[{"href":"https:\/\/www.cimuka.com\/en\/wp-json\/wp\/v2\/types\/product"}],"wp:featuredmedia":[{"embeddable":true,"href":"https:\/\/www.cimuka.com\/en\/wp-json\/wp\/v2\/media\/1656"}],"wp:attachment":[{"href":"https:\/\/www.cimuka.com\/en\/wp-json\/wp\/v2\/media?parent=2906"}],"wp:term":[{"taxonomy":"product_brand","embeddable":true,"href":"https:\/\/www.cimuka.com\/en\/wp-json\/wp\/v2\/product_brand?post=2906"},{"taxonomy":"product_cat","embeddable":true,"href":"https:\/\/www.cimuka.com\/en\/wp-json\/wp\/v2\/product_cat?post=2906"},{"taxonomy":"product_tag","embeddable":true,"href":"https:\/\/www.cimuka.com\/en\/wp-json\/wp\/v2\/product_tag?post=2906"}],"curies":[{"name":"wp","href":"https:\/\/api.w.org\/{rel}","templated":true}]}}