{"id":2918,"date":"2017-11-10T12:12:09","date_gmt":"2017-11-10T09:12:09","guid":{"rendered":"http:\/\/www.cimuka.com\/urun\/t3200-c-kombine-kulucka-makinesi"},"modified":"2018-12-27T18:02:49","modified_gmt":"2018-12-27T15:02:49","slug":"t3200-c-combined-egg-incubators","status":"publish","type":"product","link":"https:\/\/www.cimuka.com\/en\/urun\/t3200-c-combined-egg-incubators","title":{"rendered":"T3200 C &#8211; Combined Egg Incubators"},"content":{"rendered":"<p><strong>Incubator Egg Capacity:<\/strong><\/p>\n<table>\n<tbody>\n<tr>\n<td><\/td>\n<td><strong>Hen\u00a0<\/strong><\/td>\n<td><strong>Turkey-Duck<\/strong><\/td>\n<td><strong>Quail\u00a0<\/strong><\/td>\n<td><strong>Partridge\u00a0<\/strong><\/td>\n<td><strong>\u00a0Pheasant<\/strong><\/td>\n<td><strong>Goose-Peacock*<\/strong><\/td>\n<td>Ostrich*<\/td>\n<\/tr>\n<tr>\n<td><strong>Total<\/strong><\/td>\n<td><strong>3200<\/strong><\/td>\n<td><b>2520<\/b><\/td>\n<td><strong>8320<\/strong><\/td>\n<td><strong>6160<\/strong><\/td>\n<td><strong>4320<\/strong><\/td>\n<td><strong>&#8211;<\/strong><\/td>\n<td>&#8211;<\/td>\n<\/tr>\n<tr>\n<td><strong>Setters<\/strong><\/td>\n<td>2560<\/td>\n<td>2016<\/td>\n<td>6656<\/td>\n<td>4928<\/td>\n<td>3456<\/td>\n<td>&#8211;<\/td>\n<td>&#8211;<\/td>\n<\/tr>\n<tr>\n<td><strong>Hatchers<\/strong><\/td>\n<td>640<\/td>\n<td>504<\/td>\n<td>1664<\/td>\n<td>1232<\/td>\n<td>864<\/td>\n<td>&#8211;<\/td>\n<td>&#8211;<\/td>\n<\/tr>\n<\/tbody>\n<\/table>\n<p>* It is recommended to use separate incubator for setting and hatching in goose and ostrich hatchery.<\/p>\n<p><strong>Usage:<\/strong><br \/>\n\u2022 Combined usage \u2013 partial loading<\/p>\n<p><strong>Cabin:<\/strong><br \/>\n\u2022 Double walled, high isolation, sandwich panel<br \/>\n\u2022 Double door design, 2nd door for back cleaning and service<br \/>\n\u2022 Eloxal aluminium cabin profiles<br \/>\n\u2022 Lockable double wheel for easy movement<\/p>\n<p><strong>Ventilation:<\/strong><br \/>\n\u2022\u00a0<strong>Airroute<sup>TM<\/sup><\/strong> ventilation technologie,<br \/>\n\u2022 Adjustable ventilation valves<\/p>\n<p><strong>Temperature:<\/strong><br \/>\n\u2022 Automatic digital temperature control<br \/>\n\u2022 Digital temperature display<br \/>\n\u2022 Stainless Heater<\/p>\n<p><strong>Cooling:<\/strong><br \/>\n\u2022 Automatic cooling control<br \/>\n\u2022 Cooling system with ventilation<\/p>\n<p><strong>Humidity:<\/strong><br \/>\n\u2022\u00a0<strong>Humisonic<sup>TM<\/sup><\/strong> full automatic humidity system<br \/>\n\u2022 Digital humidity display<br \/>\n\u2022\u00a0Humidity tray with rack<br \/>\n\u2022 Water tank 20Lt<br \/>\n\u2022 Automatic water intake from watertank for humidity<br \/>\n\u2022 Control panel unconnected demountable humidity module<\/p>\n<p><strong>Setters:<\/strong><br \/>\n\u2022\u00a0<strong>TurnX<sup>TM<\/sup><\/strong> automatic egg turning system<br \/>\n\u2022 32 pieces egg incubator setters tray<br \/>\n\u2022 Incubator setters tray options for different poultry species<br \/>\n\u2022 Stainless Chrome-Steel SS304 carrier mechanism<br \/>\n\u2022 Non-Welded Single Piece Curved Table Carriage Floor Form<br \/>\n\u2022 Demountable motor driver, unconnected to the panel<\/p>\n<p><strong>Hatchers:<\/strong><br \/>\n\u2022 8 pieces CS80Y hatchers basket<br \/>\n\u2022 Chick hatchery barrier cover on the top floor<br \/>\n\u2022 From the ground elevated hatching section\u00a0ideal for air distribution<\/p>\n<p><strong>Alarm:<\/strong><br \/>\n\u2022 High \u2013 low temperature alarm<br \/>\n\u2022 High low humidity alarm<br \/>\n\u2022 Sensor alarm<\/p>\n<p><strong>Security:<\/strong><br \/>\n\u2022 High voltage protection for controllers and actuators<br \/>\n\u2022 Fuse protection on all systems<br \/>\n\u2022 Sensorless operating mode<\/p>\n<p><strong>Working voltage \/ Energy consumption:<\/strong><br \/>\n\u2022 230VAC \u00a050Hz \u00a0| typical: \u00a0W | maximum: \u00a0W<\/p>\n","protected":false},"excerpt":{"rendered":"<p>T3200 C \u2013 Combined Incubator is used for partial sets with capacity of 2560 setting and 640 hatching. The eggs that are loaded to the setters section in partial sets are transferred to the internal hatching section at the bottom for the last 2-3 days of incubation. Thanks to our range of TR series trays, it can be used for other types of poultry. The fully automatic model is equipped with a fan cooling system against the temperature rise.<\/p>\n","protected":false},"featured_media":2311,"template":"","meta":{"rs_blank_template":"","rs_page_bg_color":"","slide_template_v7":""},"product_brand":[],"product_cat":[99],"product_tag":[],"class_list":{"0":"post-2918","1":"product","2":"type-product","3":"status-publish","4":"has-post-thumbnail","6":"product_cat-t-c-combined-egg-incubators","8":"first","9":"instock","10":"shipping-taxable","11":"product-type-simple"},"yoast_head":"<!-- This site is optimized with the Yoast SEO plugin v27.5 - https:\/\/yoast.com\/product\/yoast-seo-wordpress\/ -->\n<title>T3200 C - Combined Egg Incubators - Cimuka Kulu\u00e7ka Makinas\u0131 Garantili Kulu\u00e7ka<\/title>\n<meta name=\"robots\" content=\"index, follow, max-snippet:-1, max-image-preview:large, max-video-preview:-1\" \/>\n<link rel=\"canonical\" href=\"https:\/\/www.cimuka.com\/en\/urun\/t3200-c-combined-egg-incubators\" \/>\n<meta property=\"og:locale\" content=\"en_US\" \/>\n<meta property=\"og:type\" content=\"article\" \/>\n<meta property=\"og:title\" content=\"T3200 C - Combined Egg Incubators - Cimuka Kulu\u00e7ka Makinas\u0131 Garantili Kulu\u00e7ka\" \/>\n<meta property=\"og:description\" content=\"T3200 C \u2013 Combined Incubator is used for partial sets with capacity of 2560 setting and 640 hatching. The eggs that are loaded to the setters section in partial sets are transferred to the internal hatching section at the bottom for the last 2-3 days of incubation. Thanks to our range of TR series trays, it can be used for other types of poultry. The fully automatic model is equipped with a fan cooling system against the temperature rise.\" \/>\n<meta property=\"og:url\" content=\"https:\/\/www.cimuka.com\/en\/urun\/t3200-c-combined-egg-incubators\" \/>\n<meta property=\"og:site_name\" content=\"Cimuka Kulu\u00e7ka Makinas\u0131 Garantili Kulu\u00e7ka\" \/>\n<meta property=\"article:modified_time\" content=\"2018-12-27T15:02:49+00:00\" \/>\n<meta property=\"og:image\" content=\"https:\/\/www.cimuka.com\/wp-content\/uploads\/2017\/11\/t3200-600-px-scaled.jpg\" \/>\n\t<meta property=\"og:image:width\" content=\"2560\" \/>\n\t<meta property=\"og:image:height\" content=\"2560\" \/>\n\t<meta property=\"og:image:type\" content=\"image\/jpeg\" \/>\n<meta name=\"twitter:card\" content=\"summary_large_image\" \/>\n<meta name=\"twitter:label1\" content=\"Est. reading time\" \/>\n\t<meta name=\"twitter:data1\" content=\"1 minute\" \/>\n<script type=\"application\/ld+json\" class=\"yoast-schema-graph\">{\"@context\":\"https:\\\/\\\/schema.org\",\"@graph\":[{\"@type\":\"WebPage\",\"@id\":\"https:\\\/\\\/www.cimuka.com\\\/en\\\/urun\\\/t3200-c-combined-egg-incubators\",\"url\":\"https:\\\/\\\/www.cimuka.com\\\/en\\\/urun\\\/t3200-c-combined-egg-incubators\",\"name\":\"T3200 C - Combined Egg Incubators - Cimuka Kulu\u00e7ka Makinas\u0131 Garantili Kulu\u00e7ka\",\"isPartOf\":{\"@id\":\"https:\\\/\\\/www.cimuka.com\\\/#website\"},\"primaryImageOfPage\":{\"@id\":\"https:\\\/\\\/www.cimuka.com\\\/en\\\/urun\\\/t3200-c-combined-egg-incubators#primaryimage\"},\"image\":{\"@id\":\"https:\\\/\\\/www.cimuka.com\\\/en\\\/urun\\\/t3200-c-combined-egg-incubators#primaryimage\"},\"thumbnailUrl\":\"https:\\\/\\\/www.cimuka.com\\\/wp-content\\\/uploads\\\/2017\\\/11\\\/t3200-600-px-scaled.jpg\",\"datePublished\":\"2017-11-10T09:12:09+00:00\",\"dateModified\":\"2018-12-27T15:02:49+00:00\",\"breadcrumb\":{\"@id\":\"https:\\\/\\\/www.cimuka.com\\\/en\\\/urun\\\/t3200-c-combined-egg-incubators#breadcrumb\"},\"inLanguage\":\"en-US\",\"potentialAction\":[{\"@type\":\"ReadAction\",\"target\":[\"https:\\\/\\\/www.cimuka.com\\\/en\\\/urun\\\/t3200-c-combined-egg-incubators\"]}]},{\"@type\":\"ImageObject\",\"inLanguage\":\"en-US\",\"@id\":\"https:\\\/\\\/www.cimuka.com\\\/en\\\/urun\\\/t3200-c-combined-egg-incubators#primaryimage\",\"url\":\"https:\\\/\\\/www.cimuka.com\\\/wp-content\\\/uploads\\\/2017\\\/11\\\/t3200-600-px-scaled.jpg\",\"contentUrl\":\"https:\\\/\\\/www.cimuka.com\\\/wp-content\\\/uploads\\\/2017\\\/11\\\/t3200-600-px-scaled.jpg\",\"width\":2560,\"height\":2560},{\"@type\":\"BreadcrumbList\",\"@id\":\"https:\\\/\\\/www.cimuka.com\\\/en\\\/urun\\\/t3200-c-combined-egg-incubators#breadcrumb\",\"itemListElement\":[{\"@type\":\"ListItem\",\"position\":1,\"name\":\"Ana sayfa\",\"item\":\"https:\\\/\\\/www.cimuka.com\\\/en\"},{\"@type\":\"ListItem\",\"position\":2,\"name\":\"Shop\",\"item\":\"https:\\\/\\\/www.cimuka.com\\\/en\\\/shop\"},{\"@type\":\"ListItem\",\"position\":3,\"name\":\"T3200 C &#8211; Combined Egg Incubators\"}]},{\"@type\":\"WebSite\",\"@id\":\"https:\\\/\\\/www.cimuka.com\\\/#website\",\"url\":\"https:\\\/\\\/www.cimuka.com\\\/\",\"name\":\"Cimuka Kulu\u00e7ka Makinas\u0131 Garantili Kulu\u00e7ka\",\"description\":\"\",\"potentialAction\":[{\"@type\":\"SearchAction\",\"target\":{\"@type\":\"EntryPoint\",\"urlTemplate\":\"https:\\\/\\\/www.cimuka.com\\\/?s={search_term_string}\"},\"query-input\":{\"@type\":\"PropertyValueSpecification\",\"valueRequired\":true,\"valueName\":\"search_term_string\"}}],\"inLanguage\":\"en-US\"}]}<\/script>\n<!-- \/ Yoast SEO plugin. -->","yoast_head_json":{"title":"T3200 C - Combined Egg Incubators - Cimuka Kulu\u00e7ka Makinas\u0131 Garantili Kulu\u00e7ka","robots":{"index":"index","follow":"follow","max-snippet":"max-snippet:-1","max-image-preview":"max-image-preview:large","max-video-preview":"max-video-preview:-1"},"canonical":"https:\/\/www.cimuka.com\/en\/urun\/t3200-c-combined-egg-incubators","og_locale":"en_US","og_type":"article","og_title":"T3200 C - Combined Egg Incubators - Cimuka Kulu\u00e7ka Makinas\u0131 Garantili Kulu\u00e7ka","og_description":"T3200 C \u2013 Combined Incubator is used for partial sets with capacity of 2560 setting and 640 hatching. The eggs that are loaded to the setters section in partial sets are transferred to the internal hatching section at the bottom for the last 2-3 days of incubation. Thanks to our range of TR series trays, it can be used for other types of poultry. The fully automatic model is equipped with a fan cooling system against the temperature rise.","og_url":"https:\/\/www.cimuka.com\/en\/urun\/t3200-c-combined-egg-incubators","og_site_name":"Cimuka Kulu\u00e7ka Makinas\u0131 Garantili Kulu\u00e7ka","article_modified_time":"2018-12-27T15:02:49+00:00","og_image":[{"width":2560,"height":2560,"url":"https:\/\/www.cimuka.com\/wp-content\/uploads\/2017\/11\/t3200-600-px-scaled.jpg","type":"image\/jpeg"}],"twitter_card":"summary_large_image","twitter_misc":{"Est. reading time":"1 minute"},"schema":{"@context":"https:\/\/schema.org","@graph":[{"@type":"WebPage","@id":"https:\/\/www.cimuka.com\/en\/urun\/t3200-c-combined-egg-incubators","url":"https:\/\/www.cimuka.com\/en\/urun\/t3200-c-combined-egg-incubators","name":"T3200 C - Combined Egg Incubators - Cimuka Kulu\u00e7ka Makinas\u0131 Garantili Kulu\u00e7ka","isPartOf":{"@id":"https:\/\/www.cimuka.com\/#website"},"primaryImageOfPage":{"@id":"https:\/\/www.cimuka.com\/en\/urun\/t3200-c-combined-egg-incubators#primaryimage"},"image":{"@id":"https:\/\/www.cimuka.com\/en\/urun\/t3200-c-combined-egg-incubators#primaryimage"},"thumbnailUrl":"https:\/\/www.cimuka.com\/wp-content\/uploads\/2017\/11\/t3200-600-px-scaled.jpg","datePublished":"2017-11-10T09:12:09+00:00","dateModified":"2018-12-27T15:02:49+00:00","breadcrumb":{"@id":"https:\/\/www.cimuka.com\/en\/urun\/t3200-c-combined-egg-incubators#breadcrumb"},"inLanguage":"en-US","potentialAction":[{"@type":"ReadAction","target":["https:\/\/www.cimuka.com\/en\/urun\/t3200-c-combined-egg-incubators"]}]},{"@type":"ImageObject","inLanguage":"en-US","@id":"https:\/\/www.cimuka.com\/en\/urun\/t3200-c-combined-egg-incubators#primaryimage","url":"https:\/\/www.cimuka.com\/wp-content\/uploads\/2017\/11\/t3200-600-px-scaled.jpg","contentUrl":"https:\/\/www.cimuka.com\/wp-content\/uploads\/2017\/11\/t3200-600-px-scaled.jpg","width":2560,"height":2560},{"@type":"BreadcrumbList","@id":"https:\/\/www.cimuka.com\/en\/urun\/t3200-c-combined-egg-incubators#breadcrumb","itemListElement":[{"@type":"ListItem","position":1,"name":"Ana sayfa","item":"https:\/\/www.cimuka.com\/en"},{"@type":"ListItem","position":2,"name":"Shop","item":"https:\/\/www.cimuka.com\/en\/shop"},{"@type":"ListItem","position":3,"name":"T3200 C &#8211; Combined Egg Incubators"}]},{"@type":"WebSite","@id":"https:\/\/www.cimuka.com\/#website","url":"https:\/\/www.cimuka.com\/","name":"Cimuka Kulu\u00e7ka Makinas\u0131 Garantili Kulu\u00e7ka","description":"","potentialAction":[{"@type":"SearchAction","target":{"@type":"EntryPoint","urlTemplate":"https:\/\/www.cimuka.com\/?s={search_term_string}"},"query-input":{"@type":"PropertyValueSpecification","valueRequired":true,"valueName":"search_term_string"}}],"inLanguage":"en-US"}]}},"_links":{"self":[{"href":"https:\/\/www.cimuka.com\/en\/wp-json\/wp\/v2\/product\/2918","targetHints":{"allow":["GET"]}}],"collection":[{"href":"https:\/\/www.cimuka.com\/en\/wp-json\/wp\/v2\/product"}],"about":[{"href":"https:\/\/www.cimuka.com\/en\/wp-json\/wp\/v2\/types\/product"}],"wp:featuredmedia":[{"embeddable":true,"href":"https:\/\/www.cimuka.com\/en\/wp-json\/wp\/v2\/media\/2311"}],"wp:attachment":[{"href":"https:\/\/www.cimuka.com\/en\/wp-json\/wp\/v2\/media?parent=2918"}],"wp:term":[{"taxonomy":"product_brand","embeddable":true,"href":"https:\/\/www.cimuka.com\/en\/wp-json\/wp\/v2\/product_brand?post=2918"},{"taxonomy":"product_cat","embeddable":true,"href":"https:\/\/www.cimuka.com\/en\/wp-json\/wp\/v2\/product_cat?post=2918"},{"taxonomy":"product_tag","embeddable":true,"href":"https:\/\/www.cimuka.com\/en\/wp-json\/wp\/v2\/product_tag?post=2918"}],"curies":[{"name":"wp","href":"https:\/\/api.w.org\/{rel}","templated":true}]}}