{"id":2924,"date":"2017-11-10T12:46:26","date_gmt":"2017-11-10T09:46:26","guid":{"rendered":"http:\/\/www.cimuka.com\/urun\/t2400-sh-kulucka-makinesi-toplu-yukleme-toplu-cikim"},"modified":"2018-12-28T12:48:15","modified_gmt":"2018-12-28T09:48:15","slug":"t2400-sh-egg-incubator-all-in-all-out","status":"publish","type":"product","link":"https:\/\/www.cimuka.com\/en\/urun\/t2400-sh-egg-incubator-all-in-all-out","title":{"rendered":"T2400 SH &#8211; Egg Incubator (all in \/ all out)"},"content":{"rendered":"<p><strong>Incubator Egg Capacity:<\/strong><\/p>\n<table>\n<tbody>\n<tr>\n<td><\/td>\n<td><strong>Hen\u00a0<\/strong><\/td>\n<td><strong>Turkey-Duck<\/strong><\/td>\n<td><strong>Quail\u00a0<\/strong><\/td>\n<td><strong>Partridge\u00a0<\/strong><\/td>\n<td><strong>\u00a0Pheasant<\/strong><\/td>\n<td><strong>Goose-Peacock<\/strong><\/td>\n<\/tr>\n<tr>\n<td><strong>TOTAL<\/strong><\/td>\n<td><strong>2400<\/strong><\/td>\n<td><b>1890<\/b><\/td>\n<td><strong>6240<\/strong><\/td>\n<td><strong>4620<\/strong><\/td>\n<td><strong>3240<\/strong><\/td>\n<td><strong>1200<\/strong><\/td>\n<\/tr>\n<tr>\n<td><strong>Setters<\/strong><\/td>\n<td>2400<\/td>\n<td>1890<\/td>\n<td>6240<\/td>\n<td>4620<\/td>\n<td>3240<\/td>\n<td>1200<\/td>\n<\/tr>\n<tr>\n<td><strong>Hatchers<\/strong><\/td>\n<td>2400<\/td>\n<td>1890<\/td>\n<td>6240<\/td>\n<td>4620<\/td>\n<td>3240<\/td>\n<td>1200<\/td>\n<\/tr>\n<\/tbody>\n<\/table>\n<p><strong>Usage:<\/strong><br \/>\n\u2022 All in &#8211; all out<br \/>\n\u2022 Setter and hatcher trolleys unbound from cabin<\/p>\n<p><strong>Cabin:<\/strong><br \/>\n\u2022 Double walled, high isolation, sandwich panel<br \/>\n\u2022 Eloxal aluminium cabin profiles<br \/>\n\u2022 2 mm evelation for easy cleaning and heat insulation<\/p>\n<p><strong>Ventilation:<\/strong><br \/>\n\u2022\u00a0<strong>Airroute<sup>TM<\/sup><\/strong> ventilation technologie<br \/>\n\u2022 Adjustable ventilation valves<\/p>\n<p><strong>Heating:<\/strong><br \/>\n\u2022 Automatic digital heating control<br \/>\n\u2022 Digital display<br \/>\n\u2022 Stainless heater<\/p>\n<p><strong>Cooler:<\/strong><br \/>\n\u2022 Automatic cooling control<br \/>\n\u2022 Cooling system with ventilation<\/p>\n<p><strong>Humidity:<\/strong><br \/>\n\u2022\u00a0<strong>Humisonic<sup>TM<\/sup><\/strong>\u00a0full automatic humidity system<br \/>\n\u2022 Digital humidity display<br \/>\n\u2022 Humidity tray with rack<br \/>\n\u2022 20Lt water tank<br \/>\n\u2022 Automatic water intake from water tank for humidity<br \/>\n\u2022 Control panel unconnected demountable humidity module<\/p>\n<p><strong>Setter:<\/strong><br \/>\n\u2022\u00a0<strong>TurnX<sup>TM<\/sup><\/strong> automatic egg turning system<br \/>\n\u2022 1 adet TX3S-10 egg incubator setters trolley<br \/>\n\u2022 30 pieces egg incubator setters tray<br \/>\n\u2022 Incubator setters tray options for different poultry species<br \/>\n\u2022 Stainless Chrome-Steel SS304 carrier mechanism<br \/>\n\u2022 Non-Welded Single Piece Curved Table Carriage Floor Form<br \/>\n\u2022 Demountable motor driver, unconnected to the panel<\/p>\n<p><strong>Hatcher:<\/strong><br \/>\n\u2022 1 pieces TCS3-10 \u00a0egg incubator hatchers trolley<br \/>\n\u2022 30 pieces CS80Y hatchers basket<br \/>\n\u2022 Chick hatchery barrier cover on the top floor<\/p>\n<p><strong>Alarm:<\/strong><br \/>\n\u2022 High \u2013 low temperature alarm<br \/>\n\u2022 High low humidity alarm<br \/>\n\u2022 Sensor alarm<\/p>\n<p><strong>Security:<br \/>\n<\/strong>\u2022 High voltage protection for controllers and actuators<br \/>\n\u2022 Fuse protection on all systems<br \/>\n\u2022 Sensorless operating mode<\/p>\n<p><strong>Working voltage \/ Energy consumption:<\/strong><br \/>\n\u2022 230VAC \u00a050Hz \u00a0| typical: \u00a0W | maximum: \u00a0W<\/p>\n","protected":false},"excerpt":{"rendered":"<p>T2400 SHegg incubator is offered together with TX3S-10 egg incubator setters trolley and \u00a0TCS3-10 egg incubator hatchers trolley. Our model with the capacity of 2400 chicken eggs, can also be used for other types of poultry thanks to the TR series tray types. Thanks to the unbounded setters and hatcher trolleys, the cabin can be used for setters as well as hatchery processes. The fully automatic model is equipped with a fan cooling system against the temperature rise.<\/p>\n","protected":false},"featured_media":2309,"template":"","meta":{"rs_blank_template":"","rs_page_bg_color":"","slide_template_v7":""},"product_brand":[],"product_cat":[102],"product_tag":[],"class_list":{"0":"post-2924","1":"product","2":"type-product","3":"status-publish","4":"has-post-thumbnail","6":"product_cat-t-sh-egg-incubators","8":"first","9":"instock","10":"shipping-taxable","11":"product-type-simple"},"yoast_head":"<!-- This site is optimized with the Yoast SEO plugin v27.5 - https:\/\/yoast.com\/product\/yoast-seo-wordpress\/ -->\n<title>T2400 SH - Egg Incubator (all in \/ all out) - Cimuka Kulu\u00e7ka Makinas\u0131 Garantili Kulu\u00e7ka<\/title>\n<meta name=\"robots\" content=\"index, follow, max-snippet:-1, max-image-preview:large, max-video-preview:-1\" \/>\n<link rel=\"canonical\" href=\"https:\/\/www.cimuka.com\/en\/urun\/t2400-sh-egg-incubator-all-in-all-out\" \/>\n<meta property=\"og:locale\" content=\"en_US\" \/>\n<meta property=\"og:type\" content=\"article\" \/>\n<meta property=\"og:title\" content=\"T2400 SH - Egg Incubator (all in \/ all out) - Cimuka Kulu\u00e7ka Makinas\u0131 Garantili Kulu\u00e7ka\" \/>\n<meta property=\"og:description\" content=\"T2400 SHegg incubator is offered together with TX3S-10 egg incubator setters trolley and \u00a0TCS3-10 egg incubator hatchers trolley. Our model with the capacity of 2400 chicken eggs, can also be used for other types of poultry thanks to the TR series tray types. Thanks to the unbounded setters and hatcher trolleys, the cabin can be used for setters as well as hatchery processes. The fully automatic model is equipped with a fan cooling system against the temperature rise.\" \/>\n<meta property=\"og:url\" content=\"https:\/\/www.cimuka.com\/en\/urun\/t2400-sh-egg-incubator-all-in-all-out\" \/>\n<meta property=\"og:site_name\" content=\"Cimuka Kulu\u00e7ka Makinas\u0131 Garantili Kulu\u00e7ka\" \/>\n<meta property=\"article:modified_time\" content=\"2018-12-28T09:48:15+00:00\" \/>\n<meta property=\"og:image\" content=\"https:\/\/www.cimuka.com\/wp-content\/uploads\/2017\/11\/T2400-sh.jpg\" \/>\n\t<meta property=\"og:image:width\" content=\"600\" \/>\n\t<meta property=\"og:image:height\" content=\"600\" \/>\n\t<meta property=\"og:image:type\" content=\"image\/jpeg\" \/>\n<meta name=\"twitter:card\" content=\"summary_large_image\" \/>\n<meta name=\"twitter:label1\" content=\"Est. reading time\" \/>\n\t<meta name=\"twitter:data1\" content=\"1 minute\" \/>\n<script type=\"application\/ld+json\" class=\"yoast-schema-graph\">{\"@context\":\"https:\\\/\\\/schema.org\",\"@graph\":[{\"@type\":\"WebPage\",\"@id\":\"https:\\\/\\\/www.cimuka.com\\\/en\\\/urun\\\/t2400-sh-egg-incubator-all-in-all-out\",\"url\":\"https:\\\/\\\/www.cimuka.com\\\/en\\\/urun\\\/t2400-sh-egg-incubator-all-in-all-out\",\"name\":\"T2400 SH - Egg Incubator (all in \\\/ all out) - Cimuka Kulu\u00e7ka Makinas\u0131 Garantili Kulu\u00e7ka\",\"isPartOf\":{\"@id\":\"https:\\\/\\\/www.cimuka.com\\\/#website\"},\"primaryImageOfPage\":{\"@id\":\"https:\\\/\\\/www.cimuka.com\\\/en\\\/urun\\\/t2400-sh-egg-incubator-all-in-all-out#primaryimage\"},\"image\":{\"@id\":\"https:\\\/\\\/www.cimuka.com\\\/en\\\/urun\\\/t2400-sh-egg-incubator-all-in-all-out#primaryimage\"},\"thumbnailUrl\":\"https:\\\/\\\/www.cimuka.com\\\/wp-content\\\/uploads\\\/2017\\\/11\\\/T2400-sh.jpg\",\"datePublished\":\"2017-11-10T09:46:26+00:00\",\"dateModified\":\"2018-12-28T09:48:15+00:00\",\"breadcrumb\":{\"@id\":\"https:\\\/\\\/www.cimuka.com\\\/en\\\/urun\\\/t2400-sh-egg-incubator-all-in-all-out#breadcrumb\"},\"inLanguage\":\"en-US\",\"potentialAction\":[{\"@type\":\"ReadAction\",\"target\":[\"https:\\\/\\\/www.cimuka.com\\\/en\\\/urun\\\/t2400-sh-egg-incubator-all-in-all-out\"]}]},{\"@type\":\"ImageObject\",\"inLanguage\":\"en-US\",\"@id\":\"https:\\\/\\\/www.cimuka.com\\\/en\\\/urun\\\/t2400-sh-egg-incubator-all-in-all-out#primaryimage\",\"url\":\"https:\\\/\\\/www.cimuka.com\\\/wp-content\\\/uploads\\\/2017\\\/11\\\/T2400-sh.jpg\",\"contentUrl\":\"https:\\\/\\\/www.cimuka.com\\\/wp-content\\\/uploads\\\/2017\\\/11\\\/T2400-sh.jpg\",\"width\":600,\"height\":600},{\"@type\":\"BreadcrumbList\",\"@id\":\"https:\\\/\\\/www.cimuka.com\\\/en\\\/urun\\\/t2400-sh-egg-incubator-all-in-all-out#breadcrumb\",\"itemListElement\":[{\"@type\":\"ListItem\",\"position\":1,\"name\":\"Ana sayfa\",\"item\":\"https:\\\/\\\/www.cimuka.com\\\/en\"},{\"@type\":\"ListItem\",\"position\":2,\"name\":\"Shop\",\"item\":\"https:\\\/\\\/www.cimuka.com\\\/en\\\/shop\"},{\"@type\":\"ListItem\",\"position\":3,\"name\":\"T2400 SH &#8211; Egg Incubator (all in \\\/ all out)\"}]},{\"@type\":\"WebSite\",\"@id\":\"https:\\\/\\\/www.cimuka.com\\\/#website\",\"url\":\"https:\\\/\\\/www.cimuka.com\\\/\",\"name\":\"Cimuka Kulu\u00e7ka Makinas\u0131 Garantili Kulu\u00e7ka\",\"description\":\"\",\"potentialAction\":[{\"@type\":\"SearchAction\",\"target\":{\"@type\":\"EntryPoint\",\"urlTemplate\":\"https:\\\/\\\/www.cimuka.com\\\/?s={search_term_string}\"},\"query-input\":{\"@type\":\"PropertyValueSpecification\",\"valueRequired\":true,\"valueName\":\"search_term_string\"}}],\"inLanguage\":\"en-US\"}]}<\/script>\n<!-- \/ Yoast SEO plugin. -->","yoast_head_json":{"title":"T2400 SH - Egg Incubator (all in \/ all out) - Cimuka Kulu\u00e7ka Makinas\u0131 Garantili Kulu\u00e7ka","robots":{"index":"index","follow":"follow","max-snippet":"max-snippet:-1","max-image-preview":"max-image-preview:large","max-video-preview":"max-video-preview:-1"},"canonical":"https:\/\/www.cimuka.com\/en\/urun\/t2400-sh-egg-incubator-all-in-all-out","og_locale":"en_US","og_type":"article","og_title":"T2400 SH - Egg Incubator (all in \/ all out) - Cimuka Kulu\u00e7ka Makinas\u0131 Garantili Kulu\u00e7ka","og_description":"T2400 SHegg incubator is offered together with TX3S-10 egg incubator setters trolley and \u00a0TCS3-10 egg incubator hatchers trolley. Our model with the capacity of 2400 chicken eggs, can also be used for other types of poultry thanks to the TR series tray types. Thanks to the unbounded setters and hatcher trolleys, the cabin can be used for setters as well as hatchery processes. The fully automatic model is equipped with a fan cooling system against the temperature rise.","og_url":"https:\/\/www.cimuka.com\/en\/urun\/t2400-sh-egg-incubator-all-in-all-out","og_site_name":"Cimuka Kulu\u00e7ka Makinas\u0131 Garantili Kulu\u00e7ka","article_modified_time":"2018-12-28T09:48:15+00:00","og_image":[{"width":600,"height":600,"url":"https:\/\/www.cimuka.com\/wp-content\/uploads\/2017\/11\/T2400-sh.jpg","type":"image\/jpeg"}],"twitter_card":"summary_large_image","twitter_misc":{"Est. reading time":"1 minute"},"schema":{"@context":"https:\/\/schema.org","@graph":[{"@type":"WebPage","@id":"https:\/\/www.cimuka.com\/en\/urun\/t2400-sh-egg-incubator-all-in-all-out","url":"https:\/\/www.cimuka.com\/en\/urun\/t2400-sh-egg-incubator-all-in-all-out","name":"T2400 SH - Egg Incubator (all in \/ all out) - Cimuka Kulu\u00e7ka Makinas\u0131 Garantili Kulu\u00e7ka","isPartOf":{"@id":"https:\/\/www.cimuka.com\/#website"},"primaryImageOfPage":{"@id":"https:\/\/www.cimuka.com\/en\/urun\/t2400-sh-egg-incubator-all-in-all-out#primaryimage"},"image":{"@id":"https:\/\/www.cimuka.com\/en\/urun\/t2400-sh-egg-incubator-all-in-all-out#primaryimage"},"thumbnailUrl":"https:\/\/www.cimuka.com\/wp-content\/uploads\/2017\/11\/T2400-sh.jpg","datePublished":"2017-11-10T09:46:26+00:00","dateModified":"2018-12-28T09:48:15+00:00","breadcrumb":{"@id":"https:\/\/www.cimuka.com\/en\/urun\/t2400-sh-egg-incubator-all-in-all-out#breadcrumb"},"inLanguage":"en-US","potentialAction":[{"@type":"ReadAction","target":["https:\/\/www.cimuka.com\/en\/urun\/t2400-sh-egg-incubator-all-in-all-out"]}]},{"@type":"ImageObject","inLanguage":"en-US","@id":"https:\/\/www.cimuka.com\/en\/urun\/t2400-sh-egg-incubator-all-in-all-out#primaryimage","url":"https:\/\/www.cimuka.com\/wp-content\/uploads\/2017\/11\/T2400-sh.jpg","contentUrl":"https:\/\/www.cimuka.com\/wp-content\/uploads\/2017\/11\/T2400-sh.jpg","width":600,"height":600},{"@type":"BreadcrumbList","@id":"https:\/\/www.cimuka.com\/en\/urun\/t2400-sh-egg-incubator-all-in-all-out#breadcrumb","itemListElement":[{"@type":"ListItem","position":1,"name":"Ana sayfa","item":"https:\/\/www.cimuka.com\/en"},{"@type":"ListItem","position":2,"name":"Shop","item":"https:\/\/www.cimuka.com\/en\/shop"},{"@type":"ListItem","position":3,"name":"T2400 SH &#8211; Egg Incubator (all in \/ all out)"}]},{"@type":"WebSite","@id":"https:\/\/www.cimuka.com\/#website","url":"https:\/\/www.cimuka.com\/","name":"Cimuka Kulu\u00e7ka Makinas\u0131 Garantili Kulu\u00e7ka","description":"","potentialAction":[{"@type":"SearchAction","target":{"@type":"EntryPoint","urlTemplate":"https:\/\/www.cimuka.com\/?s={search_term_string}"},"query-input":{"@type":"PropertyValueSpecification","valueRequired":true,"valueName":"search_term_string"}}],"inLanguage":"en-US"}]}},"_links":{"self":[{"href":"https:\/\/www.cimuka.com\/en\/wp-json\/wp\/v2\/product\/2924","targetHints":{"allow":["GET"]}}],"collection":[{"href":"https:\/\/www.cimuka.com\/en\/wp-json\/wp\/v2\/product"}],"about":[{"href":"https:\/\/www.cimuka.com\/en\/wp-json\/wp\/v2\/types\/product"}],"wp:featuredmedia":[{"embeddable":true,"href":"https:\/\/www.cimuka.com\/en\/wp-json\/wp\/v2\/media\/2309"}],"wp:attachment":[{"href":"https:\/\/www.cimuka.com\/en\/wp-json\/wp\/v2\/media?parent=2924"}],"wp:term":[{"taxonomy":"product_brand","embeddable":true,"href":"https:\/\/www.cimuka.com\/en\/wp-json\/wp\/v2\/product_brand?post=2924"},{"taxonomy":"product_cat","embeddable":true,"href":"https:\/\/www.cimuka.com\/en\/wp-json\/wp\/v2\/product_cat?post=2924"},{"taxonomy":"product_tag","embeddable":true,"href":"https:\/\/www.cimuka.com\/en\/wp-json\/wp\/v2\/product_tag?post=2924"}],"curies":[{"name":"wp","href":"https:\/\/api.w.org\/{rel}","templated":true}]}}