{"id":2936,"date":"2017-11-10T13:16:11","date_gmt":"2017-11-10T10:16:11","guid":{"rendered":"http:\/\/www.cimuka.com\/urun\/t960-s-kulucka-gelisim-makinesi"},"modified":"2019-01-09T17:02:08","modified_gmt":"2019-01-09T14:02:08","slug":"t960-s-egg-incubator-setter","status":"publish","type":"product","link":"https:\/\/www.cimuka.com\/en\/urun\/t960-s-egg-incubator-setter","title":{"rendered":"T960 S &#8211; Egg Incubator Setter"},"content":{"rendered":"<p><strong>Incubator Egg Capacity:<\/strong><\/p>\n<table>\n<tbody>\n<tr>\n<td><\/td>\n<td><strong>Hen\u00a0<\/strong><\/td>\n<td><strong>Turkey-Duck<\/strong><\/td>\n<td><strong>Quail\u00a0<\/strong><\/td>\n<td><strong>Partridge\u00a0<\/strong><\/td>\n<td><strong>\u00a0Pheasant<\/strong><\/td>\n<td><strong>Goose-Peacock<\/strong><\/td>\n<td><strong>Ostrich*<\/strong><\/td>\n<\/tr>\n<tr>\n<td><strong>TOTAL<\/strong><\/td>\n<td><strong>960<\/strong><\/td>\n<td><b>756<\/b><\/td>\n<td><strong>2496<\/strong><\/td>\n<td><strong>1848<\/strong><\/td>\n<td><strong>1296<\/strong><\/td>\n<td><strong>480<\/strong><\/td>\n<td><strong>36<\/strong><\/td>\n<\/tr>\n<tr>\n<td><strong>Setter<\/strong><\/td>\n<td>960<\/td>\n<td>756<\/td>\n<td>2496<\/td>\n<td>1848<\/td>\n<td>1296<\/td>\n<td>480<\/td>\n<td>36<\/td>\n<\/tr>\n<tr>\n<td><strong>Hatcher<\/strong><\/td>\n<td>&#8211;<\/td>\n<td>&#8211;<\/td>\n<td>&#8211;<\/td>\n<td>&#8211;<\/td>\n<td>&#8211;<\/td>\n<td>&#8211;<\/td>\n<td><\/td>\n<\/tr>\n<\/tbody>\n<\/table>\n<p>* In ostrich hatching, the dehumidification module must be added to lower the cabin humidity.<\/p>\n<p><strong>Usage:<\/strong><br \/>\n\u2022 Egg Incubator \u00a0Setter<br \/>\n\u2022 Used until the last 3 days of incubation.<\/p>\n<p><strong>Cabin:<\/strong><br \/>\n\u2022 Double walled, high isolation, sandwich panel<br \/>\n\u2022 Double door design, 2nd door for back cleaning and service<br \/>\n\u2022 Eloxal aluminium cabin profiles<br \/>\n\u2022\u00a0Lockable double wheel for easy movement<\/p>\n<p><strong>Ventilation:<\/strong><br \/>\n\u2022\u00a0<strong>Airroute<sup>TM<\/sup><\/strong> ventilation technologie,<br \/>\n\u2022 Adjustable ventilation valves<\/p>\n<p><strong>Heating:<\/strong><br \/>\n\u2022 Automatic digital temperature control,<br \/>\n\u2022 Digital display<br \/>\n\u2022 Stainless heater<\/p>\n<p><strong>Cooling:<\/strong><br \/>\n\u2022 Automatic cooling control,<br \/>\n\u2022\u00a0Fan cooling system<\/p>\n<p><strong>Humidity:<\/strong><br \/>\n\u2022\u00a0<strong>Humisonic<sup>TM<\/sup><\/strong> full automatic humidity system<br \/>\n\u2022 Digital humidity display<br \/>\n\u2022 Humidity tray with rack<br \/>\n\u2022 20 lt water tank<br \/>\n\u2022 Automatic water intake from the water tank for humidification<br \/>\n\u2022 Control panel independent detachable humidifier module<\/p>\n<p><strong>Setter:<\/strong><br \/>\n\u2022\u00a0<strong>TurnX<sup>TM<\/sup><\/strong>\u00a0automatic turning system<br \/>\n\u2022 12 pieces egg incubator setter tray<br \/>\n\u2022 Setter tray options for different poultry species<br \/>\n\u2022 Stainless Chrome-Steel SS304 carrier mechanism<br \/>\n\u2022 Weldless single piece curved tray carrier layer form<br \/>\n\u2022 Detachable motor driver independent from the panel<\/p>\n<p><strong>Alarm:<\/strong><br \/>\n\u2022 High \u2013 low temperature alarm<br \/>\n\u2022 High low humidity alarm<br \/>\n\u2022 Sensor alarm<\/p>\n<p><strong>Security:<br \/>\n<\/strong>\u2022 High voltage protection for controllers and actuators<br \/>\n\u2022 Fuse protection on all systems<br \/>\n\u2022 Sensorless operating mode<\/p>\n<p><strong>Working voltage \/ Energy consumption:<\/strong><br \/>\n\u2022 230VAC \u00a050Hz \u00a0| typical: \u00a0W | maximum: \u00a0W<\/p>\n","protected":false},"excerpt":{"rendered":"<p>T960 S &#8211; Egg Incubator Setters model is used until the last 3 days of incubation. It should be used with a separate incubator hatcher model. Our model with the capacity of 960 chicken eggs, can also be used for other types of poultry thanks to the TR series tray types. The fully automatic model is equipped with a fan cooling system against the temperature rise.<\/p>\n","protected":false},"featured_media":2320,"template":"","meta":{"rs_blank_template":"","rs_page_bg_color":"","slide_template_v7":""},"product_brand":[],"product_cat":[101],"product_tag":[],"class_list":{"0":"post-2936","1":"product","2":"type-product","3":"status-publish","4":"has-post-thumbnail","6":"product_cat-t-s-egg-setters-incubators","8":"first","9":"instock","10":"shipping-taxable","11":"product-type-simple"},"yoast_head":"<!-- This site is optimized with the Yoast SEO plugin v27.4 - https:\/\/yoast.com\/product\/yoast-seo-wordpress\/ -->\n<title>T960 S - Egg Incubator Setter - Cimuka Kulu\u00e7ka Makinas\u0131 Garantili Kulu\u00e7ka<\/title>\n<meta name=\"robots\" content=\"index, follow, max-snippet:-1, max-image-preview:large, max-video-preview:-1\" \/>\n<link rel=\"canonical\" href=\"https:\/\/www.cimuka.com\/en\/urun\/t960-s-egg-incubator-setter\" \/>\n<meta property=\"og:locale\" content=\"en_US\" \/>\n<meta property=\"og:type\" content=\"article\" \/>\n<meta property=\"og:title\" content=\"T960 S - Egg Incubator Setter - Cimuka Kulu\u00e7ka Makinas\u0131 Garantili Kulu\u00e7ka\" \/>\n<meta property=\"og:description\" content=\"T960 S - Egg Incubator Setters model is used until the last 3 days of incubation. It should be used with a separate incubator hatcher model. Our model with the capacity of 960 chicken eggs, can also be used for other types of poultry thanks to the TR series tray types. The fully automatic model is equipped with a fan cooling system against the temperature rise.\" \/>\n<meta property=\"og:url\" content=\"https:\/\/www.cimuka.com\/en\/urun\/t960-s-egg-incubator-setter\" \/>\n<meta property=\"og:site_name\" content=\"Cimuka Kulu\u00e7ka Makinas\u0131 Garantili Kulu\u00e7ka\" \/>\n<meta property=\"article:modified_time\" content=\"2019-01-09T14:02:08+00:00\" \/>\n<meta property=\"og:image\" content=\"https:\/\/www.cimuka.com\/wp-content\/uploads\/2017\/11\/T960S_2016_12-scaled.jpg\" \/>\n\t<meta property=\"og:image:width\" content=\"2560\" \/>\n\t<meta property=\"og:image:height\" content=\"2560\" \/>\n\t<meta property=\"og:image:type\" content=\"image\/jpeg\" \/>\n<meta name=\"twitter:card\" content=\"summary_large_image\" \/>\n<meta name=\"twitter:label1\" content=\"Est. reading time\" \/>\n\t<meta name=\"twitter:data1\" content=\"1 minute\" \/>\n<script type=\"application\/ld+json\" class=\"yoast-schema-graph\">{\"@context\":\"https:\\\/\\\/schema.org\",\"@graph\":[{\"@type\":\"WebPage\",\"@id\":\"https:\\\/\\\/www.cimuka.com\\\/en\\\/urun\\\/t960-s-egg-incubator-setter\",\"url\":\"https:\\\/\\\/www.cimuka.com\\\/en\\\/urun\\\/t960-s-egg-incubator-setter\",\"name\":\"T960 S - Egg Incubator Setter - Cimuka Kulu\u00e7ka Makinas\u0131 Garantili Kulu\u00e7ka\",\"isPartOf\":{\"@id\":\"https:\\\/\\\/www.cimuka.com\\\/#website\"},\"primaryImageOfPage\":{\"@id\":\"https:\\\/\\\/www.cimuka.com\\\/en\\\/urun\\\/t960-s-egg-incubator-setter#primaryimage\"},\"image\":{\"@id\":\"https:\\\/\\\/www.cimuka.com\\\/en\\\/urun\\\/t960-s-egg-incubator-setter#primaryimage\"},\"thumbnailUrl\":\"https:\\\/\\\/www.cimuka.com\\\/wp-content\\\/uploads\\\/2017\\\/11\\\/T960S_2016_12-scaled.jpg\",\"datePublished\":\"2017-11-10T10:16:11+00:00\",\"dateModified\":\"2019-01-09T14:02:08+00:00\",\"breadcrumb\":{\"@id\":\"https:\\\/\\\/www.cimuka.com\\\/en\\\/urun\\\/t960-s-egg-incubator-setter#breadcrumb\"},\"inLanguage\":\"en-US\",\"potentialAction\":[{\"@type\":\"ReadAction\",\"target\":[\"https:\\\/\\\/www.cimuka.com\\\/en\\\/urun\\\/t960-s-egg-incubator-setter\"]}]},{\"@type\":\"ImageObject\",\"inLanguage\":\"en-US\",\"@id\":\"https:\\\/\\\/www.cimuka.com\\\/en\\\/urun\\\/t960-s-egg-incubator-setter#primaryimage\",\"url\":\"https:\\\/\\\/www.cimuka.com\\\/wp-content\\\/uploads\\\/2017\\\/11\\\/T960S_2016_12-scaled.jpg\",\"contentUrl\":\"https:\\\/\\\/www.cimuka.com\\\/wp-content\\\/uploads\\\/2017\\\/11\\\/T960S_2016_12-scaled.jpg\",\"width\":2560,\"height\":2560},{\"@type\":\"BreadcrumbList\",\"@id\":\"https:\\\/\\\/www.cimuka.com\\\/en\\\/urun\\\/t960-s-egg-incubator-setter#breadcrumb\",\"itemListElement\":[{\"@type\":\"ListItem\",\"position\":1,\"name\":\"Ana sayfa\",\"item\":\"https:\\\/\\\/www.cimuka.com\\\/en\"},{\"@type\":\"ListItem\",\"position\":2,\"name\":\"Shop\",\"item\":\"https:\\\/\\\/www.cimuka.com\\\/en\\\/shop\"},{\"@type\":\"ListItem\",\"position\":3,\"name\":\"T960 S &#8211; Egg Incubator Setter\"}]},{\"@type\":\"WebSite\",\"@id\":\"https:\\\/\\\/www.cimuka.com\\\/#website\",\"url\":\"https:\\\/\\\/www.cimuka.com\\\/\",\"name\":\"Cimuka Kulu\u00e7ka Makinas\u0131 Garantili Kulu\u00e7ka\",\"description\":\"\",\"potentialAction\":[{\"@type\":\"SearchAction\",\"target\":{\"@type\":\"EntryPoint\",\"urlTemplate\":\"https:\\\/\\\/www.cimuka.com\\\/?s={search_term_string}\"},\"query-input\":{\"@type\":\"PropertyValueSpecification\",\"valueRequired\":true,\"valueName\":\"search_term_string\"}}],\"inLanguage\":\"en-US\"}]}<\/script>\n<!-- \/ Yoast SEO plugin. -->","yoast_head_json":{"title":"T960 S - Egg Incubator Setter - Cimuka Kulu\u00e7ka Makinas\u0131 Garantili Kulu\u00e7ka","robots":{"index":"index","follow":"follow","max-snippet":"max-snippet:-1","max-image-preview":"max-image-preview:large","max-video-preview":"max-video-preview:-1"},"canonical":"https:\/\/www.cimuka.com\/en\/urun\/t960-s-egg-incubator-setter","og_locale":"en_US","og_type":"article","og_title":"T960 S - Egg Incubator Setter - Cimuka Kulu\u00e7ka Makinas\u0131 Garantili Kulu\u00e7ka","og_description":"T960 S - Egg Incubator Setters model is used until the last 3 days of incubation. It should be used with a separate incubator hatcher model. Our model with the capacity of 960 chicken eggs, can also be used for other types of poultry thanks to the TR series tray types. The fully automatic model is equipped with a fan cooling system against the temperature rise.","og_url":"https:\/\/www.cimuka.com\/en\/urun\/t960-s-egg-incubator-setter","og_site_name":"Cimuka Kulu\u00e7ka Makinas\u0131 Garantili Kulu\u00e7ka","article_modified_time":"2019-01-09T14:02:08+00:00","og_image":[{"width":2560,"height":2560,"url":"https:\/\/www.cimuka.com\/wp-content\/uploads\/2017\/11\/T960S_2016_12-scaled.jpg","type":"image\/jpeg"}],"twitter_card":"summary_large_image","twitter_misc":{"Est. reading time":"1 minute"},"schema":{"@context":"https:\/\/schema.org","@graph":[{"@type":"WebPage","@id":"https:\/\/www.cimuka.com\/en\/urun\/t960-s-egg-incubator-setter","url":"https:\/\/www.cimuka.com\/en\/urun\/t960-s-egg-incubator-setter","name":"T960 S - Egg Incubator Setter - Cimuka Kulu\u00e7ka Makinas\u0131 Garantili Kulu\u00e7ka","isPartOf":{"@id":"https:\/\/www.cimuka.com\/#website"},"primaryImageOfPage":{"@id":"https:\/\/www.cimuka.com\/en\/urun\/t960-s-egg-incubator-setter#primaryimage"},"image":{"@id":"https:\/\/www.cimuka.com\/en\/urun\/t960-s-egg-incubator-setter#primaryimage"},"thumbnailUrl":"https:\/\/www.cimuka.com\/wp-content\/uploads\/2017\/11\/T960S_2016_12-scaled.jpg","datePublished":"2017-11-10T10:16:11+00:00","dateModified":"2019-01-09T14:02:08+00:00","breadcrumb":{"@id":"https:\/\/www.cimuka.com\/en\/urun\/t960-s-egg-incubator-setter#breadcrumb"},"inLanguage":"en-US","potentialAction":[{"@type":"ReadAction","target":["https:\/\/www.cimuka.com\/en\/urun\/t960-s-egg-incubator-setter"]}]},{"@type":"ImageObject","inLanguage":"en-US","@id":"https:\/\/www.cimuka.com\/en\/urun\/t960-s-egg-incubator-setter#primaryimage","url":"https:\/\/www.cimuka.com\/wp-content\/uploads\/2017\/11\/T960S_2016_12-scaled.jpg","contentUrl":"https:\/\/www.cimuka.com\/wp-content\/uploads\/2017\/11\/T960S_2016_12-scaled.jpg","width":2560,"height":2560},{"@type":"BreadcrumbList","@id":"https:\/\/www.cimuka.com\/en\/urun\/t960-s-egg-incubator-setter#breadcrumb","itemListElement":[{"@type":"ListItem","position":1,"name":"Ana sayfa","item":"https:\/\/www.cimuka.com\/en"},{"@type":"ListItem","position":2,"name":"Shop","item":"https:\/\/www.cimuka.com\/en\/shop"},{"@type":"ListItem","position":3,"name":"T960 S &#8211; Egg Incubator Setter"}]},{"@type":"WebSite","@id":"https:\/\/www.cimuka.com\/#website","url":"https:\/\/www.cimuka.com\/","name":"Cimuka Kulu\u00e7ka Makinas\u0131 Garantili Kulu\u00e7ka","description":"","potentialAction":[{"@type":"SearchAction","target":{"@type":"EntryPoint","urlTemplate":"https:\/\/www.cimuka.com\/?s={search_term_string}"},"query-input":{"@type":"PropertyValueSpecification","valueRequired":true,"valueName":"search_term_string"}}],"inLanguage":"en-US"}]}},"_links":{"self":[{"href":"https:\/\/www.cimuka.com\/en\/wp-json\/wp\/v2\/product\/2936","targetHints":{"allow":["GET"]}}],"collection":[{"href":"https:\/\/www.cimuka.com\/en\/wp-json\/wp\/v2\/product"}],"about":[{"href":"https:\/\/www.cimuka.com\/en\/wp-json\/wp\/v2\/types\/product"}],"wp:featuredmedia":[{"embeddable":true,"href":"https:\/\/www.cimuka.com\/en\/wp-json\/wp\/v2\/media\/2320"}],"wp:attachment":[{"href":"https:\/\/www.cimuka.com\/en\/wp-json\/wp\/v2\/media?parent=2936"}],"wp:term":[{"taxonomy":"product_brand","embeddable":true,"href":"https:\/\/www.cimuka.com\/en\/wp-json\/wp\/v2\/product_brand?post=2936"},{"taxonomy":"product_cat","embeddable":true,"href":"https:\/\/www.cimuka.com\/en\/wp-json\/wp\/v2\/product_cat?post=2936"},{"taxonomy":"product_tag","embeddable":true,"href":"https:\/\/www.cimuka.com\/en\/wp-json\/wp\/v2\/product_tag?post=2936"}],"curies":[{"name":"wp","href":"https:\/\/api.w.org\/{rel}","templated":true}]}}