{"id":2945,"date":"2017-11-10T13:26:52","date_gmt":"2017-11-10T10:26:52","guid":{"rendered":"http:\/\/www.cimuka.com\/urun\/t1600-h-kulucka-cikim-makinesi"},"modified":"2019-01-09T19:36:10","modified_gmt":"2019-01-09T16:36:10","slug":"t1600-h-egg-incubator-hatcher","status":"publish","type":"product","link":"https:\/\/www.cimuka.com\/en\/urun\/t1600-h-egg-incubator-hatcher","title":{"rendered":"T1600 H &#8211; Egg Incubator Hatcher"},"content":{"rendered":"<p><strong>Egg Incubator Capacity:<\/strong><\/p>\n<table>\n<tbody>\n<tr>\n<td><\/td>\n<td><strong>Hen\u00a0<\/strong><\/td>\n<td><strong>Turkey-Duck<\/strong><\/td>\n<td><strong>Quail\u00a0<\/strong><\/td>\n<td><strong>Partridge\u00a0<\/strong><\/td>\n<td><strong>\u00a0Pheasant<\/strong><\/td>\n<td><strong>Goose-Peacock<\/strong><\/td>\n<td>Ostrich<\/td>\n<\/tr>\n<tr>\n<td><strong>TOTAL<\/strong><\/td>\n<td><strong>1600<\/strong><\/td>\n<td><b>1260<\/b><\/td>\n<td><strong>4160<\/strong><\/td>\n<td><strong>3080<\/strong><\/td>\n<td><strong>2160<\/strong><\/td>\n<td><strong>800<\/strong><\/td>\n<td><strong>60<\/strong><\/td>\n<\/tr>\n<tr>\n<td><strong>Setter<\/strong><\/td>\n<td>&#8211;<\/td>\n<td>&#8211;<\/td>\n<td>&#8211;<\/td>\n<td>&#8211;<\/td>\n<td>&#8211;<\/td>\n<td>&#8211;<\/td>\n<td>&#8211;<\/td>\n<\/tr>\n<tr>\n<td><strong>Hatcher<\/strong><\/td>\n<td>1600<\/td>\n<td>1260<\/td>\n<td>4160<\/td>\n<td>3080<\/td>\n<td>2160<\/td>\n<td>800<\/td>\n<td>60<\/td>\n<\/tr>\n<\/tbody>\n<\/table>\n<p><strong>Usage:<\/strong><br \/>\n\u2022 Egg Incubator \u00a0Setter<br \/>\n\u2022 Used in the last 3 days of incubation.<\/p>\n<p><strong>Cabin:<\/strong><br \/>\n\u2022 Double walled, high isolation, sandwich panel<br \/>\n\u2022 Double door design, 2nd door for back cleaning and service<br \/>\n\u2022 Eloxal aluminium cabin profiles<br \/>\n\u2022\u00a0Lockable double wheel for easy movement<\/p>\n<p><strong>Ventilation:<\/strong><br \/>\n\u2022\u00a0<strong>Airroute<sup>TM<\/sup><\/strong> ventilation technologie,<br \/>\n\u2022 Adjustable ventilation valves<\/p>\n<p><strong>Heating:<\/strong><br \/>\n\u2022 Automatic digital temperature control,<br \/>\n\u2022 Digital display<br \/>\n\u2022 Stainless heater<\/p>\n<p><strong>Cooling:<\/strong><br \/>\n\u2022 Automatic cooling control,<br \/>\n\u2022\u00a0Fan cooling system<\/p>\n<p><strong>Humidity:<\/strong><br \/>\n\u2022\u00a0<strong>Humisonic<sup>TM<\/sup><\/strong> full automatic humidity system<br \/>\n\u2022 Digital humidity display<br \/>\n\u2022 Humidity tray with rack<br \/>\n\u2022 20 lt water tank<br \/>\n\u2022 Automatic water intake from the water tank for humidification<br \/>\n\u2022 Control panel independent detachable humidifier module<\/p>\n<p><strong>Setter:<\/strong><br \/>\n\u2022 20 pieces of CS80Y hatcher basket<br \/>\n\u2022 Hatcher lids for prevending chicks exit<br \/>\n\u2022 Elevated hatch section from the ground for ideal air distribution<\/p>\n<p><strong>Alarm:<\/strong><br \/>\n\u2022 High \u2013 low temperature alarm<br \/>\n\u2022 High low humidity alarm<br \/>\n\u2022 Sensor alarm<\/p>\n<p><strong>Security:<br \/>\n<\/strong>\u2022 High voltage protection for controllers and actuators<br \/>\n\u2022 Fuse protection on all systems<br \/>\n\u2022 Sensorless operating mode<\/p>\n<p><strong>Working voltage \/ Energy consumption:<\/strong><br \/>\n\u2022 230VAC \u00a050Hz \u00a0| typical: \u00a0W | maximum: \u00a0W<\/p>\n","protected":false},"excerpt":{"rendered":"<p>T1600 H &#8211; Egg Incubator Hatcher is used the last 3 days of incubation. Our model with the capacity of 1600 chicken eggs, can also be used for other types of poultry thanks to the TR series tray types. The fully automatic model is equipped with a fan cooling system against the temperature rise.<\/p>\n","protected":false},"featured_media":2303,"template":"","meta":{"rs_blank_template":"","rs_page_bg_color":"","slide_template_v7":""},"product_brand":[],"product_cat":[100],"product_tag":[],"class_list":{"0":"post-2945","1":"product","2":"type-product","3":"status-publish","4":"has-post-thumbnail","6":"product_cat-t-h-egg-hatchery-incubators","8":"first","9":"instock","10":"shipping-taxable","11":"product-type-simple"},"yoast_head":"<!-- This site is optimized with the Yoast SEO plugin v27.5 - https:\/\/yoast.com\/product\/yoast-seo-wordpress\/ -->\n<title>T1600 H - Egg Incubator Hatcher - Cimuka Kulu\u00e7ka Makinas\u0131 Garantili Kulu\u00e7ka<\/title>\n<meta name=\"robots\" content=\"index, follow, max-snippet:-1, max-image-preview:large, max-video-preview:-1\" \/>\n<link rel=\"canonical\" href=\"https:\/\/www.cimuka.com\/en\/urun\/t1600-h-egg-incubator-hatcher\" \/>\n<meta property=\"og:locale\" content=\"en_US\" \/>\n<meta property=\"og:type\" content=\"article\" \/>\n<meta property=\"og:title\" content=\"T1600 H - Egg Incubator Hatcher - Cimuka Kulu\u00e7ka Makinas\u0131 Garantili Kulu\u00e7ka\" \/>\n<meta property=\"og:description\" content=\"T1600 H - Egg Incubator Hatcher is used the last 3 days of incubation. Our model with the capacity of 1600 chicken eggs, can also be used for other types of poultry thanks to the TR series tray types. The fully automatic model is equipped with a fan cooling system against the temperature rise.\" \/>\n<meta property=\"og:url\" content=\"https:\/\/www.cimuka.com\/en\/urun\/t1600-h-egg-incubator-hatcher\" \/>\n<meta property=\"og:site_name\" content=\"Cimuka Kulu\u00e7ka Makinas\u0131 Garantili Kulu\u00e7ka\" \/>\n<meta property=\"article:modified_time\" content=\"2019-01-09T16:36:10+00:00\" \/>\n<meta property=\"og:image\" content=\"https:\/\/www.cimuka.com\/wp-content\/uploads\/2017\/11\/t1600-h.jpg\" \/>\n\t<meta property=\"og:image:width\" content=\"2441\" \/>\n\t<meta property=\"og:image:height\" content=\"2441\" \/>\n\t<meta property=\"og:image:type\" content=\"image\/jpeg\" \/>\n<meta name=\"twitter:card\" content=\"summary_large_image\" \/>\n<meta name=\"twitter:label1\" content=\"Est. reading time\" \/>\n\t<meta name=\"twitter:data1\" content=\"1 minute\" \/>\n<script type=\"application\/ld+json\" class=\"yoast-schema-graph\">{\"@context\":\"https:\\\/\\\/schema.org\",\"@graph\":[{\"@type\":\"WebPage\",\"@id\":\"https:\\\/\\\/www.cimuka.com\\\/en\\\/urun\\\/t1600-h-egg-incubator-hatcher\",\"url\":\"https:\\\/\\\/www.cimuka.com\\\/en\\\/urun\\\/t1600-h-egg-incubator-hatcher\",\"name\":\"T1600 H - Egg Incubator Hatcher - Cimuka Kulu\u00e7ka Makinas\u0131 Garantili Kulu\u00e7ka\",\"isPartOf\":{\"@id\":\"https:\\\/\\\/www.cimuka.com\\\/#website\"},\"primaryImageOfPage\":{\"@id\":\"https:\\\/\\\/www.cimuka.com\\\/en\\\/urun\\\/t1600-h-egg-incubator-hatcher#primaryimage\"},\"image\":{\"@id\":\"https:\\\/\\\/www.cimuka.com\\\/en\\\/urun\\\/t1600-h-egg-incubator-hatcher#primaryimage\"},\"thumbnailUrl\":\"https:\\\/\\\/www.cimuka.com\\\/wp-content\\\/uploads\\\/2017\\\/11\\\/t1600-h.jpg\",\"datePublished\":\"2017-11-10T10:26:52+00:00\",\"dateModified\":\"2019-01-09T16:36:10+00:00\",\"breadcrumb\":{\"@id\":\"https:\\\/\\\/www.cimuka.com\\\/en\\\/urun\\\/t1600-h-egg-incubator-hatcher#breadcrumb\"},\"inLanguage\":\"en-US\",\"potentialAction\":[{\"@type\":\"ReadAction\",\"target\":[\"https:\\\/\\\/www.cimuka.com\\\/en\\\/urun\\\/t1600-h-egg-incubator-hatcher\"]}]},{\"@type\":\"ImageObject\",\"inLanguage\":\"en-US\",\"@id\":\"https:\\\/\\\/www.cimuka.com\\\/en\\\/urun\\\/t1600-h-egg-incubator-hatcher#primaryimage\",\"url\":\"https:\\\/\\\/www.cimuka.com\\\/wp-content\\\/uploads\\\/2017\\\/11\\\/t1600-h.jpg\",\"contentUrl\":\"https:\\\/\\\/www.cimuka.com\\\/wp-content\\\/uploads\\\/2017\\\/11\\\/t1600-h.jpg\",\"width\":2441,\"height\":2441},{\"@type\":\"BreadcrumbList\",\"@id\":\"https:\\\/\\\/www.cimuka.com\\\/en\\\/urun\\\/t1600-h-egg-incubator-hatcher#breadcrumb\",\"itemListElement\":[{\"@type\":\"ListItem\",\"position\":1,\"name\":\"Ana sayfa\",\"item\":\"https:\\\/\\\/www.cimuka.com\\\/en\"},{\"@type\":\"ListItem\",\"position\":2,\"name\":\"Shop\",\"item\":\"https:\\\/\\\/www.cimuka.com\\\/en\\\/shop\"},{\"@type\":\"ListItem\",\"position\":3,\"name\":\"T1600 H &#8211; Egg Incubator Hatcher\"}]},{\"@type\":\"WebSite\",\"@id\":\"https:\\\/\\\/www.cimuka.com\\\/#website\",\"url\":\"https:\\\/\\\/www.cimuka.com\\\/\",\"name\":\"Cimuka Kulu\u00e7ka Makinas\u0131 Garantili Kulu\u00e7ka\",\"description\":\"\",\"potentialAction\":[{\"@type\":\"SearchAction\",\"target\":{\"@type\":\"EntryPoint\",\"urlTemplate\":\"https:\\\/\\\/www.cimuka.com\\\/?s={search_term_string}\"},\"query-input\":{\"@type\":\"PropertyValueSpecification\",\"valueRequired\":true,\"valueName\":\"search_term_string\"}}],\"inLanguage\":\"en-US\"}]}<\/script>\n<!-- \/ Yoast SEO plugin. -->","yoast_head_json":{"title":"T1600 H - Egg Incubator Hatcher - Cimuka Kulu\u00e7ka Makinas\u0131 Garantili Kulu\u00e7ka","robots":{"index":"index","follow":"follow","max-snippet":"max-snippet:-1","max-image-preview":"max-image-preview:large","max-video-preview":"max-video-preview:-1"},"canonical":"https:\/\/www.cimuka.com\/en\/urun\/t1600-h-egg-incubator-hatcher","og_locale":"en_US","og_type":"article","og_title":"T1600 H - Egg Incubator Hatcher - Cimuka Kulu\u00e7ka Makinas\u0131 Garantili Kulu\u00e7ka","og_description":"T1600 H - Egg Incubator Hatcher is used the last 3 days of incubation. Our model with the capacity of 1600 chicken eggs, can also be used for other types of poultry thanks to the TR series tray types. The fully automatic model is equipped with a fan cooling system against the temperature rise.","og_url":"https:\/\/www.cimuka.com\/en\/urun\/t1600-h-egg-incubator-hatcher","og_site_name":"Cimuka Kulu\u00e7ka Makinas\u0131 Garantili Kulu\u00e7ka","article_modified_time":"2019-01-09T16:36:10+00:00","og_image":[{"width":2441,"height":2441,"url":"https:\/\/www.cimuka.com\/wp-content\/uploads\/2017\/11\/t1600-h.jpg","type":"image\/jpeg"}],"twitter_card":"summary_large_image","twitter_misc":{"Est. reading time":"1 minute"},"schema":{"@context":"https:\/\/schema.org","@graph":[{"@type":"WebPage","@id":"https:\/\/www.cimuka.com\/en\/urun\/t1600-h-egg-incubator-hatcher","url":"https:\/\/www.cimuka.com\/en\/urun\/t1600-h-egg-incubator-hatcher","name":"T1600 H - Egg Incubator Hatcher - Cimuka Kulu\u00e7ka Makinas\u0131 Garantili Kulu\u00e7ka","isPartOf":{"@id":"https:\/\/www.cimuka.com\/#website"},"primaryImageOfPage":{"@id":"https:\/\/www.cimuka.com\/en\/urun\/t1600-h-egg-incubator-hatcher#primaryimage"},"image":{"@id":"https:\/\/www.cimuka.com\/en\/urun\/t1600-h-egg-incubator-hatcher#primaryimage"},"thumbnailUrl":"https:\/\/www.cimuka.com\/wp-content\/uploads\/2017\/11\/t1600-h.jpg","datePublished":"2017-11-10T10:26:52+00:00","dateModified":"2019-01-09T16:36:10+00:00","breadcrumb":{"@id":"https:\/\/www.cimuka.com\/en\/urun\/t1600-h-egg-incubator-hatcher#breadcrumb"},"inLanguage":"en-US","potentialAction":[{"@type":"ReadAction","target":["https:\/\/www.cimuka.com\/en\/urun\/t1600-h-egg-incubator-hatcher"]}]},{"@type":"ImageObject","inLanguage":"en-US","@id":"https:\/\/www.cimuka.com\/en\/urun\/t1600-h-egg-incubator-hatcher#primaryimage","url":"https:\/\/www.cimuka.com\/wp-content\/uploads\/2017\/11\/t1600-h.jpg","contentUrl":"https:\/\/www.cimuka.com\/wp-content\/uploads\/2017\/11\/t1600-h.jpg","width":2441,"height":2441},{"@type":"BreadcrumbList","@id":"https:\/\/www.cimuka.com\/en\/urun\/t1600-h-egg-incubator-hatcher#breadcrumb","itemListElement":[{"@type":"ListItem","position":1,"name":"Ana sayfa","item":"https:\/\/www.cimuka.com\/en"},{"@type":"ListItem","position":2,"name":"Shop","item":"https:\/\/www.cimuka.com\/en\/shop"},{"@type":"ListItem","position":3,"name":"T1600 H &#8211; Egg Incubator Hatcher"}]},{"@type":"WebSite","@id":"https:\/\/www.cimuka.com\/#website","url":"https:\/\/www.cimuka.com\/","name":"Cimuka Kulu\u00e7ka Makinas\u0131 Garantili Kulu\u00e7ka","description":"","potentialAction":[{"@type":"SearchAction","target":{"@type":"EntryPoint","urlTemplate":"https:\/\/www.cimuka.com\/?s={search_term_string}"},"query-input":{"@type":"PropertyValueSpecification","valueRequired":true,"valueName":"search_term_string"}}],"inLanguage":"en-US"}]}},"_links":{"self":[{"href":"https:\/\/www.cimuka.com\/en\/wp-json\/wp\/v2\/product\/2945","targetHints":{"allow":["GET"]}}],"collection":[{"href":"https:\/\/www.cimuka.com\/en\/wp-json\/wp\/v2\/product"}],"about":[{"href":"https:\/\/www.cimuka.com\/en\/wp-json\/wp\/v2\/types\/product"}],"wp:featuredmedia":[{"embeddable":true,"href":"https:\/\/www.cimuka.com\/en\/wp-json\/wp\/v2\/media\/2303"}],"wp:attachment":[{"href":"https:\/\/www.cimuka.com\/en\/wp-json\/wp\/v2\/media?parent=2945"}],"wp:term":[{"taxonomy":"product_brand","embeddable":true,"href":"https:\/\/www.cimuka.com\/en\/wp-json\/wp\/v2\/product_brand?post=2945"},{"taxonomy":"product_cat","embeddable":true,"href":"https:\/\/www.cimuka.com\/en\/wp-json\/wp\/v2\/product_cat?post=2945"},{"taxonomy":"product_tag","embeddable":true,"href":"https:\/\/www.cimuka.com\/en\/wp-json\/wp\/v2\/product_tag?post=2945"}],"curies":[{"name":"wp","href":"https:\/\/api.w.org\/{rel}","templated":true}]}}